{"id":2247,"date":"2016-11-28T17:03:02","date_gmt":"2016-11-28T17:03:02","guid":{"rendered":"https:\/\/www.jardinesdesabatini.com\/parking-hotel\/"},"modified":"2019-08-19T16:44:53","modified_gmt":"2019-08-19T16:44:53","slug":"offentliches-parkhaus","status":"publish","type":"page","link":"https:\/\/www.jardinesdesabatini.com\/de\/offentliches-parkhaus\/","title":{"rendered":"\u00d6ffentliches Parkhaus, 24 Stunden, direkt am Hotel"},"content":{"rendered":"<div class=\"block block--fit block--big\">\n<div class=\"container\">\n<header class=\"block-header block-header--border\">\n<h1 class=\"block-header__title\">\u00d6ffentliches Parkhaus, 24 Stunden, direkt am Hotel<\/h1>\n<\/header>\n<article class=\"post\"><span style=\"font-size: 12pt; font-family: georgia, palatino, serif; color: #333333;\">Wenn Sie mit dem Auo nach Madrid kommen, brauchen Sie sich keine Sorgen ums Parken machen. Direkt neben dem Apartosuites Jardines de Sabatini befindet sich ein \u00f6ffentliches Parkhaus, in dem Sie keine Reservierung machen m\u00fcssen, da es \u00fcber Pl\u00e4tze f\u00fcr die bei uns untergebrachten G\u00e4ste verf\u00fcgt.Sie bekommen einen Spezialrabatt von 25 % auf den t\u00e4glichen Tarif des Parkhauses (H\u00f6flichkeit des Hotels). Sie m\u00fcssen sich nur das Parkticket stempeln lassen, wenn Sie an der Hotelrezeption ankommen. Wenn Sie das Parkhaus verlassen, wird man Ihnen den Nachlass am Ticketschalter beim Zahlen gew\u00e4hren. Das Parkhaus erlaubt keine Kartenzahlung.<\/span><span style=\"font-size: 12pt; font-family: georgia, palatino, serif; color: #333333;\">Damit es f\u00fcr Sie bequem ist, gibt es einen direkten Zugang vom Hotel ins zentral gelegene \u00f6ffentliche Parkhaus, was den Koffertransport enorm erleichtert.<\/span><\/p>\n<p><span style=\"font-size: 12pt; font-family: georgia, palatino, serif; color: #333333;\">Das Parkhaus liegt im Zentrum von Madrid, direkt am Hotel, zwischen der Plaza de Espa\u00f1a und der Zugstation Pr\u00edncipe P\u00edo. Es ist das komplette Jahr \u00fcber an allen Tagen ge\u00f6ffnet, es hat grosse Parkfl\u00e4chen, die ein leichtes einparken erm\u00f6glichen. Ausserdem gibt es eine 24-Stunden-\u00dcberwachung. Das Parkhaus ist besonders hoch, was es ideal f\u00fcr Lieferwagen und Wohnmobile macht. Es gibt sogar extra Parkfl\u00e4chen f\u00fcr letztere.<\/span><\/p>\n<p><span style=\"font-size: 12pt; font-family: georgia, palatino, serif; color: #333333;\">Wenn Sie weitre Informationen \u00fcber das Parkhaus w\u00fcnschen, klicken Sie hier<\/span> <span style=\"color: #99cc00;\"><a style=\"color: #99cc00;\" href=\"http:\/\/www.parkingmadridcentro.com\" target=\"_blank\" rel=\"noopener noreferrer\">www.parkingmadridcentro.com<\/a>.<\/span><\/p>\n<\/article>\n<\/div>\n<\/div>\n","protected":false},"excerpt":{"rendered":"<p>\u00d6ffentliches Parkhaus, 24 Stunden, direkt am Hotel Wenn Sie mit dem Auo nach Madrid kommen, brauchen Sie sich keine Sorgen ums Parken machen. Direkt neben dem Apartosuites Jardines de Sabatini befindet sich ein \u00f6ffentliches Parkhaus, in dem Sie keine Reservierung machen m\u00fcssen, da es \u00fcber Pl\u00e4tze f\u00fcr die bei uns untergebrachten G\u00e4ste verf\u00fcgt.Sie bekommen einen [&hellip;]<\/p>\n","protected":false},"author":1,"featured_media":0,"parent":0,"menu_order":0,"comment_status":"closed","ping_status":"closed","template":"template-parking.php","meta":{"_joinchat":[]},"yoast_head":"<!-- This site is optimized with the Yoast SEO plugin v20.13 - https:\/\/yoast.com\/wordpress\/plugins\/seo\/ -->\n<title>\u00d6ffentliches Parkhaus, 24 Stunden, direkt am Hotel |<\/title>\n<meta name=\"description\" content=\"Hotel en el centro de Madrid con servicio de aparcamiento. Parking p\u00fablico colindante con servicio 24 horas. Descuentos por alojarse en el hotel.\" \/>\n<meta name=\"robots\" content=\"index, follow, max-snippet:-1, max-image-preview:large, max-video-preview:-1\" \/>\n<link rel=\"canonical\" href=\"https:\/\/www.jardinesdesabatini.com\/de\/offentliches-parkhaus\/\" \/>\n<meta property=\"og:locale\" content=\"de_DE\" \/>\n<meta property=\"og:type\" content=\"article\" \/>\n<meta property=\"og:title\" content=\"\u00d6ffentliches Parkhaus, 24 Stunden, direkt am Hotel |\" \/>\n<meta property=\"og:description\" content=\"Hotel en el centro de Madrid con servicio de aparcamiento. Parking p\u00fablico colindante con servicio 24 horas. Descuentos por alojarse en el hotel.\" \/>\n<meta property=\"og:url\" content=\"https:\/\/www.jardinesdesabatini.com\/de\/offentliches-parkhaus\/\" \/>\n<meta property=\"article:publisher\" content=\"https:\/\/www.facebook.com\/HotelJardinesDeSabatini\/\" \/>\n<meta property=\"article:modified_time\" content=\"2019-08-19T16:44:53+00:00\" \/>\n<meta name=\"twitter:card\" content=\"summary_large_image\" \/>\n<meta name=\"twitter:label1\" content=\"Gesch\u00e4tzte Lesezeit\" \/>\n\t<meta name=\"twitter:data1\" content=\"1\u00a0Minute\" \/>\n<script type=\"application\/ld+json\" class=\"yoast-schema-graph\">{\"@context\":\"https:\/\/schema.org\",\"@graph\":[{\"@type\":\"WebPage\",\"@id\":\"https:\/\/www.jardinesdesabatini.com\/de\/offentliches-parkhaus\/\",\"url\":\"https:\/\/www.jardinesdesabatini.com\/de\/offentliches-parkhaus\/\",\"name\":\"\u00d6ffentliches Parkhaus, 24 Stunden, direkt am Hotel |\",\"isPartOf\":{\"@id\":\"https:\/\/www.jardinesdesabatini.com\/en\/#website\"},\"datePublished\":\"2016-11-28T17:03:02+00:00\",\"dateModified\":\"2019-08-19T16:44:53+00:00\",\"description\":\"Hotel en el centro de Madrid con servicio de aparcamiento. Parking p\u00fablico colindante con servicio 24 horas. Descuentos por alojarse en el hotel.\",\"breadcrumb\":{\"@id\":\"https:\/\/www.jardinesdesabatini.com\/de\/offentliches-parkhaus\/#breadcrumb\"},\"inLanguage\":\"de\",\"potentialAction\":[{\"@type\":\"ReadAction\",\"target\":[\"https:\/\/www.jardinesdesabatini.com\/de\/offentliches-parkhaus\/\"]}]},{\"@type\":\"BreadcrumbList\",\"@id\":\"https:\/\/www.jardinesdesabatini.com\/de\/offentliches-parkhaus\/#breadcrumb\",\"itemListElement\":[{\"@type\":\"ListItem\",\"position\":1,\"name\":\"Portada\",\"item\":\"https:\/\/www.jardinesdesabatini.com\/de\/\"},{\"@type\":\"ListItem\",\"position\":2,\"name\":\"\u00d6ffentliches Parkhaus, 24 Stunden, direkt am Hotel\"}]},{\"@type\":\"WebSite\",\"@id\":\"https:\/\/www.jardinesdesabatini.com\/en\/#website\",\"url\":\"https:\/\/www.jardinesdesabatini.com\/en\/\",\"name\":\"\",\"description\":\"Alojamiento en Madrid\",\"publisher\":{\"@id\":\"https:\/\/www.jardinesdesabatini.com\/en\/#organization\"},\"potentialAction\":[{\"@type\":\"SearchAction\",\"target\":{\"@type\":\"EntryPoint\",\"urlTemplate\":\"https:\/\/www.jardinesdesabatini.com\/en\/?s={search_term_string}\"},\"query-input\":\"required name=search_term_string\"}],\"inLanguage\":\"de\"},{\"@type\":\"Organization\",\"@id\":\"https:\/\/www.jardinesdesabatini.com\/en\/#organization\",\"name\":\"Jardines de Sabatini Apartosuites\",\"url\":\"https:\/\/www.jardinesdesabatini.com\/en\/\",\"logo\":{\"@type\":\"ImageObject\",\"inLanguage\":\"de\",\"@id\":\"https:\/\/www.jardinesdesabatini.com\/en\/#\/schema\/logo\/image\/\",\"url\":\"https:\/\/www.jardinesdesabatini.com\/wp-content\/uploads\/2016\/11\/Logo-Verde.png\",\"contentUrl\":\"https:\/\/www.jardinesdesabatini.com\/wp-content\/uploads\/2016\/11\/Logo-Verde.png\",\"width\":500,\"height\":310,\"caption\":\"Jardines de Sabatini Apartosuites\"},\"image\":{\"@id\":\"https:\/\/www.jardinesdesabatini.com\/en\/#\/schema\/logo\/image\/\"},\"sameAs\":[\"https:\/\/www.facebook.com\/HotelJardinesDeSabatini\/\",\"https:\/\/www.instagram.com\/hotelsabatini\/\",\"https:\/\/www.linkedin.com\/company\/apartosuites-jardines-de-sabatini\",\"https:\/\/www.youtube.com\/user\/ApartosuitesJdeS\"]}]}<\/script>\n<!-- \/ Yoast SEO plugin. -->","yoast_head_json":{"title":"\u00d6ffentliches Parkhaus, 24 Stunden, direkt am Hotel |","description":"Hotel en el centro de Madrid con servicio de aparcamiento. Parking p\u00fablico colindante con servicio 24 horas. Descuentos por alojarse en el hotel.","robots":{"index":"index","follow":"follow","max-snippet":"max-snippet:-1","max-image-preview":"max-image-preview:large","max-video-preview":"max-video-preview:-1"},"canonical":"https:\/\/www.jardinesdesabatini.com\/de\/offentliches-parkhaus\/","og_locale":"de_DE","og_type":"article","og_title":"\u00d6ffentliches Parkhaus, 24 Stunden, direkt am Hotel |","og_description":"Hotel en el centro de Madrid con servicio de aparcamiento. Parking p\u00fablico colindante con servicio 24 horas. Descuentos por alojarse en el hotel.","og_url":"https:\/\/www.jardinesdesabatini.com\/de\/offentliches-parkhaus\/","article_publisher":"https:\/\/www.facebook.com\/HotelJardinesDeSabatini\/","article_modified_time":"2019-08-19T16:44:53+00:00","twitter_card":"summary_large_image","twitter_misc":{"Gesch\u00e4tzte Lesezeit":"1\u00a0Minute"},"schema":{"@context":"https:\/\/schema.org","@graph":[{"@type":"WebPage","@id":"https:\/\/www.jardinesdesabatini.com\/de\/offentliches-parkhaus\/","url":"https:\/\/www.jardinesdesabatini.com\/de\/offentliches-parkhaus\/","name":"\u00d6ffentliches Parkhaus, 24 Stunden, direkt am Hotel |","isPartOf":{"@id":"https:\/\/www.jardinesdesabatini.com\/en\/#website"},"datePublished":"2016-11-28T17:03:02+00:00","dateModified":"2019-08-19T16:44:53+00:00","description":"Hotel en el centro de Madrid con servicio de aparcamiento. Parking p\u00fablico colindante con servicio 24 horas. Descuentos por alojarse en el hotel.","breadcrumb":{"@id":"https:\/\/www.jardinesdesabatini.com\/de\/offentliches-parkhaus\/#breadcrumb"},"inLanguage":"de","potentialAction":[{"@type":"ReadAction","target":["https:\/\/www.jardinesdesabatini.com\/de\/offentliches-parkhaus\/"]}]},{"@type":"BreadcrumbList","@id":"https:\/\/www.jardinesdesabatini.com\/de\/offentliches-parkhaus\/#breadcrumb","itemListElement":[{"@type":"ListItem","position":1,"name":"Portada","item":"https:\/\/www.jardinesdesabatini.com\/de\/"},{"@type":"ListItem","position":2,"name":"\u00d6ffentliches Parkhaus, 24 Stunden, direkt am Hotel"}]},{"@type":"WebSite","@id":"https:\/\/www.jardinesdesabatini.com\/en\/#website","url":"https:\/\/www.jardinesdesabatini.com\/en\/","name":"","description":"Alojamiento en Madrid","publisher":{"@id":"https:\/\/www.jardinesdesabatini.com\/en\/#organization"},"potentialAction":[{"@type":"SearchAction","target":{"@type":"EntryPoint","urlTemplate":"https:\/\/www.jardinesdesabatini.com\/en\/?s={search_term_string}"},"query-input":"required name=search_term_string"}],"inLanguage":"de"},{"@type":"Organization","@id":"https:\/\/www.jardinesdesabatini.com\/en\/#organization","name":"Jardines de Sabatini Apartosuites","url":"https:\/\/www.jardinesdesabatini.com\/en\/","logo":{"@type":"ImageObject","inLanguage":"de","@id":"https:\/\/www.jardinesdesabatini.com\/en\/#\/schema\/logo\/image\/","url":"https:\/\/www.jardinesdesabatini.com\/wp-content\/uploads\/2016\/11\/Logo-Verde.png","contentUrl":"https:\/\/www.jardinesdesabatini.com\/wp-content\/uploads\/2016\/11\/Logo-Verde.png","width":500,"height":310,"caption":"Jardines de Sabatini Apartosuites"},"image":{"@id":"https:\/\/www.jardinesdesabatini.com\/en\/#\/schema\/logo\/image\/"},"sameAs":["https:\/\/www.facebook.com\/HotelJardinesDeSabatini\/","https:\/\/www.instagram.com\/hotelsabatini\/","https:\/\/www.linkedin.com\/company\/apartosuites-jardines-de-sabatini","https:\/\/www.youtube.com\/user\/ApartosuitesJdeS"]}]}},"_links":{"self":[{"href":"https:\/\/www.jardinesdesabatini.com\/de\/wp-json\/wp\/v2\/pages\/2247"}],"collection":[{"href":"https:\/\/www.jardinesdesabatini.com\/de\/wp-json\/wp\/v2\/pages"}],"about":[{"href":"https:\/\/www.jardinesdesabatini.com\/de\/wp-json\/wp\/v2\/types\/page"}],"author":[{"embeddable":true,"href":"https:\/\/www.jardinesdesabatini.com\/de\/wp-json\/wp\/v2\/users\/1"}],"replies":[{"embeddable":true,"href":"https:\/\/www.jardinesdesabatini.com\/de\/wp-json\/wp\/v2\/comments?post=2247"}],"version-history":[{"count":6,"href":"https:\/\/www.jardinesdesabatini.com\/de\/wp-json\/wp\/v2\/pages\/2247\/revisions"}],"predecessor-version":[{"id":3869,"href":"https:\/\/www.jardinesdesabatini.com\/de\/wp-json\/wp\/v2\/pages\/2247\/revisions\/3869"}],"wp:attachment":[{"href":"https:\/\/www.jardinesdesabatini.com\/de\/wp-json\/wp\/v2\/media?parent=2247"}],"curies":[{"name":"wp","href":"https:\/\/api.w.org\/{rel}","templated":true}]}}