{"id":2252,"date":"2016-11-28T15:32:16","date_gmt":"2016-11-28T15:32:16","guid":{"rendered":"https:\/\/www.jardinesdesabatini.com\/donde\/"},"modified":"2020-02-11T21:42:32","modified_gmt":"2020-02-11T21:42:32","slug":"lage","status":"publish","type":"page","link":"https:\/\/www.jardinesdesabatini.com\/de\/lage\/","title":{"rendered":"Lage"},"content":{"rendered":"<div class=\"block no-pt\">\n<div class=\"container container--fluid\">\n<div class=\"row center-xs\">\n<div class=\"widget-points__col col-xxl-3 col-lg-4 col-sm-6\">\n<section class=\"widget-points\">\n<figure class=\"widget-points__figure\" style=\"background-image:url(https:\/\/www.jardinesdesabatini.com\/wp-content\/themes\/sabatini\/images\/donde\/points\/point-1.jpg)\">\n<h3 class=\"widget-points__title\">K\u00d6NIGSPALAST<\/h3>\n<div class=\"widget-points__distance\">\n\t\t\t\t\t\t\t\t\t<i class=\"seres-icon seres-icon--walking\"><\/i><\/p>\n<p class=\"widget-points__distance-title\">5 Minuten<\/p>\n<\/p><\/div>\n<\/figure>\n<article class=\"widget-points__content post post--min\">\n<p>\n\t\t\t\t\t\t\t\t\t<strong><em>Lage:<\/em><\/strong> Plaza de Oriente. Madrid.\n\t\t\t\t\t\t\t\t<\/p>\n<p>Im 18. Jh. wurde er gebaut, um den spanischen K\u00f6nigen als Residenz zu dienen. Es handelt sich mit 3.418 Zimmern um den gr\u00f6ssten Palast Westeuropas. Heutzutage wird er f\u00fcr Staatsempf\u00e4nge genutzt, da die aktuellen K\u00f6nige nicht mehr darin wohnen.<\/p>\n<p><strong>Unsere Empfehlung:<\/strong> Die feierlichste Wachabl\u00f6sung findet jeden ersten Mittwoch des Monats statt. Es gibt andere Wachabl\u00f6sungen jeden Mittwoch und Samstag, bis auf Aufnahmen bei offiziellen Staatsakten.<\/p>\n<\/article>\n<\/section><\/div>\n<div class=\"widget-points__col col-xxl-3 col-lg-4 col-sm-6\">\n<section class=\"widget-points\">\n<figure class=\"widget-points__figure\" style=\"background-image:url(https:\/\/www.jardinesdesabatini.com\/wp-content\/themes\/sabatini\/images\/donde\/points\/point-2.jpg)\">\n<h3 class=\"widget-points__title\">almudena kathedrale<\/h3>\n<div class=\"widget-points__distance\">\n\t\t\t\t\t\t\t\t\t<i class=\"seres-icon seres-icon--walking\"><\/i><\/p>\n<p class=\"widget-points__distance-title\">7 minuten<\/p>\n<\/p><\/div>\n<\/figure>\n<article class=\"widget-points__content post post--min\">\n<p>\n\t\t\t\t\t\t\t\t\t<strong><em>Lage:<\/em><\/strong> Plaza de la Almudena. Madrid.\n\t\t\t\t\t\t\t\t<\/p>\n<p>Die Kathedrale hat Ihren Namen von der Jungfrau \u201cAlmudena\u201c, Stadtpatronin von Madrid. Sie befindet sich direkt beim K\u00f6nigspalast. Ihr Bau begann Ende des 19. Jahrhunderts unter Alfons XII. und dauerte.<\/p>\n<\/article>\n<\/section><\/div>\n<div class=\"widget-points__col col-xxl-3 col-lg-4 col-sm-6\">\n<section class=\"widget-points\">\n<figure class=\"widget-points__figure\" style=\"background-image:url(https:\/\/www.jardinesdesabatini.com\/wp-content\/themes\/sabatini\/images\/donde\/points\/point-3.jpg)\">\n<h3 class=\"widget-points__title\">Plaza de espa\u00f1a und gran v\u00eda<\/h3>\n<div class=\"widget-points__distance\">\n\t\t\t\t\t\t\t\t\t<i class=\"seres-icon seres-icon--walking\"><\/i><\/p>\n<p class=\"widget-points__distance-title\">7 minuten<\/p>\n<\/p><\/div>\n<\/figure>\n<article class=\"widget-points__content post post--min\">\n<p>\n\t\t\t\t\t\t\t\t\t<strong><em>Lage:<\/em><\/strong> Plaza de Espa\u00f1a und Strasse Gran V\u00eda.\n\t\t\t\t\t\t\t\t<\/p>\n<p>Auf der Plaza de Espa\u00f1a in Madrid befindet sich das ber\u00fchmte Monumet zu Ehren von Miguel de Cervantes mit Don Quijote und Sancho Panza. Die Plaza grenzt an die ber\u00fchmte Strasse Gran V\u00eda.<\/p>\n<p>Die Gran V\u00eda ist eine der emblematischten Strassen Madrids, ber\u00fchmt f\u00fcr ihre Kinos, Theaters\u00e4le, in denen Musicals und Shows stattfinden, und f\u00fcr ihre Gesch\u00e4ftst\u00fcchtigkeit. Die Gesch\u00e4fte und Einkaufsh\u00e4user haben jeden Tag im Jahr ge\u00f6ffnet.<\/p>\n<\/article>\n<\/section><\/div>\n<div class=\"widget-points__col col-xxl-3 col-lg-4 col-sm-6\">\n<section class=\"widget-points\">\n<figure class=\"widget-points__figure\" style=\"background-image:url(https:\/\/www.jardinesdesabatini.com\/wp-content\/themes\/sabatini\/images\/donde\/points\/point-4.jpg)\">\n<h3 class=\"widget-points__title\">Templo de Debod<\/h3>\n<div class=\"widget-points__distance\">\n\t\t\t\t\t\t\t\t\t<i class=\"seres-icon seres-icon--walking\"><\/i><\/p>\n<p class=\"widget-points__distance-title\">7 minuten<\/p>\n<\/p><\/div>\n<\/figure>\n<article class=\"widget-points__content post post--min\">\n<p>\n                                                                        <strong><em>Lage:<\/em><\/strong> C\/ Ferraz. Madrid. 7 Gehminuten vom Hotel<\/p>\n<p>Der urspr\u00fcngliche Tempel ist aus dem alten \u00c4gypten von vor 2000 Jahren. Es war ein Geschenk \u00c4gyptens an Spanien und so wurde Stein f\u00fcr Stein hierher geschafft.<\/p>\n<p><strong>Unsere Empfehlung<\/strong>:  Geniessen Sie den Sonnenuntergang mit Blick auf das Gebirge von Madrid und die Casa de Campo.<\/p>\n<\/article>\n<\/section><\/div>\n<div class=\"widget-points__col col-xxl-3 col-lg-4 col-sm-6\">\n<section class=\"widget-points\">\n<figure class=\"widget-points__figure\" style=\"background-image:url(https:\/\/www.jardinesdesabatini.com\/wp-content\/themes\/sabatini\/images\/donde\/points\/point-5.jpg)\">\n<h3 class=\"widget-points__title\">Puerta del Sol<\/h3>\n<div class=\"widget-points__distance\">\n\t\t\t\t\t\t\t\t\t<i class=\"seres-icon seres-icon--walking\"><\/i><\/p>\n<p class=\"widget-points__distance-title\">17 minuten<\/p>\n<\/p><\/div>\n<\/figure>\n<article class=\"widget-points__content post post--min\">\n<p>\n\t\t\t\t\t\t\t\t\t<strong><em>Lage:<\/em><\/strong> Plaza de la Puerta del Sol.\n\t\t\t\t\t\t\t\t<\/p>\n<p>Der symboltr\u00e4chtigste Platz der Stadt. Hier befindet sich der Kilometer Null, von dem aus die Distanzen zwischen den spanischen St\u00e4dten gemessen werden. Ausserdem ist hier das Wahrzeichen der Stadt \u201eder B\u00e4r am Erdbeerbaum\u201c und die ber\u00fchmte Uhr, mit der das Neue Jahr eingel\u00e4utet wird. Aus diesem Grund sind die Madrilenen jedes Jahr hier zu finden, um das Jahresende zu feiern.<\/p>\n<\/article>\n<\/section><\/div>\n<div class=\"widget-points__col col-xxl-3 col-lg-4 col-sm-6\">\n<section class=\"widget-points\">\n<figure class=\"widget-points__figure\" style=\"background-image:url(https:\/\/www.jardinesdesabatini.com\/wp-content\/themes\/sabatini\/images\/donde\/points\/point-6.jpg)\">\n<h3 class=\"widget-points__title\">Plaza Mayor<\/h3>\n<div class=\"widget-points__distance\">\n\t\t\t\t\t\t\t\t\t<i class=\"seres-icon seres-icon--walking\"><\/i><\/p>\n<p class=\"widget-points__distance-title\">17 minuten<\/p>\n<\/p><\/div>\n<\/figure>\n<article class=\"widget-points__content post post--min\">\n<p>\n\t\t\t\t\t\t\t\t\t<strong><em>Lage:<\/em><\/strong> Plaza Mayor.\n\t\t\t\t\t\t\t\t<\/p>\n<p>Der Platz befindet sich direkt in der N\u00e4he der Puerta del Sol und der Calle Mayor. In dieser befand sich urspr\u00fcnglich Ende des 15. Jahrhunderts der bekannteste Markt des Dorfes, als Philipp II. den Hof nach Madrid holte. Im Jahre 1617 errichtet der Architekt Juan G\u00f3mez de Mora eine einheitliche H\u00e4userfront, die w\u00e4hrend Jahrhunderte Volksfeste, Stierk\u00e4mpfe, Heiligsprechungen und Kr\u00f6nungen umschloss.<\/p>\n<p><strong>Unsere Empfehlung<\/strong>:  Kosten Sie das traditionelle Calamares-Br\u00f6tchen, w\u00e4hrend Sie die Fresken am \u201eB\u00e4ckerei-Haus\u201c bestaunen. <\/p>\n<\/article>\n<\/section><\/div>\n<\/p><\/div>\n<\/p><\/div>\n<\/p><\/div>\n","protected":false},"excerpt":{"rendered":"<p>K\u00d6NIGSPALAST 5 Minuten Lage: Plaza de Oriente. Madrid. Im 18. Jh. wurde er gebaut, um den spanischen K\u00f6nigen als Residenz zu dienen. Es handelt sich mit 3.418 Zimmern um den gr\u00f6ssten Palast Westeuropas. Heutzutage wird er f\u00fcr Staatsempf\u00e4nge genutzt, da die aktuellen K\u00f6nige nicht mehr darin wohnen. Unsere Empfehlung: Die feierlichste Wachabl\u00f6sung findet jeden ersten [&hellip;]<\/p>\n","protected":false},"author":1,"featured_media":1283,"parent":0,"menu_order":0,"comment_status":"closed","ping_status":"closed","template":"template-donde.php","meta":{"_joinchat":[]},"yoast_head":"<!-- This site is optimized with the Yoast SEO plugin v20.13 - https:\/\/yoast.com\/wordpress\/plugins\/seo\/ -->\n<title>Lage |<\/title>\n<meta name=\"description\" content=\"Design Apartahotel mitten im Zentrum von Madrid mit \u00f6ffentlichen Parkhaus. Geniessen Sie es im Zentrum untergebracht zu sein, Zeit und Geld auf der Reise zu sparen\" \/>\n<meta name=\"robots\" content=\"index, follow, max-snippet:-1, max-image-preview:large, max-video-preview:-1\" \/>\n<link rel=\"canonical\" href=\"https:\/\/www.jardinesdesabatini.com\/de\/lage\/\" \/>\n<meta property=\"og:locale\" content=\"de_DE\" \/>\n<meta property=\"og:type\" content=\"article\" \/>\n<meta property=\"og:title\" content=\"Lage |\" \/>\n<meta property=\"og:description\" content=\"Design Apartahotel mitten im Zentrum von Madrid mit \u00f6ffentlichen Parkhaus. Geniessen Sie es im Zentrum untergebracht zu sein, Zeit und Geld auf der Reise zu sparen\" \/>\n<meta property=\"og:url\" content=\"https:\/\/www.jardinesdesabatini.com\/de\/lage\/\" \/>\n<meta property=\"article:publisher\" content=\"https:\/\/www.facebook.com\/HotelJardinesDeSabatini\/\" \/>\n<meta property=\"article:modified_time\" content=\"2020-02-11T21:42:32+00:00\" \/>\n<meta property=\"og:image\" content=\"https:\/\/www.jardinesdesabatini.com\/wp-content\/uploads\/2016\/11\/header-15.jpg\" \/>\n\t<meta property=\"og:image:width\" content=\"1920\" \/>\n\t<meta property=\"og:image:height\" content=\"700\" \/>\n\t<meta property=\"og:image:type\" content=\"image\/jpeg\" \/>\n<meta name=\"twitter:card\" content=\"summary_large_image\" \/>\n<meta name=\"twitter:label1\" content=\"Gesch\u00e4tzte Lesezeit\" \/>\n\t<meta name=\"twitter:data1\" content=\"2\u00a0Minuten\" \/>\n<script type=\"application\/ld+json\" class=\"yoast-schema-graph\">{\"@context\":\"https:\/\/schema.org\",\"@graph\":[{\"@type\":\"WebPage\",\"@id\":\"https:\/\/www.jardinesdesabatini.com\/de\/lage\/\",\"url\":\"https:\/\/www.jardinesdesabatini.com\/de\/lage\/\",\"name\":\"Lage |\",\"isPartOf\":{\"@id\":\"https:\/\/www.jardinesdesabatini.com\/en\/#website\"},\"datePublished\":\"2016-11-28T15:32:16+00:00\",\"dateModified\":\"2020-02-11T21:42:32+00:00\",\"description\":\"Design Apartahotel mitten im Zentrum von Madrid mit \u00f6ffentlichen Parkhaus. Geniessen Sie es im Zentrum untergebracht zu sein, Zeit und Geld auf der Reise zu sparen\",\"breadcrumb\":{\"@id\":\"https:\/\/www.jardinesdesabatini.com\/de\/lage\/#breadcrumb\"},\"inLanguage\":\"de\",\"potentialAction\":[{\"@type\":\"ReadAction\",\"target\":[\"https:\/\/www.jardinesdesabatini.com\/de\/lage\/\"]}]},{\"@type\":\"BreadcrumbList\",\"@id\":\"https:\/\/www.jardinesdesabatini.com\/de\/lage\/#breadcrumb\",\"itemListElement\":[{\"@type\":\"ListItem\",\"position\":1,\"name\":\"Portada\",\"item\":\"https:\/\/www.jardinesdesabatini.com\/de\/\"},{\"@type\":\"ListItem\",\"position\":2,\"name\":\"Lage\"}]},{\"@type\":\"WebSite\",\"@id\":\"https:\/\/www.jardinesdesabatini.com\/en\/#website\",\"url\":\"https:\/\/www.jardinesdesabatini.com\/en\/\",\"name\":\"\",\"description\":\"Alojamiento en Madrid\",\"publisher\":{\"@id\":\"https:\/\/www.jardinesdesabatini.com\/en\/#organization\"},\"potentialAction\":[{\"@type\":\"SearchAction\",\"target\":{\"@type\":\"EntryPoint\",\"urlTemplate\":\"https:\/\/www.jardinesdesabatini.com\/en\/?s={search_term_string}\"},\"query-input\":\"required name=search_term_string\"}],\"inLanguage\":\"de\"},{\"@type\":\"Organization\",\"@id\":\"https:\/\/www.jardinesdesabatini.com\/en\/#organization\",\"name\":\"Jardines de Sabatini Apartosuites\",\"url\":\"https:\/\/www.jardinesdesabatini.com\/en\/\",\"logo\":{\"@type\":\"ImageObject\",\"inLanguage\":\"de\",\"@id\":\"https:\/\/www.jardinesdesabatini.com\/en\/#\/schema\/logo\/image\/\",\"url\":\"https:\/\/www.jardinesdesabatini.com\/wp-content\/uploads\/2016\/11\/Logo-Verde.png\",\"contentUrl\":\"https:\/\/www.jardinesdesabatini.com\/wp-content\/uploads\/2016\/11\/Logo-Verde.png\",\"width\":500,\"height\":310,\"caption\":\"Jardines de Sabatini Apartosuites\"},\"image\":{\"@id\":\"https:\/\/www.jardinesdesabatini.com\/en\/#\/schema\/logo\/image\/\"},\"sameAs\":[\"https:\/\/www.facebook.com\/HotelJardinesDeSabatini\/\",\"https:\/\/www.instagram.com\/hotelsabatini\/\",\"https:\/\/www.linkedin.com\/company\/apartosuites-jardines-de-sabatini\",\"https:\/\/www.youtube.com\/user\/ApartosuitesJdeS\"]}]}<\/script>\n<!-- \/ Yoast SEO plugin. -->","yoast_head_json":{"title":"Lage |","description":"Design Apartahotel mitten im Zentrum von Madrid mit \u00f6ffentlichen Parkhaus. Geniessen Sie es im Zentrum untergebracht zu sein, Zeit und Geld auf der Reise zu sparen","robots":{"index":"index","follow":"follow","max-snippet":"max-snippet:-1","max-image-preview":"max-image-preview:large","max-video-preview":"max-video-preview:-1"},"canonical":"https:\/\/www.jardinesdesabatini.com\/de\/lage\/","og_locale":"de_DE","og_type":"article","og_title":"Lage |","og_description":"Design Apartahotel mitten im Zentrum von Madrid mit \u00f6ffentlichen Parkhaus. Geniessen Sie es im Zentrum untergebracht zu sein, Zeit und Geld auf der Reise zu sparen","og_url":"https:\/\/www.jardinesdesabatini.com\/de\/lage\/","article_publisher":"https:\/\/www.facebook.com\/HotelJardinesDeSabatini\/","article_modified_time":"2020-02-11T21:42:32+00:00","og_image":[{"width":1920,"height":700,"url":"https:\/\/www.jardinesdesabatini.com\/wp-content\/uploads\/2016\/11\/header-15.jpg","type":"image\/jpeg"}],"twitter_card":"summary_large_image","twitter_misc":{"Gesch\u00e4tzte Lesezeit":"2\u00a0Minuten"},"schema":{"@context":"https:\/\/schema.org","@graph":[{"@type":"WebPage","@id":"https:\/\/www.jardinesdesabatini.com\/de\/lage\/","url":"https:\/\/www.jardinesdesabatini.com\/de\/lage\/","name":"Lage |","isPartOf":{"@id":"https:\/\/www.jardinesdesabatini.com\/en\/#website"},"datePublished":"2016-11-28T15:32:16+00:00","dateModified":"2020-02-11T21:42:32+00:00","description":"Design Apartahotel mitten im Zentrum von Madrid mit \u00f6ffentlichen Parkhaus. Geniessen Sie es im Zentrum untergebracht zu sein, Zeit und Geld auf der Reise zu sparen","breadcrumb":{"@id":"https:\/\/www.jardinesdesabatini.com\/de\/lage\/#breadcrumb"},"inLanguage":"de","potentialAction":[{"@type":"ReadAction","target":["https:\/\/www.jardinesdesabatini.com\/de\/lage\/"]}]},{"@type":"BreadcrumbList","@id":"https:\/\/www.jardinesdesabatini.com\/de\/lage\/#breadcrumb","itemListElement":[{"@type":"ListItem","position":1,"name":"Portada","item":"https:\/\/www.jardinesdesabatini.com\/de\/"},{"@type":"ListItem","position":2,"name":"Lage"}]},{"@type":"WebSite","@id":"https:\/\/www.jardinesdesabatini.com\/en\/#website","url":"https:\/\/www.jardinesdesabatini.com\/en\/","name":"","description":"Alojamiento en Madrid","publisher":{"@id":"https:\/\/www.jardinesdesabatini.com\/en\/#organization"},"potentialAction":[{"@type":"SearchAction","target":{"@type":"EntryPoint","urlTemplate":"https:\/\/www.jardinesdesabatini.com\/en\/?s={search_term_string}"},"query-input":"required name=search_term_string"}],"inLanguage":"de"},{"@type":"Organization","@id":"https:\/\/www.jardinesdesabatini.com\/en\/#organization","name":"Jardines de Sabatini Apartosuites","url":"https:\/\/www.jardinesdesabatini.com\/en\/","logo":{"@type":"ImageObject","inLanguage":"de","@id":"https:\/\/www.jardinesdesabatini.com\/en\/#\/schema\/logo\/image\/","url":"https:\/\/www.jardinesdesabatini.com\/wp-content\/uploads\/2016\/11\/Logo-Verde.png","contentUrl":"https:\/\/www.jardinesdesabatini.com\/wp-content\/uploads\/2016\/11\/Logo-Verde.png","width":500,"height":310,"caption":"Jardines de Sabatini Apartosuites"},"image":{"@id":"https:\/\/www.jardinesdesabatini.com\/en\/#\/schema\/logo\/image\/"},"sameAs":["https:\/\/www.facebook.com\/HotelJardinesDeSabatini\/","https:\/\/www.instagram.com\/hotelsabatini\/","https:\/\/www.linkedin.com\/company\/apartosuites-jardines-de-sabatini","https:\/\/www.youtube.com\/user\/ApartosuitesJdeS"]}]}},"_links":{"self":[{"href":"https:\/\/www.jardinesdesabatini.com\/de\/wp-json\/wp\/v2\/pages\/2252"}],"collection":[{"href":"https:\/\/www.jardinesdesabatini.com\/de\/wp-json\/wp\/v2\/pages"}],"about":[{"href":"https:\/\/www.jardinesdesabatini.com\/de\/wp-json\/wp\/v2\/types\/page"}],"author":[{"embeddable":true,"href":"https:\/\/www.jardinesdesabatini.com\/de\/wp-json\/wp\/v2\/users\/1"}],"replies":[{"embeddable":true,"href":"https:\/\/www.jardinesdesabatini.com\/de\/wp-json\/wp\/v2\/comments?post=2252"}],"version-history":[{"count":10,"href":"https:\/\/www.jardinesdesabatini.com\/de\/wp-json\/wp\/v2\/pages\/2252\/revisions"}],"predecessor-version":[{"id":4567,"href":"https:\/\/www.jardinesdesabatini.com\/de\/wp-json\/wp\/v2\/pages\/2252\/revisions\/4567"}],"wp:featuredmedia":[{"embeddable":true,"href":"https:\/\/www.jardinesdesabatini.com\/de\/wp-json\/wp\/v2\/media\/1283"}],"wp:attachment":[{"href":"https:\/\/www.jardinesdesabatini.com\/de\/wp-json\/wp\/v2\/media?parent=2252"}],"curies":[{"name":"wp","href":"https:\/\/api.w.org\/{rel}","templated":true}]}}