{"id":2529,"date":"2019-02-11T12:13:53","date_gmt":"2019-02-11T12:13:53","guid":{"rendered":"https:\/\/www.jardinesdesabatini.com\/?page_id=2529"},"modified":"2024-11-20T16:28:40","modified_gmt":"2024-11-20T16:28:40","slug":"allgemeiner-service","status":"publish","type":"page","link":"https:\/\/www.jardinesdesabatini.com\/de\/apartamentos-hotel\/hotelservice\/allgemeiner-service\/","title":{"rendered":"Allgemeiner hotelservice"},"content":{"rendered":"<div class=\"block block--fit block--fit-big block--big\">\n<div class=\"container\">\n<div class=\"row\">\n<div class=\"col-md-3 col-sm-4 col-xs-6\">\n<figure class=\"widget-icon widget-icon--24h\">\n<p class=\"widget-icon__image\"><i class=\"seres-icon seres-icon--24h\"><\/i><\/p>\n<p class=\"widget-icon__title\">24 Stunden Rezeption<\/p>\n<\/figure><\/div>\n<div class=\"col-md-3 col-sm-4 col-xs-6\">\n<figure class=\"widget-icon widget-icon--conserjeria\">\n<p class=\"widget-icon__image\"><i class=\"seres-icon seres-icon--ring\"><\/i><\/p>\n<p class=\"widget-icon__title\">Concierge<\/p>\n<\/figure><\/div>\n<div class=\"col-md-3 col-sm-4 col-xs-6\">\n<figure class=\"widget-icon widget-icon--wifi\">\n\t\t\t\t\t\t\t<a href=\"https:\/\/www.jardinesdesabatini.com\/de\/apartamentos-hotel\/hotelservice\/kostenloses-wlan-mit-breitbandanschluss\/\" class=\"widget-icon__image\"><i class=\"seres-icon seres-icon--wifi\"><\/i><\/a>\n\t\t\t\t\t\t\t<a href=\"https:\/\/www.jardinesdesabatini.com\/de\/apartamentos-hotel\/hotelservice\/kostenloses-wlan-mit-breitbandanschluss\/\" class=\"widget-icon__title\">KOSTENLOSES WLAN mit Breitbandanschluss<\/a>\n\t\t\t\t\t\t<\/figure>\n<\/p><\/div>\n<div class=\"col-md-3 col-sm-4 col-xs-6\">\n<figure class=\"widget-icon widget-icon--despertador\">\n<p class=\"widget-icon__image\"><i class=\"seres-icon seres-icon--alarm-clock\"><\/i><\/p>\n<p class=\"widget-icon__title\">Weckservice<\/p>\n<\/figure><\/div>\n<div class=\"col-md-3 col-sm-4 col-xs-6\">\n<figure class=\"widget-icon widget-icon--custodia\">\n<p class=\"widget-icon__image\"><i class=\"seres-icon seres-icon--luggage-custody\"><\/i><\/p>\n<p class=\"widget-icon__title\">Gep\u00e4ckaufbewahrung<\/p>\n<\/figure><\/div>\n<div class=\"col-md-3 col-sm-4 col-xs-6\">\n<figure class=\"widget-icon widget-icon--business\">\n<p class=\"widget-icon__image\"><i class=\"seres-icon seres-icon--imac\"><\/i><\/p>\n<p class=\"widget-icon__title\">Business-Zone<br\/>Desktop-Computer<\/p>\n<\/figure><\/div>\n<div class=\"col-md-3 col-sm-4 col-xs-6\">\n<figure class=\"widget-icon widget-icon--fax\">\n<p class=\"widget-icon__image\"><i class=\"seres-icon seres-icon--fax\"><\/i><\/p>\n<p class=\"widget-icon__title\">Fax und Fotokopien<\/p>\n<\/figure><\/div>\n<div class=\"col-md-3 col-sm-4 col-xs-6\">\n<figure class=\"widget-icon widget-icon--parking\">\n\t\t\t\t\t\t\t<a href=\"https:\/\/www.jardinesdesabatini.com\/de\/offentliches-parkhaus\/\" class=\"widget-icon__image\"><i class=\"seres-icon seres-icon--parking\"><\/i><\/a>\n\t\t\t\t\t\t\t<a href=\"https:\/\/www.jardinesdesabatini.com\/de\/offentliches-parkhaus\/\" class=\"widget-icon__title\">\u00d6ffentliches Parkhaus, 24 Stunden, direkt am Hotel<\/a>\n\t\t\t\t\t\t<\/figure>\n<\/p><\/div>\n<div class=\"col-md-3 col-sm-4 col-xs-6\">\n<figure class=\"widget-icon widget-icon--taxi\">\n<p class=\"widget-icon__image\"><i class=\"seres-icon seres-icon--taxi-transfer\"><\/i><\/p>\n<p class=\"widget-icon__title\">Taxi-Transfer zum Flughafen<br\/>(auf Nachfrage)<\/p>\n<\/figure><\/div>\n<div class=\"col-md-3 col-sm-4 col-xs-6\">\n<figure class=\"widget-icon widget-icon--tintoreria\">\n<p class=\"widget-icon__image\"><i class=\"seres-icon seres-icon--dry-cleaner\"><\/i><\/p>\n<p class=\"widget-icon__title\">Reinigung \u2013 Kleidung waschen und b\u00fcgeln<\/p>\n<\/figure><\/div>\n<div class=\"col-md-3 col-sm-4 col-xs-6\">\n<figure class=\"widget-icon widget-icon--lavanderia\">\n                                                        <a href=\"https:\/\/www.jardinesdesabatini.com\/de\/waescherei-self-service\/\" class=\"widget-icon__image\"><i class=\"seres-icon seres-icon--washing-machine\"><\/i><\/a>\n\t\t\t\t\t\t\t<a href=\"https:\/\/www.jardinesdesabatini.com\/de\/waescherei-self-service\/\" class=\"widget-icon__title\">W\u00e4scherei self-service<\/a><\/p>\n<\/figure><\/div>\n<div class=\"col-md-3 col-sm-4 col-xs-6\">\n<figure class=\"widget-icon widget-icon--reuniones\">\n<p class=\"widget-icon__image\"><i class=\"seres-icon seres-icon--meeting-room\"><\/i><\/p>\n<p class=\"widget-icon__title\">Meetingr\u00e4ume<\/p>\n<\/figure><\/div>\n<div class=\"col-md-3 col-sm-4 col-xs-6\">\n<figure class=\"widget-icon widget-icon--terraza\">\n<p class=\"widget-icon__image\"><i class=\"seres-icon seres-icon--glass-terrace\"><\/i><\/p>\n<p class=\"widget-icon__title\">Terasse<\/p>\n<\/figure><\/div>\n<div class=\"col-md-3 col-sm-4 col-xs-6\">\n<figure class=\"widget-icon widget-icon--museo\">\n<p class=\"widget-icon__image\"><i class=\"seres-icon seres-icon--old-car\"><\/i><\/p>\n<p class=\"widget-icon__title\">Oldtimer-Museum<\/a>\n\t\t\t\t\t\t<\/figure>\n<\/p><\/div>\n<div class=\"col-md-3 col-sm-4 col-xs-6\">\n<figure class=\"widget-icon widget-icon--card\">\n<p class=\"widget-icon__image\"><i class=\"seres-icon seres-icon--credit-card\"><\/i><\/p>\n<p class=\"widget-icon__title\">Kreditkartenzahlung<br\/>AMEX &#8211; MC &#8211; VISA &#8211; DINERS<\/p>\n<\/figure><\/div>\n<div class=\"col-md-3 col-sm-4 col-xs-6\">\n<figure class=\"widget-icon widget-icon--card\">\n<p class=\"widget-icon__image\"><i class=\"seres-icon seres-icon--union-pay\"><\/i><\/p>\n<p class=\"widget-icon__title\">Kartenzahlung mit Union Pay<\/p>\n<\/figure><\/div>\n<div class=\"col-md-3 col-sm-4 col-xs-6\">\n<figure class=\"widget-icon widget-icon--secure\">\n<p class=\"widget-icon__image\"><i class=\"seres-icon seres-icon--secure-payment\"><\/i><\/p>\n<p class=\"widget-icon__title\">Sicheres Zahlen<\/p>\n<\/figure><\/div>\n<\/p><\/div>\n<\/p><\/div>\n<\/p><\/div>\n","protected":false},"excerpt":{"rendered":"<p>24 Stunden Rezeption Concierge KOSTENLOSES WLAN mit Breitbandanschluss Weckservice Gep\u00e4ckaufbewahrung Business-ZoneDesktop-Computer Fax und Fotokopien \u00d6ffentliches Parkhaus, 24 Stunden, direkt am Hotel Taxi-Transfer zum Flughafen(auf Nachfrage) Reinigung \u2013 Kleidung waschen und b\u00fcgeln W\u00e4scherei self-service Meetingr\u00e4ume Terasse Oldtimer-Museum KreditkartenzahlungAMEX &#8211; MC &#8211; VISA &#8211; DINERS Kartenzahlung mit Union Pay Sicheres Zahlen<\/p>\n","protected":false},"author":1,"featured_media":1023,"parent":2524,"menu_order":0,"comment_status":"closed","ping_status":"closed","template":"template-aparthotel-servicios-generales.php","meta":{"_joinchat":[]},"yoast_head":"<!-- This site is optimized with the Yoast SEO plugin v20.13 - https:\/\/yoast.com\/wordpress\/plugins\/seo\/ -->\n<title>Allgemeiner hotelservice |<\/title>\n<meta name=\"description\" content=\"Design-Apartments Madrid:Voller Hotelservice direkt gegen\u00fcber des K\u00f6nigspalastes. Gratis WLAN, W\u00e4schereiservice, Tagespresse und vieles mehr\" \/>\n<meta name=\"robots\" content=\"index, follow, max-snippet:-1, max-image-preview:large, max-video-preview:-1\" \/>\n<link rel=\"canonical\" href=\"https:\/\/www.jardinesdesabatini.com\/de\/apartamentos-hotel\/hotelservice\/allgemeiner-service\/\" \/>\n<meta property=\"og:locale\" content=\"de_DE\" \/>\n<meta property=\"og:type\" content=\"article\" \/>\n<meta property=\"og:title\" content=\"Allgemeiner hotelservice |\" \/>\n<meta property=\"og:description\" content=\"Design-Apartments Madrid:Voller Hotelservice direkt gegen\u00fcber des K\u00f6nigspalastes. Gratis WLAN, W\u00e4schereiservice, Tagespresse und vieles mehr\" \/>\n<meta property=\"og:url\" content=\"https:\/\/www.jardinesdesabatini.com\/de\/apartamentos-hotel\/hotelservice\/allgemeiner-service\/\" \/>\n<meta property=\"article:publisher\" content=\"https:\/\/www.facebook.com\/HotelJardinesDeSabatini\/\" \/>\n<meta property=\"article:modified_time\" content=\"2024-11-20T16:28:40+00:00\" \/>\n<meta property=\"og:image\" content=\"https:\/\/www.jardinesdesabatini.com\/wp-content\/uploads\/2016\/11\/header-servicios-generales.jpg\" \/>\n\t<meta property=\"og:image:width\" content=\"1920\" \/>\n\t<meta property=\"og:image:height\" content=\"700\" \/>\n\t<meta property=\"og:image:type\" content=\"image\/jpeg\" \/>\n<meta name=\"twitter:card\" content=\"summary_large_image\" \/>\n<meta name=\"twitter:label1\" content=\"Gesch\u00e4tzte Lesezeit\" \/>\n\t<meta name=\"twitter:data1\" content=\"1\u00a0Minute\" \/>\n<script type=\"application\/ld+json\" class=\"yoast-schema-graph\">{\"@context\":\"https:\/\/schema.org\",\"@graph\":[{\"@type\":\"WebPage\",\"@id\":\"https:\/\/www.jardinesdesabatini.com\/de\/apartamentos-hotel\/hotelservice\/allgemeiner-service\/\",\"url\":\"https:\/\/www.jardinesdesabatini.com\/de\/apartamentos-hotel\/hotelservice\/allgemeiner-service\/\",\"name\":\"Allgemeiner hotelservice |\",\"isPartOf\":{\"@id\":\"https:\/\/www.jardinesdesabatini.com\/en\/#website\"},\"datePublished\":\"2019-02-11T12:13:53+00:00\",\"dateModified\":\"2024-11-20T16:28:40+00:00\",\"description\":\"Design-Apartments Madrid:Voller Hotelservice direkt gegen\u00fcber des K\u00f6nigspalastes. Gratis WLAN, W\u00e4schereiservice, Tagespresse und vieles mehr\",\"breadcrumb\":{\"@id\":\"https:\/\/www.jardinesdesabatini.com\/de\/apartamentos-hotel\/hotelservice\/allgemeiner-service\/#breadcrumb\"},\"inLanguage\":\"de\",\"potentialAction\":[{\"@type\":\"ReadAction\",\"target\":[\"https:\/\/www.jardinesdesabatini.com\/de\/apartamentos-hotel\/hotelservice\/allgemeiner-service\/\"]}]},{\"@type\":\"BreadcrumbList\",\"@id\":\"https:\/\/www.jardinesdesabatini.com\/de\/apartamentos-hotel\/hotelservice\/allgemeiner-service\/#breadcrumb\",\"itemListElement\":[{\"@type\":\"ListItem\",\"position\":1,\"name\":\"Portada\",\"item\":\"https:\/\/www.jardinesdesabatini.com\/de\/\"},{\"@type\":\"ListItem\",\"position\":2,\"name\":\"Apartments &#038; Hotel\",\"item\":\"https:\/\/www.jardinesdesabatini.com\/de\/apartamentos-hotel\/\"},{\"@type\":\"ListItem\",\"position\":3,\"name\":\"Hotelservice\",\"item\":\"https:\/\/www.jardinesdesabatini.com\/de\/apartamentos-hotel\/hotelservice\/\"},{\"@type\":\"ListItem\",\"position\":4,\"name\":\"Allgemeiner hotelservice\"}]},{\"@type\":\"WebSite\",\"@id\":\"https:\/\/www.jardinesdesabatini.com\/en\/#website\",\"url\":\"https:\/\/www.jardinesdesabatini.com\/en\/\",\"name\":\"\",\"description\":\"Alojamiento en Madrid\",\"publisher\":{\"@id\":\"https:\/\/www.jardinesdesabatini.com\/en\/#organization\"},\"potentialAction\":[{\"@type\":\"SearchAction\",\"target\":{\"@type\":\"EntryPoint\",\"urlTemplate\":\"https:\/\/www.jardinesdesabatini.com\/en\/?s={search_term_string}\"},\"query-input\":\"required name=search_term_string\"}],\"inLanguage\":\"de\"},{\"@type\":\"Organization\",\"@id\":\"https:\/\/www.jardinesdesabatini.com\/en\/#organization\",\"name\":\"Jardines de Sabatini Apartosuites\",\"url\":\"https:\/\/www.jardinesdesabatini.com\/en\/\",\"logo\":{\"@type\":\"ImageObject\",\"inLanguage\":\"de\",\"@id\":\"https:\/\/www.jardinesdesabatini.com\/en\/#\/schema\/logo\/image\/\",\"url\":\"https:\/\/www.jardinesdesabatini.com\/wp-content\/uploads\/2016\/11\/Logo-Verde.png\",\"contentUrl\":\"https:\/\/www.jardinesdesabatini.com\/wp-content\/uploads\/2016\/11\/Logo-Verde.png\",\"width\":500,\"height\":310,\"caption\":\"Jardines de Sabatini Apartosuites\"},\"image\":{\"@id\":\"https:\/\/www.jardinesdesabatini.com\/en\/#\/schema\/logo\/image\/\"},\"sameAs\":[\"https:\/\/www.facebook.com\/HotelJardinesDeSabatini\/\",\"https:\/\/www.instagram.com\/hotelsabatini\/\",\"https:\/\/www.linkedin.com\/company\/apartosuites-jardines-de-sabatini\",\"https:\/\/www.youtube.com\/user\/ApartosuitesJdeS\"]}]}<\/script>\n<!-- \/ Yoast SEO plugin. -->","yoast_head_json":{"title":"Allgemeiner hotelservice |","description":"Design-Apartments Madrid:Voller Hotelservice direkt gegen\u00fcber des K\u00f6nigspalastes. Gratis WLAN, W\u00e4schereiservice, Tagespresse und vieles mehr","robots":{"index":"index","follow":"follow","max-snippet":"max-snippet:-1","max-image-preview":"max-image-preview:large","max-video-preview":"max-video-preview:-1"},"canonical":"https:\/\/www.jardinesdesabatini.com\/de\/apartamentos-hotel\/hotelservice\/allgemeiner-service\/","og_locale":"de_DE","og_type":"article","og_title":"Allgemeiner hotelservice |","og_description":"Design-Apartments Madrid:Voller Hotelservice direkt gegen\u00fcber des K\u00f6nigspalastes. Gratis WLAN, W\u00e4schereiservice, Tagespresse und vieles mehr","og_url":"https:\/\/www.jardinesdesabatini.com\/de\/apartamentos-hotel\/hotelservice\/allgemeiner-service\/","article_publisher":"https:\/\/www.facebook.com\/HotelJardinesDeSabatini\/","article_modified_time":"2024-11-20T16:28:40+00:00","og_image":[{"width":1920,"height":700,"url":"https:\/\/www.jardinesdesabatini.com\/wp-content\/uploads\/2016\/11\/header-servicios-generales.jpg","type":"image\/jpeg"}],"twitter_card":"summary_large_image","twitter_misc":{"Gesch\u00e4tzte Lesezeit":"1\u00a0Minute"},"schema":{"@context":"https:\/\/schema.org","@graph":[{"@type":"WebPage","@id":"https:\/\/www.jardinesdesabatini.com\/de\/apartamentos-hotel\/hotelservice\/allgemeiner-service\/","url":"https:\/\/www.jardinesdesabatini.com\/de\/apartamentos-hotel\/hotelservice\/allgemeiner-service\/","name":"Allgemeiner hotelservice |","isPartOf":{"@id":"https:\/\/www.jardinesdesabatini.com\/en\/#website"},"datePublished":"2019-02-11T12:13:53+00:00","dateModified":"2024-11-20T16:28:40+00:00","description":"Design-Apartments Madrid:Voller Hotelservice direkt gegen\u00fcber des K\u00f6nigspalastes. Gratis WLAN, W\u00e4schereiservice, Tagespresse und vieles mehr","breadcrumb":{"@id":"https:\/\/www.jardinesdesabatini.com\/de\/apartamentos-hotel\/hotelservice\/allgemeiner-service\/#breadcrumb"},"inLanguage":"de","potentialAction":[{"@type":"ReadAction","target":["https:\/\/www.jardinesdesabatini.com\/de\/apartamentos-hotel\/hotelservice\/allgemeiner-service\/"]}]},{"@type":"BreadcrumbList","@id":"https:\/\/www.jardinesdesabatini.com\/de\/apartamentos-hotel\/hotelservice\/allgemeiner-service\/#breadcrumb","itemListElement":[{"@type":"ListItem","position":1,"name":"Portada","item":"https:\/\/www.jardinesdesabatini.com\/de\/"},{"@type":"ListItem","position":2,"name":"Apartments &#038; Hotel","item":"https:\/\/www.jardinesdesabatini.com\/de\/apartamentos-hotel\/"},{"@type":"ListItem","position":3,"name":"Hotelservice","item":"https:\/\/www.jardinesdesabatini.com\/de\/apartamentos-hotel\/hotelservice\/"},{"@type":"ListItem","position":4,"name":"Allgemeiner hotelservice"}]},{"@type":"WebSite","@id":"https:\/\/www.jardinesdesabatini.com\/en\/#website","url":"https:\/\/www.jardinesdesabatini.com\/en\/","name":"","description":"Alojamiento en Madrid","publisher":{"@id":"https:\/\/www.jardinesdesabatini.com\/en\/#organization"},"potentialAction":[{"@type":"SearchAction","target":{"@type":"EntryPoint","urlTemplate":"https:\/\/www.jardinesdesabatini.com\/en\/?s={search_term_string}"},"query-input":"required name=search_term_string"}],"inLanguage":"de"},{"@type":"Organization","@id":"https:\/\/www.jardinesdesabatini.com\/en\/#organization","name":"Jardines de Sabatini Apartosuites","url":"https:\/\/www.jardinesdesabatini.com\/en\/","logo":{"@type":"ImageObject","inLanguage":"de","@id":"https:\/\/www.jardinesdesabatini.com\/en\/#\/schema\/logo\/image\/","url":"https:\/\/www.jardinesdesabatini.com\/wp-content\/uploads\/2016\/11\/Logo-Verde.png","contentUrl":"https:\/\/www.jardinesdesabatini.com\/wp-content\/uploads\/2016\/11\/Logo-Verde.png","width":500,"height":310,"caption":"Jardines de Sabatini Apartosuites"},"image":{"@id":"https:\/\/www.jardinesdesabatini.com\/en\/#\/schema\/logo\/image\/"},"sameAs":["https:\/\/www.facebook.com\/HotelJardinesDeSabatini\/","https:\/\/www.instagram.com\/hotelsabatini\/","https:\/\/www.linkedin.com\/company\/apartosuites-jardines-de-sabatini","https:\/\/www.youtube.com\/user\/ApartosuitesJdeS"]}]}},"_links":{"self":[{"href":"https:\/\/www.jardinesdesabatini.com\/de\/wp-json\/wp\/v2\/pages\/2529"}],"collection":[{"href":"https:\/\/www.jardinesdesabatini.com\/de\/wp-json\/wp\/v2\/pages"}],"about":[{"href":"https:\/\/www.jardinesdesabatini.com\/de\/wp-json\/wp\/v2\/types\/page"}],"author":[{"embeddable":true,"href":"https:\/\/www.jardinesdesabatini.com\/de\/wp-json\/wp\/v2\/users\/1"}],"replies":[{"embeddable":true,"href":"https:\/\/www.jardinesdesabatini.com\/de\/wp-json\/wp\/v2\/comments?post=2529"}],"version-history":[{"count":8,"href":"https:\/\/www.jardinesdesabatini.com\/de\/wp-json\/wp\/v2\/pages\/2529\/revisions"}],"predecessor-version":[{"id":6082,"href":"https:\/\/www.jardinesdesabatini.com\/de\/wp-json\/wp\/v2\/pages\/2529\/revisions\/6082"}],"up":[{"embeddable":true,"href":"https:\/\/www.jardinesdesabatini.com\/de\/wp-json\/wp\/v2\/pages\/2524"}],"wp:featuredmedia":[{"embeddable":true,"href":"https:\/\/www.jardinesdesabatini.com\/de\/wp-json\/wp\/v2\/media\/1023"}],"wp:attachment":[{"href":"https:\/\/www.jardinesdesabatini.com\/de\/wp-json\/wp\/v2\/media?parent=2529"}],"curies":[{"name":"wp","href":"https:\/\/api.w.org\/{rel}","templated":true}]}}