{"id":2537,"date":"2019-02-11T12:26:11","date_gmt":"2019-02-11T12:26:11","guid":{"rendered":"https:\/\/www.jardinesdesabatini.com\/?page_id=2537"},"modified":"2024-11-20T16:32:02","modified_gmt":"2024-11-20T16:32:02","slug":"zimmerservice","status":"publish","type":"page","link":"https:\/\/www.jardinesdesabatini.com\/de\/apartamentos-hotel\/hotelservice\/zimmerservice\/","title":{"rendered":"Zimmerservice"},"content":{"rendered":"<div class=\"block block--fit block--big\">\n<div class=\"container\">\n<div class=\"row\">\n<div class=\"col-md-3 col-sm-4 col-xs-6\">\n<figure class=\"widget-icon widget-icon--kitchen\">\n<p class=\"widget-icon__image\"><i class=\"seres-icon seres-icon--american-kitchen\"><\/i><\/p>\n<p class=\"widget-icon__title\">Ausgestattete Kochecke<\/p>\n<\/figure><\/div>\n<div class=\"col-md-3 col-sm-4 col-xs-6\">\n<figure class=\"widget-icon widget-icon--limpieza\">\n<p class=\"widget-icon__image\"><i class=\"seres-icon seres-icon--cleaning\"><\/i><\/p>\n<p class=\"widget-icon__title\">T\u00e4gliche Zimmerreinigung<\/p>\n<\/figure><\/div>\n<div class=\"col-md-3 col-sm-4 col-xs-6\">\n<figure class=\"widget-icon widget-icon--wifi\">\n\t\t\t\t\t\t\t<a href=\"https:\/\/www.jardinesdesabatini.com\/de\/apartamentos-hotel\/hotelservice\/kostenloses-wlan-mit-breitbandanschluss\/\" class=\"widget-icon__image\"><i class=\"seres-icon seres-icon--wifi\"><\/i><\/a>\n\t\t\t\t\t\t\t<a href=\"https:\/\/www.jardinesdesabatini.com\/de\/apartamentos-hotel\/hotelservice\/kostenloses-wlan-mit-breitbandanschluss\/\" class=\"widget-icon__title\">KOSTENLOSES WLAN mit Breitbandanschluss<\/a>\n\t\t\t\t\t\t<\/figure>\n<\/p><\/div>\n<div class=\"col-md-3 col-sm-4 col-xs-6\">\n<figure class=\"widget-icon widget-icon--menaje\">\n<p class=\"widget-icon__image\"><i class=\"seres-icon seres-icon--kitchenware\"><\/i><\/p>\n<p class=\"widget-icon__title\">Ausstattung<\/p>\n<\/figure><\/div>\n<div class=\"col-md-3 col-sm-4 col-xs-6\">\n<figure class=\"widget-icon widget-icon--kit-limpieza\">\n<p class=\"widget-icon__image\"><i class=\"seres-icon seres-icon--cleaning-kit\"><\/i><\/p>\n<p class=\"widget-icon__title\">Sp\u00fclutensilien<\/p>\n<\/figure><\/div>\n<div class=\"col-md-3 col-sm-4 col-xs-6\">\n<figure class=\"widget-icon widget-icon--vajilla\">\n<p class=\"widget-icon__image\"><i class=\"seres-icon seres-icon--tableware\"><\/i><\/p>\n<p class=\"widget-icon__title\">Sp\u00fclmaschine optional<br\/>(zus\u00e4tzliche Kosten)<\/p>\n<\/figure><\/div>\n<div class=\"col-md-3 col-sm-4 col-xs-6\">\n<figure class=\"widget-icon widget-icon--luz\">\n<p class=\"widget-icon__image\"><i class=\"seres-icon seres-icon--reading-light\"><\/i><\/p>\n<p class=\"widget-icon__title\">Leselampe<\/p>\n<\/figure><\/div>\n<div class=\"col-md-3 col-sm-4 col-xs-6\">\n<figure class=\"widget-icon widget-icon--usb\">\n<p class=\"widget-icon__image\"><i class=\"seres-icon seres-icon--usb\"><\/i><\/p>\n<p class=\"widget-icon__title\">USB-Steckdosen<\/p>\n<\/figure><\/div>\n<div class=\"col-md-3 col-sm-4 col-xs-6\">\n<figure class=\"widget-icon widget-icon--caja-fuerte\">\n<p class=\"widget-icon__image\"><i class=\"seres-icon seres-icon--safe\"><\/i><\/p>\n<p class=\"widget-icon__title\">Safe<\/p>\n<\/figure><\/div>\n<div class=\"col-md-3 col-sm-4 col-xs-6\">\n<figure class=\"widget-icon widget-icon--ac\">\n<p class=\"widget-icon__image\"><i class=\"seres-icon seres-icon--ac\"><\/i><\/p>\n<p class=\"widget-icon__title\">Eigene Klimaanlage<\/p>\n<\/figure><\/div>\n<div class=\"col-md-3 col-sm-4 col-xs-6\">\n<figure class=\"widget-icon widget-icon--tv\">\n<p class=\"widget-icon__image\"><i class=\"seres-icon seres-icon--tv\"><\/i><\/p>\n<p class=\"widget-icon__title\">LCD-TV \u2013 mit internationalen Sendern<\/p>\n<\/figure><\/div>\n<div class=\"col-md-3 col-sm-4 col-xs-6\">\n<figure class=\"widget-icon widget-icon--productos-bano\">\n<p class=\"widget-icon__image\"><i class=\"seres-icon seres-icon--bath-products\"><\/i><\/p>\n<p class=\"widget-icon__title\">Hygieneprodukte<\/p>\n<\/figure><\/div>\n<div class=\"col-md-3 col-sm-4 col-xs-6\">\n<figure class=\"widget-icon widget-icon--secador\">\n<p class=\"widget-icon__image\"><i class=\"seres-icon seres-icon--hair-dryer\"><\/i><\/p>\n<p class=\"widget-icon__title\">F\u00f6n<\/p>\n<\/figure><\/div>\n<div class=\"col-md-3 col-sm-4 col-xs-6\">\n<figure class=\"widget-icon widget-icon--espejo\">\n<p class=\"widget-icon__image\"><i class=\"seres-icon seres-icon--mirror\"><\/i><\/p>\n<p class=\"widget-icon__title\">Vergr\u00f6sserungsspiegel<\/p>\n<\/figure><\/div>\n<div class=\"col-md-3 col-sm-4 col-xs-6\">\n<figure class=\"widget-icon widget-icon--tintoreria\">\n<p class=\"widget-icon__image\"><i class=\"seres-icon seres-icon--dry-cleaner\"><\/i><\/p>\n<p class=\"widget-icon__title\">Reinigung \u2013 Kleidung waschen und b\u00fcgeln<\/p>\n<\/figure><\/div>\n<div class=\"col-md-3 col-sm-4 col-xs-6\">\n<figure class=\"widget-icon widget-icon--lavanderia\">\n\t\t\t\t\t\t\t<a href=\"https:\/\/www.jardinesdesabatini.com\/de\/waescherei-self-service\/\" class=\"widget-icon__image\"><i class=\"seres-icon seres-icon--washing-machine\"><\/i><\/a>\n\t\t\t\t\t\t\t<a href=\"https:\/\/www.jardinesdesabatini.com\/de\/waescherei-self-service\/\" class=\"widget-icon__title\">W\u00e4scherei \u2013 self service<\/a>\n\t\t\t\t\t\t<\/figure>\n<\/p><\/div>\n<div class=\"col-md-3 col-sm-4 col-xs-6\">\n<figure class=\"widget-icon widget-icon--plancha\">\n<p class=\"widget-icon__image\"><i class=\"seres-icon seres-icon--iron\"><\/i><\/p>\n<p class=\"widget-icon__title\">B\u00fcgeleisen und B\u00fcgelbrett<\/p>\n<\/figure><\/div>\n<div class=\"col-md-3 col-sm-4 col-xs-6\">\n<figure class=\"widget-icon widget-icon--room-3\">\n<p class=\"widget-icon__image\"><i class=\"seres-icon seres-icon--triple-room\"><\/i><\/p>\n<p class=\"widget-icon__title\">Dreibettzimmer<\/p>\n<\/figure><\/div>\n<div class=\"col-md-3 col-sm-4 col-xs-6\">\n<figure class=\"widget-icon widget-icon--room-4\">\n<p class=\"widget-icon__image\"><i class=\"seres-icon seres-icon--quadruple-room\"><\/i><\/p>\n<p class=\"widget-icon__title\">Vierbettzimmer<\/p>\n<\/figure><\/div>\n<div class=\"col-md-3 col-sm-4 col-xs-6\">\n<figure class=\"widget-icon widget-icon--cunas\">\n<p class=\"widget-icon__image\"><i class=\"seres-icon seres-icon--cradle\"><\/i><\/p>\n<p class=\"widget-icon__title\">Wiege (auf Nachfrage)<\/p>\n<\/figure><\/div>\n<div class=\"col-md-3 col-sm-4 col-xs-6\">\n<figure class=\"widget-icon widget-icon--albornoz\">\n<p class=\"widget-icon__image\"><i class=\"seres-icon seres-icon--bathrobe\"><\/i><\/p>\n<p class=\"widget-icon__title\">Bademantel und Hausschuhe<br\/>(auf Nachfrage)<\/p>\n<\/figure><\/div>\n<\/p><\/div>\n<\/p><\/div>\n<\/p><\/div>\n","protected":false},"excerpt":{"rendered":"<p>Ausgestattete Kochecke T\u00e4gliche Zimmerreinigung KOSTENLOSES WLAN mit Breitbandanschluss Ausstattung Sp\u00fclutensilien Sp\u00fclmaschine optional(zus\u00e4tzliche Kosten) Leselampe USB-Steckdosen Safe Eigene Klimaanlage LCD-TV \u2013 mit internationalen Sendern Hygieneprodukte F\u00f6n Vergr\u00f6sserungsspiegel Reinigung \u2013 Kleidung waschen und b\u00fcgeln W\u00e4scherei \u2013 self service B\u00fcgeleisen und B\u00fcgelbrett Dreibettzimmer Vierbettzimmer Wiege (auf Nachfrage) Bademantel und Hausschuhe(auf Nachfrage)<\/p>\n","protected":false},"author":1,"featured_media":1028,"parent":2524,"menu_order":0,"comment_status":"closed","ping_status":"closed","template":"template-aparthotel-servicios-habitaciones.php","meta":{"_joinchat":[]},"yoast_head":"<!-- This site is optimized with the Yoast SEO plugin v20.13 - https:\/\/yoast.com\/wordpress\/plugins\/seo\/ -->\n<title>Zimmerservice |<\/title>\n<meta name=\"description\" content=\"Aparthotel Madrid: der Komfort und der Service eines Hotels im Zentrum von Madrid, direkt am K\u00f6nigspalast. Aparthotel Jardines de Sabatini, offzielle Webseite\" \/>\n<meta name=\"robots\" content=\"index, follow, max-snippet:-1, max-image-preview:large, max-video-preview:-1\" \/>\n<link rel=\"canonical\" href=\"https:\/\/www.jardinesdesabatini.com\/de\/apartamentos-hotel\/hotelservice\/zimmerservice\/\" \/>\n<meta property=\"og:locale\" content=\"de_DE\" \/>\n<meta property=\"og:type\" content=\"article\" \/>\n<meta property=\"og:title\" content=\"Zimmerservice |\" \/>\n<meta property=\"og:description\" content=\"Aparthotel Madrid: der Komfort und der Service eines Hotels im Zentrum von Madrid, direkt am K\u00f6nigspalast. Aparthotel Jardines de Sabatini, offzielle Webseite\" \/>\n<meta property=\"og:url\" content=\"https:\/\/www.jardinesdesabatini.com\/de\/apartamentos-hotel\/hotelservice\/zimmerservice\/\" \/>\n<meta property=\"article:publisher\" content=\"https:\/\/www.facebook.com\/HotelJardinesDeSabatini\/\" \/>\n<meta property=\"article:modified_time\" content=\"2024-11-20T16:32:02+00:00\" \/>\n<meta property=\"og:image\" content=\"https:\/\/www.jardinesdesabatini.com\/wp-content\/uploads\/2016\/11\/header-servicios-habitaciones.jpg\" \/>\n\t<meta property=\"og:image:width\" content=\"1920\" \/>\n\t<meta property=\"og:image:height\" content=\"700\" \/>\n\t<meta property=\"og:image:type\" content=\"image\/jpeg\" \/>\n<meta name=\"twitter:card\" content=\"summary_large_image\" \/>\n<meta name=\"twitter:label1\" content=\"Gesch\u00e4tzte Lesezeit\" \/>\n\t<meta name=\"twitter:data1\" content=\"1\u00a0Minute\" \/>\n<script type=\"application\/ld+json\" class=\"yoast-schema-graph\">{\"@context\":\"https:\/\/schema.org\",\"@graph\":[{\"@type\":\"WebPage\",\"@id\":\"https:\/\/www.jardinesdesabatini.com\/de\/apartamentos-hotel\/hotelservice\/zimmerservice\/\",\"url\":\"https:\/\/www.jardinesdesabatini.com\/de\/apartamentos-hotel\/hotelservice\/zimmerservice\/\",\"name\":\"Zimmerservice |\",\"isPartOf\":{\"@id\":\"https:\/\/www.jardinesdesabatini.com\/en\/#website\"},\"datePublished\":\"2019-02-11T12:26:11+00:00\",\"dateModified\":\"2024-11-20T16:32:02+00:00\",\"description\":\"Aparthotel Madrid: der Komfort und der Service eines Hotels im Zentrum von Madrid, direkt am K\u00f6nigspalast. Aparthotel Jardines de Sabatini, offzielle Webseite\",\"breadcrumb\":{\"@id\":\"https:\/\/www.jardinesdesabatini.com\/de\/apartamentos-hotel\/hotelservice\/zimmerservice\/#breadcrumb\"},\"inLanguage\":\"de\",\"potentialAction\":[{\"@type\":\"ReadAction\",\"target\":[\"https:\/\/www.jardinesdesabatini.com\/de\/apartamentos-hotel\/hotelservice\/zimmerservice\/\"]}]},{\"@type\":\"BreadcrumbList\",\"@id\":\"https:\/\/www.jardinesdesabatini.com\/de\/apartamentos-hotel\/hotelservice\/zimmerservice\/#breadcrumb\",\"itemListElement\":[{\"@type\":\"ListItem\",\"position\":1,\"name\":\"Portada\",\"item\":\"https:\/\/www.jardinesdesabatini.com\/de\/\"},{\"@type\":\"ListItem\",\"position\":2,\"name\":\"Apartments &#038; Hotel\",\"item\":\"https:\/\/www.jardinesdesabatini.com\/de\/apartamentos-hotel\/\"},{\"@type\":\"ListItem\",\"position\":3,\"name\":\"Hotelservice\",\"item\":\"https:\/\/www.jardinesdesabatini.com\/de\/apartamentos-hotel\/hotelservice\/\"},{\"@type\":\"ListItem\",\"position\":4,\"name\":\"Zimmerservice\"}]},{\"@type\":\"WebSite\",\"@id\":\"https:\/\/www.jardinesdesabatini.com\/en\/#website\",\"url\":\"https:\/\/www.jardinesdesabatini.com\/en\/\",\"name\":\"\",\"description\":\"Alojamiento en Madrid\",\"publisher\":{\"@id\":\"https:\/\/www.jardinesdesabatini.com\/en\/#organization\"},\"potentialAction\":[{\"@type\":\"SearchAction\",\"target\":{\"@type\":\"EntryPoint\",\"urlTemplate\":\"https:\/\/www.jardinesdesabatini.com\/en\/?s={search_term_string}\"},\"query-input\":\"required name=search_term_string\"}],\"inLanguage\":\"de\"},{\"@type\":\"Organization\",\"@id\":\"https:\/\/www.jardinesdesabatini.com\/en\/#organization\",\"name\":\"Jardines de Sabatini Apartosuites\",\"url\":\"https:\/\/www.jardinesdesabatini.com\/en\/\",\"logo\":{\"@type\":\"ImageObject\",\"inLanguage\":\"de\",\"@id\":\"https:\/\/www.jardinesdesabatini.com\/en\/#\/schema\/logo\/image\/\",\"url\":\"https:\/\/www.jardinesdesabatini.com\/wp-content\/uploads\/2016\/11\/Logo-Verde.png\",\"contentUrl\":\"https:\/\/www.jardinesdesabatini.com\/wp-content\/uploads\/2016\/11\/Logo-Verde.png\",\"width\":500,\"height\":310,\"caption\":\"Jardines de Sabatini Apartosuites\"},\"image\":{\"@id\":\"https:\/\/www.jardinesdesabatini.com\/en\/#\/schema\/logo\/image\/\"},\"sameAs\":[\"https:\/\/www.facebook.com\/HotelJardinesDeSabatini\/\",\"https:\/\/www.instagram.com\/hotelsabatini\/\",\"https:\/\/www.linkedin.com\/company\/apartosuites-jardines-de-sabatini\",\"https:\/\/www.youtube.com\/user\/ApartosuitesJdeS\"]}]}<\/script>\n<!-- \/ Yoast SEO plugin. -->","yoast_head_json":{"title":"Zimmerservice |","description":"Aparthotel Madrid: der Komfort und der Service eines Hotels im Zentrum von Madrid, direkt am K\u00f6nigspalast. Aparthotel Jardines de Sabatini, offzielle Webseite","robots":{"index":"index","follow":"follow","max-snippet":"max-snippet:-1","max-image-preview":"max-image-preview:large","max-video-preview":"max-video-preview:-1"},"canonical":"https:\/\/www.jardinesdesabatini.com\/de\/apartamentos-hotel\/hotelservice\/zimmerservice\/","og_locale":"de_DE","og_type":"article","og_title":"Zimmerservice |","og_description":"Aparthotel Madrid: der Komfort und der Service eines Hotels im Zentrum von Madrid, direkt am K\u00f6nigspalast. Aparthotel Jardines de Sabatini, offzielle Webseite","og_url":"https:\/\/www.jardinesdesabatini.com\/de\/apartamentos-hotel\/hotelservice\/zimmerservice\/","article_publisher":"https:\/\/www.facebook.com\/HotelJardinesDeSabatini\/","article_modified_time":"2024-11-20T16:32:02+00:00","og_image":[{"width":1920,"height":700,"url":"https:\/\/www.jardinesdesabatini.com\/wp-content\/uploads\/2016\/11\/header-servicios-habitaciones.jpg","type":"image\/jpeg"}],"twitter_card":"summary_large_image","twitter_misc":{"Gesch\u00e4tzte Lesezeit":"1\u00a0Minute"},"schema":{"@context":"https:\/\/schema.org","@graph":[{"@type":"WebPage","@id":"https:\/\/www.jardinesdesabatini.com\/de\/apartamentos-hotel\/hotelservice\/zimmerservice\/","url":"https:\/\/www.jardinesdesabatini.com\/de\/apartamentos-hotel\/hotelservice\/zimmerservice\/","name":"Zimmerservice |","isPartOf":{"@id":"https:\/\/www.jardinesdesabatini.com\/en\/#website"},"datePublished":"2019-02-11T12:26:11+00:00","dateModified":"2024-11-20T16:32:02+00:00","description":"Aparthotel Madrid: der Komfort und der Service eines Hotels im Zentrum von Madrid, direkt am K\u00f6nigspalast. Aparthotel Jardines de Sabatini, offzielle Webseite","breadcrumb":{"@id":"https:\/\/www.jardinesdesabatini.com\/de\/apartamentos-hotel\/hotelservice\/zimmerservice\/#breadcrumb"},"inLanguage":"de","potentialAction":[{"@type":"ReadAction","target":["https:\/\/www.jardinesdesabatini.com\/de\/apartamentos-hotel\/hotelservice\/zimmerservice\/"]}]},{"@type":"BreadcrumbList","@id":"https:\/\/www.jardinesdesabatini.com\/de\/apartamentos-hotel\/hotelservice\/zimmerservice\/#breadcrumb","itemListElement":[{"@type":"ListItem","position":1,"name":"Portada","item":"https:\/\/www.jardinesdesabatini.com\/de\/"},{"@type":"ListItem","position":2,"name":"Apartments &#038; Hotel","item":"https:\/\/www.jardinesdesabatini.com\/de\/apartamentos-hotel\/"},{"@type":"ListItem","position":3,"name":"Hotelservice","item":"https:\/\/www.jardinesdesabatini.com\/de\/apartamentos-hotel\/hotelservice\/"},{"@type":"ListItem","position":4,"name":"Zimmerservice"}]},{"@type":"WebSite","@id":"https:\/\/www.jardinesdesabatini.com\/en\/#website","url":"https:\/\/www.jardinesdesabatini.com\/en\/","name":"","description":"Alojamiento en Madrid","publisher":{"@id":"https:\/\/www.jardinesdesabatini.com\/en\/#organization"},"potentialAction":[{"@type":"SearchAction","target":{"@type":"EntryPoint","urlTemplate":"https:\/\/www.jardinesdesabatini.com\/en\/?s={search_term_string}"},"query-input":"required name=search_term_string"}],"inLanguage":"de"},{"@type":"Organization","@id":"https:\/\/www.jardinesdesabatini.com\/en\/#organization","name":"Jardines de Sabatini Apartosuites","url":"https:\/\/www.jardinesdesabatini.com\/en\/","logo":{"@type":"ImageObject","inLanguage":"de","@id":"https:\/\/www.jardinesdesabatini.com\/en\/#\/schema\/logo\/image\/","url":"https:\/\/www.jardinesdesabatini.com\/wp-content\/uploads\/2016\/11\/Logo-Verde.png","contentUrl":"https:\/\/www.jardinesdesabatini.com\/wp-content\/uploads\/2016\/11\/Logo-Verde.png","width":500,"height":310,"caption":"Jardines de Sabatini Apartosuites"},"image":{"@id":"https:\/\/www.jardinesdesabatini.com\/en\/#\/schema\/logo\/image\/"},"sameAs":["https:\/\/www.facebook.com\/HotelJardinesDeSabatini\/","https:\/\/www.instagram.com\/hotelsabatini\/","https:\/\/www.linkedin.com\/company\/apartosuites-jardines-de-sabatini","https:\/\/www.youtube.com\/user\/ApartosuitesJdeS"]}]}},"_links":{"self":[{"href":"https:\/\/www.jardinesdesabatini.com\/de\/wp-json\/wp\/v2\/pages\/2537"}],"collection":[{"href":"https:\/\/www.jardinesdesabatini.com\/de\/wp-json\/wp\/v2\/pages"}],"about":[{"href":"https:\/\/www.jardinesdesabatini.com\/de\/wp-json\/wp\/v2\/types\/page"}],"author":[{"embeddable":true,"href":"https:\/\/www.jardinesdesabatini.com\/de\/wp-json\/wp\/v2\/users\/1"}],"replies":[{"embeddable":true,"href":"https:\/\/www.jardinesdesabatini.com\/de\/wp-json\/wp\/v2\/comments?post=2537"}],"version-history":[{"count":6,"href":"https:\/\/www.jardinesdesabatini.com\/de\/wp-json\/wp\/v2\/pages\/2537\/revisions"}],"predecessor-version":[{"id":6089,"href":"https:\/\/www.jardinesdesabatini.com\/de\/wp-json\/wp\/v2\/pages\/2537\/revisions\/6089"}],"up":[{"embeddable":true,"href":"https:\/\/www.jardinesdesabatini.com\/de\/wp-json\/wp\/v2\/pages\/2524"}],"wp:featuredmedia":[{"embeddable":true,"href":"https:\/\/www.jardinesdesabatini.com\/de\/wp-json\/wp\/v2\/media\/1028"}],"wp:attachment":[{"href":"https:\/\/www.jardinesdesabatini.com\/de\/wp-json\/wp\/v2\/media?parent=2537"}],"curies":[{"name":"wp","href":"https:\/\/api.w.org\/{rel}","templated":true}]}}