{"id":2543,"date":"2019-02-11T12:32:15","date_gmt":"2019-02-11T12:32:15","guid":{"rendered":"https:\/\/www.jardinesdesabatini.com\/?page_id=2543"},"modified":"2024-02-01T16:04:57","modified_gmt":"2024-02-01T16:04:57","slug":"fruehstueck-und-gastronomie","status":"publish","type":"page","link":"https:\/\/www.jardinesdesabatini.com\/de\/apartamentos-hotel\/hotelservice\/fruehstueck-und-gastronomie\/","title":{"rendered":"Fr\u00fchst\u00fcck und gastronomie"},"content":{"rendered":"<div class=\"block block--big\">\n<div class=\"container\">\n<div class=\"widget-image\">\n<div class=\"widget-image__col\">\u00a0<\/div>\n<div class=\"widget-image__col\">\n<h2 class=\"widget-image__title\">FR\u00dcHST\u00dcCKSBUFFET<\/h2>\n<article class=\"widget-image__content post\">\n<p>Geniessen Sie nach dem Aufstehen unser k\u00f6stliches Fr\u00fchst\u00fccksbuffet. Das Fr\u00fchst\u00fccksangebot beinhaltet Caf\u00e9 Expreso, Tees, Fruchts\u00e4fte, Feinb\u00e4ckerei frisch aus dem Ofen (Croissants, mit Schokolade oder Vanillecreme gef\u00fcllte Teigtaschen, Schnecken, Donuts, gef\u00fcllte Mini-Muffins) und frisch geschnittene Fr\u00fcchte. Au\u00dferdem gibt es Obstsalat, Kuchen, verschiedene M\u00fcslis, frisch aus dem Ofen kommendes Brot, eine K\u00e4se- und Aufschnittplatte, Joghurts, gekochte Eier, R\u00fchrei und Speck u.a. Am Wochenende gibt es mit Churros und Tortilla eine spanische Zugabe.<\/p>\n<p><strong><em>MONTAG BIS FREITAG<\/em><\/strong> von 07:00 bis 11:00 Uhr.<br \/>\n<strong><em>SAMSTAG, SONNTAG &amp; FEIERTAGE<\/em><\/strong> von 08:00 bis 11:00 Uhr.<\/p>\n<\/article>\n<\/div>\n<\/div>\n<div class=\"widget-image widget-image--reverse\">\n<div class=\"widget-image__col\">\u00a0<\/div>\n<div class=\"widget-image__col\">\n<h2 class=\"widget-image__title\">FR\u00dcHST\u00dcCK F\u00dcR FR\u00dcHAUFSTEHER<\/h2>\n<article class=\"widget-image__content post\">\n<p>Wenn Sie fr\u00fch raus m\u00fcssen und unser Fr\u00fchst\u00fccksbuffet noch nicht ge\u00f6ffnet ist, informieren Sie sich bitte am Abend vorher bei uns, so dass wir Ihnen zu Ihrer Wunschzeit ein kontinentales Fr\u00fchst\u00fcck zubereiten k\u00f6nnen. Dieses beinhaltet Caf\u00e9 Expreso, Tees, S\u00e4fte, Toast und verschiedene Teilchen aus der Feinb\u00e4ckerei. Wenn Sie w\u00fcnschen, bereiten wir es zum Mitnehmen vor..<\/p>\n<p><strong><em>JEDEN TAG<\/em><\/strong> von 5:30 Uhr bis 7:30\/8:00 Uhr.<\/p>\n<\/article>\n<\/div>\n<\/div>\n<div class=\"widget-image\">\n<div class=\"widget-image__col\">\u00a0<\/div>\n<div class=\"widget-image__col\">\n<h2 class=\"widget-image__title\">GETR\u00c4NKESERVICE<\/h2>\n<article class=\"widget-image__content post\">\n<p>Geniessen Sie unseren Caf\u00e9 Nesespresso, Tee oder jegliche Art von Erfrischungsgetr\u00e4nken oder Snacks in unserem Empfangsbereich.<\/p>\n<\/article>\n<\/div>\n<\/div>\n<div class=\"widget-image widget-image--reverse\">\n<div class=\"widget-image__col\">\u00a0<\/div>\n<div class=\"widget-image__col\">\n<h2 class=\"widget-image__title\">COCKTAILBAR AUF DER DACHTERASSE<\/h2>\n<article class=\"widget-image__content post\">\n<p>Entspannen Sie sich von Juni bis September in unserem Chill-Out Ambiente und geniessen Sie dabei unser originelles Tapas-Angebot. Wir haben ausserdem eine vielf\u00e4ltige Auswahl an Cocktails und Longdrinks.\u00a0<\/p>\n<\/article>\n<footer class=\"widget-image__footer\"><a class=\"widget-image__link btn btn--border-dark\" href=\"https:\/\/www.jardinesdesabatini.com\/de\/sabatini-dachterasse\/\">MEHR INFORMATION UND RESERVIERUNG<\/a><\/footer>\n<\/div>\n<\/div>\n<\/div>\n<\/div>\n","protected":false},"excerpt":{"rendered":"<p>\u00a0 FR\u00dcHST\u00dcCKSBUFFET Geniessen Sie nach dem Aufstehen unser k\u00f6stliches Fr\u00fchst\u00fccksbuffet. Das Fr\u00fchst\u00fccksangebot beinhaltet Caf\u00e9 Expreso, Tees, Fruchts\u00e4fte, Feinb\u00e4ckerei frisch aus dem Ofen (Croissants, mit Schokolade oder Vanillecreme gef\u00fcllte Teigtaschen, Schnecken, Donuts, gef\u00fcllte Mini-Muffins) und frisch geschnittene Fr\u00fcchte. Au\u00dferdem gibt es Obstsalat, Kuchen, verschiedene M\u00fcslis, frisch aus dem Ofen kommendes Brot, eine K\u00e4se- und Aufschnittplatte, Joghurts, [&hellip;]<\/p>\n","protected":false},"author":1,"featured_media":1033,"parent":2524,"menu_order":0,"comment_status":"closed","ping_status":"closed","template":"template-aparthotel-servicios-restauracion.php","meta":{"_joinchat":[]},"yoast_head":"<!-- This site is optimized with the Yoast SEO plugin v20.13 - https:\/\/yoast.com\/wordpress\/plugins\/seo\/ -->\n<title>Fr\u00fchst\u00fcck und gastronomie |<\/title>\n<meta name=\"description\" content=\"Geniessen Sie unser herrliches und vollst\u00e4ndiges Fr\u00fchst\u00fccksbuffet im Apartosuites Jardines Sabatini. St\u00e4rken Sie sich, um das Zentrum von Madrid zu erkunden\" \/>\n<meta name=\"robots\" content=\"index, follow, max-snippet:-1, max-image-preview:large, max-video-preview:-1\" \/>\n<link rel=\"canonical\" href=\"https:\/\/www.jardinesdesabatini.com\/de\/apartamentos-hotel\/hotelservice\/fruehstueck-und-gastronomie\/\" \/>\n<meta property=\"og:locale\" content=\"de_DE\" \/>\n<meta property=\"og:type\" content=\"article\" \/>\n<meta property=\"og:title\" content=\"Fr\u00fchst\u00fcck und gastronomie |\" \/>\n<meta property=\"og:description\" content=\"Geniessen Sie unser herrliches und vollst\u00e4ndiges Fr\u00fchst\u00fccksbuffet im Apartosuites Jardines Sabatini. St\u00e4rken Sie sich, um das Zentrum von Madrid zu erkunden\" \/>\n<meta property=\"og:url\" content=\"https:\/\/www.jardinesdesabatini.com\/de\/apartamentos-hotel\/hotelservice\/fruehstueck-und-gastronomie\/\" \/>\n<meta property=\"article:publisher\" content=\"https:\/\/www.facebook.com\/HotelJardinesDeSabatini\/\" \/>\n<meta property=\"article:modified_time\" content=\"2024-02-01T16:04:57+00:00\" \/>\n<meta property=\"og:image\" content=\"https:\/\/www.jardinesdesabatini.com\/wp-content\/uploads\/2016\/11\/header-servicios-restauracion-1.jpg\" \/>\n\t<meta property=\"og:image:width\" content=\"1920\" \/>\n\t<meta property=\"og:image:height\" content=\"700\" \/>\n\t<meta property=\"og:image:type\" content=\"image\/jpeg\" \/>\n<meta name=\"twitter:card\" content=\"summary_large_image\" \/>\n<meta name=\"twitter:label1\" content=\"Gesch\u00e4tzte Lesezeit\" \/>\n\t<meta name=\"twitter:data1\" content=\"1\u00a0Minute\" \/>\n<script type=\"application\/ld+json\" class=\"yoast-schema-graph\">{\"@context\":\"https:\/\/schema.org\",\"@graph\":[{\"@type\":\"WebPage\",\"@id\":\"https:\/\/www.jardinesdesabatini.com\/de\/apartamentos-hotel\/hotelservice\/fruehstueck-und-gastronomie\/\",\"url\":\"https:\/\/www.jardinesdesabatini.com\/de\/apartamentos-hotel\/hotelservice\/fruehstueck-und-gastronomie\/\",\"name\":\"Fr\u00fchst\u00fcck und gastronomie |\",\"isPartOf\":{\"@id\":\"https:\/\/www.jardinesdesabatini.com\/en\/#website\"},\"datePublished\":\"2019-02-11T12:32:15+00:00\",\"dateModified\":\"2024-02-01T16:04:57+00:00\",\"description\":\"Geniessen Sie unser herrliches und vollst\u00e4ndiges Fr\u00fchst\u00fccksbuffet im Apartosuites Jardines Sabatini. St\u00e4rken Sie sich, um das Zentrum von Madrid zu erkunden\",\"breadcrumb\":{\"@id\":\"https:\/\/www.jardinesdesabatini.com\/de\/apartamentos-hotel\/hotelservice\/fruehstueck-und-gastronomie\/#breadcrumb\"},\"inLanguage\":\"de\",\"potentialAction\":[{\"@type\":\"ReadAction\",\"target\":[\"https:\/\/www.jardinesdesabatini.com\/de\/apartamentos-hotel\/hotelservice\/fruehstueck-und-gastronomie\/\"]}]},{\"@type\":\"BreadcrumbList\",\"@id\":\"https:\/\/www.jardinesdesabatini.com\/de\/apartamentos-hotel\/hotelservice\/fruehstueck-und-gastronomie\/#breadcrumb\",\"itemListElement\":[{\"@type\":\"ListItem\",\"position\":1,\"name\":\"Portada\",\"item\":\"https:\/\/www.jardinesdesabatini.com\/de\/\"},{\"@type\":\"ListItem\",\"position\":2,\"name\":\"Apartments &#038; Hotel\",\"item\":\"https:\/\/www.jardinesdesabatini.com\/de\/apartamentos-hotel\/\"},{\"@type\":\"ListItem\",\"position\":3,\"name\":\"Hotelservice\",\"item\":\"https:\/\/www.jardinesdesabatini.com\/de\/apartamentos-hotel\/hotelservice\/\"},{\"@type\":\"ListItem\",\"position\":4,\"name\":\"Fr\u00fchst\u00fcck und gastronomie\"}]},{\"@type\":\"WebSite\",\"@id\":\"https:\/\/www.jardinesdesabatini.com\/en\/#website\",\"url\":\"https:\/\/www.jardinesdesabatini.com\/en\/\",\"name\":\"\",\"description\":\"Alojamiento en Madrid\",\"publisher\":{\"@id\":\"https:\/\/www.jardinesdesabatini.com\/en\/#organization\"},\"potentialAction\":[{\"@type\":\"SearchAction\",\"target\":{\"@type\":\"EntryPoint\",\"urlTemplate\":\"https:\/\/www.jardinesdesabatini.com\/en\/?s={search_term_string}\"},\"query-input\":\"required name=search_term_string\"}],\"inLanguage\":\"de\"},{\"@type\":\"Organization\",\"@id\":\"https:\/\/www.jardinesdesabatini.com\/en\/#organization\",\"name\":\"Jardines de Sabatini Apartosuites\",\"url\":\"https:\/\/www.jardinesdesabatini.com\/en\/\",\"logo\":{\"@type\":\"ImageObject\",\"inLanguage\":\"de\",\"@id\":\"https:\/\/www.jardinesdesabatini.com\/en\/#\/schema\/logo\/image\/\",\"url\":\"https:\/\/www.jardinesdesabatini.com\/wp-content\/uploads\/2016\/11\/Logo-Verde.png\",\"contentUrl\":\"https:\/\/www.jardinesdesabatini.com\/wp-content\/uploads\/2016\/11\/Logo-Verde.png\",\"width\":500,\"height\":310,\"caption\":\"Jardines de Sabatini Apartosuites\"},\"image\":{\"@id\":\"https:\/\/www.jardinesdesabatini.com\/en\/#\/schema\/logo\/image\/\"},\"sameAs\":[\"https:\/\/www.facebook.com\/HotelJardinesDeSabatini\/\",\"https:\/\/www.instagram.com\/hotelsabatini\/\",\"https:\/\/www.linkedin.com\/company\/apartosuites-jardines-de-sabatini\",\"https:\/\/www.youtube.com\/user\/ApartosuitesJdeS\"]}]}<\/script>\n<!-- \/ Yoast SEO plugin. -->","yoast_head_json":{"title":"Fr\u00fchst\u00fcck und gastronomie |","description":"Geniessen Sie unser herrliches und vollst\u00e4ndiges Fr\u00fchst\u00fccksbuffet im Apartosuites Jardines Sabatini. St\u00e4rken Sie sich, um das Zentrum von Madrid zu erkunden","robots":{"index":"index","follow":"follow","max-snippet":"max-snippet:-1","max-image-preview":"max-image-preview:large","max-video-preview":"max-video-preview:-1"},"canonical":"https:\/\/www.jardinesdesabatini.com\/de\/apartamentos-hotel\/hotelservice\/fruehstueck-und-gastronomie\/","og_locale":"de_DE","og_type":"article","og_title":"Fr\u00fchst\u00fcck und gastronomie |","og_description":"Geniessen Sie unser herrliches und vollst\u00e4ndiges Fr\u00fchst\u00fccksbuffet im Apartosuites Jardines Sabatini. St\u00e4rken Sie sich, um das Zentrum von Madrid zu erkunden","og_url":"https:\/\/www.jardinesdesabatini.com\/de\/apartamentos-hotel\/hotelservice\/fruehstueck-und-gastronomie\/","article_publisher":"https:\/\/www.facebook.com\/HotelJardinesDeSabatini\/","article_modified_time":"2024-02-01T16:04:57+00:00","og_image":[{"width":1920,"height":700,"url":"https:\/\/www.jardinesdesabatini.com\/wp-content\/uploads\/2016\/11\/header-servicios-restauracion-1.jpg","type":"image\/jpeg"}],"twitter_card":"summary_large_image","twitter_misc":{"Gesch\u00e4tzte Lesezeit":"1\u00a0Minute"},"schema":{"@context":"https:\/\/schema.org","@graph":[{"@type":"WebPage","@id":"https:\/\/www.jardinesdesabatini.com\/de\/apartamentos-hotel\/hotelservice\/fruehstueck-und-gastronomie\/","url":"https:\/\/www.jardinesdesabatini.com\/de\/apartamentos-hotel\/hotelservice\/fruehstueck-und-gastronomie\/","name":"Fr\u00fchst\u00fcck und gastronomie |","isPartOf":{"@id":"https:\/\/www.jardinesdesabatini.com\/en\/#website"},"datePublished":"2019-02-11T12:32:15+00:00","dateModified":"2024-02-01T16:04:57+00:00","description":"Geniessen Sie unser herrliches und vollst\u00e4ndiges Fr\u00fchst\u00fccksbuffet im Apartosuites Jardines Sabatini. St\u00e4rken Sie sich, um das Zentrum von Madrid zu erkunden","breadcrumb":{"@id":"https:\/\/www.jardinesdesabatini.com\/de\/apartamentos-hotel\/hotelservice\/fruehstueck-und-gastronomie\/#breadcrumb"},"inLanguage":"de","potentialAction":[{"@type":"ReadAction","target":["https:\/\/www.jardinesdesabatini.com\/de\/apartamentos-hotel\/hotelservice\/fruehstueck-und-gastronomie\/"]}]},{"@type":"BreadcrumbList","@id":"https:\/\/www.jardinesdesabatini.com\/de\/apartamentos-hotel\/hotelservice\/fruehstueck-und-gastronomie\/#breadcrumb","itemListElement":[{"@type":"ListItem","position":1,"name":"Portada","item":"https:\/\/www.jardinesdesabatini.com\/de\/"},{"@type":"ListItem","position":2,"name":"Apartments &#038; Hotel","item":"https:\/\/www.jardinesdesabatini.com\/de\/apartamentos-hotel\/"},{"@type":"ListItem","position":3,"name":"Hotelservice","item":"https:\/\/www.jardinesdesabatini.com\/de\/apartamentos-hotel\/hotelservice\/"},{"@type":"ListItem","position":4,"name":"Fr\u00fchst\u00fcck und gastronomie"}]},{"@type":"WebSite","@id":"https:\/\/www.jardinesdesabatini.com\/en\/#website","url":"https:\/\/www.jardinesdesabatini.com\/en\/","name":"","description":"Alojamiento en Madrid","publisher":{"@id":"https:\/\/www.jardinesdesabatini.com\/en\/#organization"},"potentialAction":[{"@type":"SearchAction","target":{"@type":"EntryPoint","urlTemplate":"https:\/\/www.jardinesdesabatini.com\/en\/?s={search_term_string}"},"query-input":"required name=search_term_string"}],"inLanguage":"de"},{"@type":"Organization","@id":"https:\/\/www.jardinesdesabatini.com\/en\/#organization","name":"Jardines de Sabatini Apartosuites","url":"https:\/\/www.jardinesdesabatini.com\/en\/","logo":{"@type":"ImageObject","inLanguage":"de","@id":"https:\/\/www.jardinesdesabatini.com\/en\/#\/schema\/logo\/image\/","url":"https:\/\/www.jardinesdesabatini.com\/wp-content\/uploads\/2016\/11\/Logo-Verde.png","contentUrl":"https:\/\/www.jardinesdesabatini.com\/wp-content\/uploads\/2016\/11\/Logo-Verde.png","width":500,"height":310,"caption":"Jardines de Sabatini Apartosuites"},"image":{"@id":"https:\/\/www.jardinesdesabatini.com\/en\/#\/schema\/logo\/image\/"},"sameAs":["https:\/\/www.facebook.com\/HotelJardinesDeSabatini\/","https:\/\/www.instagram.com\/hotelsabatini\/","https:\/\/www.linkedin.com\/company\/apartosuites-jardines-de-sabatini","https:\/\/www.youtube.com\/user\/ApartosuitesJdeS"]}]}},"_links":{"self":[{"href":"https:\/\/www.jardinesdesabatini.com\/de\/wp-json\/wp\/v2\/pages\/2543"}],"collection":[{"href":"https:\/\/www.jardinesdesabatini.com\/de\/wp-json\/wp\/v2\/pages"}],"about":[{"href":"https:\/\/www.jardinesdesabatini.com\/de\/wp-json\/wp\/v2\/types\/page"}],"author":[{"embeddable":true,"href":"https:\/\/www.jardinesdesabatini.com\/de\/wp-json\/wp\/v2\/users\/1"}],"replies":[{"embeddable":true,"href":"https:\/\/www.jardinesdesabatini.com\/de\/wp-json\/wp\/v2\/comments?post=2543"}],"version-history":[{"count":19,"href":"https:\/\/www.jardinesdesabatini.com\/de\/wp-json\/wp\/v2\/pages\/2543\/revisions"}],"predecessor-version":[{"id":6069,"href":"https:\/\/www.jardinesdesabatini.com\/de\/wp-json\/wp\/v2\/pages\/2543\/revisions\/6069"}],"up":[{"embeddable":true,"href":"https:\/\/www.jardinesdesabatini.com\/de\/wp-json\/wp\/v2\/pages\/2524"}],"wp:featuredmedia":[{"embeddable":true,"href":"https:\/\/www.jardinesdesabatini.com\/de\/wp-json\/wp\/v2\/media\/1033"}],"wp:attachment":[{"href":"https:\/\/www.jardinesdesabatini.com\/de\/wp-json\/wp\/v2\/media?parent=2543"}],"curies":[{"name":"wp","href":"https:\/\/api.w.org\/{rel}","templated":true}]}}