{"id":2728,"date":"2019-02-13T11:43:23","date_gmt":"2019-02-13T11:43:23","guid":{"rendered":"https:\/\/www.jardinesdesabatini.com\/?page_id=2728"},"modified":"2020-02-25T01:20:59","modified_gmt":"2020-02-25T01:20:59","slug":"oldtimer-museum","status":"publish","type":"page","link":"https:\/\/www.jardinesdesabatini.com\/de\/oldtimer-museum\/","title":{"rendered":"Oldtimer-Museum"},"content":{"rendered":"<div class=\"block block--fit block--big\">\n<div class=\"container\">\n<header class=\"block-header block-header--border\">\n<h2 class=\"block-header__title\">K\u00f6nnen Sie sich vorstellen, wie es ist, eine Zeitreise zu machen, ohne das Hotel zu verlassen?<\/h2>\n<\/header>\n<article class=\"post align-center\">\n<p>Geniessen Sie dieses einzigartige Erlebnis, in die Anf\u00e4nge des 20. Jahrhunderts zu reisen, indem Sie unsere Oldtimer-Ausstellung besuchen und die originalen Fotografien Madrids aus der Epoche anschauen.<\/p>\n<p>Geniessen Sie eine gef\u00fchrte Tour durch unser kleines Museum, die nicht nur Autoliebhabern, sondern auch allen anderen Vergn\u00fcgen bereitet, da Sie sich sowohl wie ein Gangster in den 20er Jahren f\u00fchlen, als auch lernen, wie ein FORD T des Jahres 1915 funktioniert oder ein Foto in unserem \u201cEi\u201d (Issetta der 50er Jahre) machen k\u00f6nnen. Es wird eine unvergessliche Erfahrung f\u00fcr die ganze Familie sein.<\/p>\n<\/article>\n<\/div>\n<\/div>\n<figure class=\"feat-full feat-full--simple\" style=\"background-image: url(https:\/\/www.jardinesdesabatini.com\/wp-content\/themes\/sabatini\/images\/museo\/feat\/feat-1.jpg)\">\n<div class=\"feat-full__col feat-full__col--secondary\">\n<hgroup class=\"feat__body\">\n<h2 class=\"feat__body-title\">KOSTENLOSE F\u00dcHRUNG, EXKLUSIV F\u00dcR UNSERE HOTELG\u00c4STE<\/h2>\n<h5 class=\"feat__body-desc\">Informieren Sie sich an der Rezeption \u00fcber die Zeiten der F\u00fchrungen<\/h5>\n<\/hgroup>\n<\/div>\n<\/figure>\n<figure class=\"feat-full feat-full--reverse feat-full--simple\" style=\"background-image: url(https:\/\/www.jardinesdesabatini.com\/wp-content\/themes\/sabatini\/images\/museo\/feat\/feat-2.jpg)\">\n<div class=\"feat-full__col feat-full__col--secondary\">\n<hgroup class=\"feat__body\">\n<h2 class=\"feat__body-title\">GENIESSEN SIE DIESES EINZIGARTIGE ERLEBNIS IN MADRID<\/h2>\n<h5 class=\"feat__body-desc\">Reisen Sie zur\u00fcck in die madrilenischen Anf\u00e4nge des 20. Jh., ohne das Hotel zu verlassen<\/h5>\n<\/hgroup>\n<\/div>\n<\/figure>\n<div class=\"block block--big no-pb\">\n<div class=\"container\">\n<header class=\"block-header block-header--border\">\n<h2 class=\"block-header__title\">Das ideale geschenk, um ihren partner zu \u00fcberraschen<\/h2>\n<\/header>\n<article class=\"post align-center\">\n<p>N\u00e4chtigen Sie bei uns und \u00fcberraschen Sie Ihren Partner mit diesem einzigartigen Erlebnis. Geniessen Sie dieses wunderbare Museum mit Oldtimern, in dem Sie zur\u00fcck in ein Madrid in den Anf\u00e4ngen des 20. Jh. reisen.<\/p>\n<\/article>\n<footer class=\"block-museo-contact\">\n<h3 class=\"block-museo-contact__title\">M\u00f6chten Sie mit uns ein exklusives Event organisieren?<\/h3>\n<p><a class=\"block-museo-contact__btn btn btn--border-dark\" title=\"KONTAKTIEREN SIE UNS\" href=\"https:\/\/www.jardinesdesabatini.com\/de\/events\/#new-event\">KONTAKTIEREN SIE UNS<\/a><\/footer>\n<\/div>\n<\/div>\n","protected":false},"excerpt":{"rendered":"<p>K\u00f6nnen Sie sich vorstellen, wie es ist, eine Zeitreise zu machen, ohne das Hotel zu verlassen? Geniessen Sie dieses einzigartige Erlebnis, in die Anf\u00e4nge des 20. Jahrhunderts zu reisen, indem Sie unsere Oldtimer-Ausstellung besuchen und die originalen Fotografien Madrids aus der Epoche anschauen. Geniessen Sie eine gef\u00fchrte Tour durch unser kleines Museum, die nicht nur [&hellip;]<\/p>\n","protected":false},"author":1,"featured_media":1228,"parent":0,"menu_order":0,"comment_status":"closed","ping_status":"closed","template":"template-museo.php","meta":{"_joinchat":[]},"yoast_head":"<!-- This site is optimized with the Yoast SEO plugin v20.13 - https:\/\/yoast.com\/wordpress\/plugins\/seo\/ -->\n<title>Oldtimer Museum | Apartosuites Jardines de Sabatini Madrid<\/title>\n<meta name=\"description\" content=\"\ud83d\ude96 Erleben Sie eine einzigartige Erfahrung, indem Sie unsere im Hotel untergebrachte Oldtimer Ausstellung besuchen. Der Eintritt ist kostenlos und exklusiv f\u00fcr unsere untergebrachten G\u00e4ste\" \/>\n<meta name=\"robots\" content=\"index, follow, max-snippet:-1, max-image-preview:large, max-video-preview:-1\" \/>\n<link rel=\"canonical\" href=\"https:\/\/www.jardinesdesabatini.com\/de\/oldtimer-museum\/\" \/>\n<meta property=\"og:locale\" content=\"de_DE\" \/>\n<meta property=\"og:type\" content=\"article\" \/>\n<meta property=\"og:title\" content=\"Oldtimer Museum | Apartosuites Jardines de Sabatini Madrid\" \/>\n<meta property=\"og:description\" content=\"\ud83d\ude96 Erleben Sie eine einzigartige Erfahrung, indem Sie unsere im Hotel untergebrachte Oldtimer Ausstellung besuchen. Der Eintritt ist kostenlos und exklusiv f\u00fcr unsere untergebrachten G\u00e4ste\" \/>\n<meta property=\"og:url\" content=\"https:\/\/www.jardinesdesabatini.com\/de\/oldtimer-museum\/\" \/>\n<meta property=\"article:publisher\" content=\"https:\/\/www.facebook.com\/HotelJardinesDeSabatini\/\" \/>\n<meta property=\"article:modified_time\" content=\"2020-02-25T01:20:59+00:00\" \/>\n<meta property=\"og:image\" content=\"https:\/\/www.jardinesdesabatini.com\/wp-content\/uploads\/2016\/11\/header-12.jpg\" \/>\n\t<meta property=\"og:image:width\" content=\"1920\" \/>\n\t<meta property=\"og:image:height\" content=\"700\" \/>\n\t<meta property=\"og:image:type\" content=\"image\/jpeg\" \/>\n<meta name=\"twitter:card\" content=\"summary_large_image\" \/>\n<meta name=\"twitter:label1\" content=\"Gesch\u00e4tzte Lesezeit\" \/>\n\t<meta name=\"twitter:data1\" content=\"1\u00a0Minute\" \/>\n<script type=\"application\/ld+json\" class=\"yoast-schema-graph\">{\"@context\":\"https:\/\/schema.org\",\"@graph\":[{\"@type\":\"WebPage\",\"@id\":\"https:\/\/www.jardinesdesabatini.com\/de\/oldtimer-museum\/\",\"url\":\"https:\/\/www.jardinesdesabatini.com\/de\/oldtimer-museum\/\",\"name\":\"Oldtimer Museum | Apartosuites Jardines de Sabatini Madrid\",\"isPartOf\":{\"@id\":\"https:\/\/www.jardinesdesabatini.com\/en\/#website\"},\"datePublished\":\"2019-02-13T11:43:23+00:00\",\"dateModified\":\"2020-02-25T01:20:59+00:00\",\"description\":\"\ud83d\ude96 Erleben Sie eine einzigartige Erfahrung, indem Sie unsere im Hotel untergebrachte Oldtimer Ausstellung besuchen. Der Eintritt ist kostenlos und exklusiv f\u00fcr unsere untergebrachten G\u00e4ste\",\"breadcrumb\":{\"@id\":\"https:\/\/www.jardinesdesabatini.com\/de\/oldtimer-museum\/#breadcrumb\"},\"inLanguage\":\"de\",\"potentialAction\":[{\"@type\":\"ReadAction\",\"target\":[\"https:\/\/www.jardinesdesabatini.com\/de\/oldtimer-museum\/\"]}]},{\"@type\":\"BreadcrumbList\",\"@id\":\"https:\/\/www.jardinesdesabatini.com\/de\/oldtimer-museum\/#breadcrumb\",\"itemListElement\":[{\"@type\":\"ListItem\",\"position\":1,\"name\":\"Portada\",\"item\":\"https:\/\/www.jardinesdesabatini.com\/de\/\"},{\"@type\":\"ListItem\",\"position\":2,\"name\":\"Oldtimer-Museum\"}]},{\"@type\":\"WebSite\",\"@id\":\"https:\/\/www.jardinesdesabatini.com\/en\/#website\",\"url\":\"https:\/\/www.jardinesdesabatini.com\/en\/\",\"name\":\"\",\"description\":\"Alojamiento en Madrid\",\"publisher\":{\"@id\":\"https:\/\/www.jardinesdesabatini.com\/en\/#organization\"},\"potentialAction\":[{\"@type\":\"SearchAction\",\"target\":{\"@type\":\"EntryPoint\",\"urlTemplate\":\"https:\/\/www.jardinesdesabatini.com\/en\/?s={search_term_string}\"},\"query-input\":\"required name=search_term_string\"}],\"inLanguage\":\"de\"},{\"@type\":\"Organization\",\"@id\":\"https:\/\/www.jardinesdesabatini.com\/en\/#organization\",\"name\":\"Jardines de Sabatini Apartosuites\",\"url\":\"https:\/\/www.jardinesdesabatini.com\/en\/\",\"logo\":{\"@type\":\"ImageObject\",\"inLanguage\":\"de\",\"@id\":\"https:\/\/www.jardinesdesabatini.com\/en\/#\/schema\/logo\/image\/\",\"url\":\"https:\/\/www.jardinesdesabatini.com\/wp-content\/uploads\/2016\/11\/Logo-Verde.png\",\"contentUrl\":\"https:\/\/www.jardinesdesabatini.com\/wp-content\/uploads\/2016\/11\/Logo-Verde.png\",\"width\":500,\"height\":310,\"caption\":\"Jardines de Sabatini Apartosuites\"},\"image\":{\"@id\":\"https:\/\/www.jardinesdesabatini.com\/en\/#\/schema\/logo\/image\/\"},\"sameAs\":[\"https:\/\/www.facebook.com\/HotelJardinesDeSabatini\/\",\"https:\/\/www.instagram.com\/hotelsabatini\/\",\"https:\/\/www.linkedin.com\/company\/apartosuites-jardines-de-sabatini\",\"https:\/\/www.youtube.com\/user\/ApartosuitesJdeS\"]}]}<\/script>\n<!-- \/ Yoast SEO plugin. -->","yoast_head_json":{"title":"Oldtimer Museum | Apartosuites Jardines de Sabatini Madrid","description":"\ud83d\ude96 Erleben Sie eine einzigartige Erfahrung, indem Sie unsere im Hotel untergebrachte Oldtimer Ausstellung besuchen. Der Eintritt ist kostenlos und exklusiv f\u00fcr unsere untergebrachten G\u00e4ste","robots":{"index":"index","follow":"follow","max-snippet":"max-snippet:-1","max-image-preview":"max-image-preview:large","max-video-preview":"max-video-preview:-1"},"canonical":"https:\/\/www.jardinesdesabatini.com\/de\/oldtimer-museum\/","og_locale":"de_DE","og_type":"article","og_title":"Oldtimer Museum | Apartosuites Jardines de Sabatini Madrid","og_description":"\ud83d\ude96 Erleben Sie eine einzigartige Erfahrung, indem Sie unsere im Hotel untergebrachte Oldtimer Ausstellung besuchen. Der Eintritt ist kostenlos und exklusiv f\u00fcr unsere untergebrachten G\u00e4ste","og_url":"https:\/\/www.jardinesdesabatini.com\/de\/oldtimer-museum\/","article_publisher":"https:\/\/www.facebook.com\/HotelJardinesDeSabatini\/","article_modified_time":"2020-02-25T01:20:59+00:00","og_image":[{"width":1920,"height":700,"url":"https:\/\/www.jardinesdesabatini.com\/wp-content\/uploads\/2016\/11\/header-12.jpg","type":"image\/jpeg"}],"twitter_card":"summary_large_image","twitter_misc":{"Gesch\u00e4tzte Lesezeit":"1\u00a0Minute"},"schema":{"@context":"https:\/\/schema.org","@graph":[{"@type":"WebPage","@id":"https:\/\/www.jardinesdesabatini.com\/de\/oldtimer-museum\/","url":"https:\/\/www.jardinesdesabatini.com\/de\/oldtimer-museum\/","name":"Oldtimer Museum | Apartosuites Jardines de Sabatini Madrid","isPartOf":{"@id":"https:\/\/www.jardinesdesabatini.com\/en\/#website"},"datePublished":"2019-02-13T11:43:23+00:00","dateModified":"2020-02-25T01:20:59+00:00","description":"\ud83d\ude96 Erleben Sie eine einzigartige Erfahrung, indem Sie unsere im Hotel untergebrachte Oldtimer Ausstellung besuchen. Der Eintritt ist kostenlos und exklusiv f\u00fcr unsere untergebrachten G\u00e4ste","breadcrumb":{"@id":"https:\/\/www.jardinesdesabatini.com\/de\/oldtimer-museum\/#breadcrumb"},"inLanguage":"de","potentialAction":[{"@type":"ReadAction","target":["https:\/\/www.jardinesdesabatini.com\/de\/oldtimer-museum\/"]}]},{"@type":"BreadcrumbList","@id":"https:\/\/www.jardinesdesabatini.com\/de\/oldtimer-museum\/#breadcrumb","itemListElement":[{"@type":"ListItem","position":1,"name":"Portada","item":"https:\/\/www.jardinesdesabatini.com\/de\/"},{"@type":"ListItem","position":2,"name":"Oldtimer-Museum"}]},{"@type":"WebSite","@id":"https:\/\/www.jardinesdesabatini.com\/en\/#website","url":"https:\/\/www.jardinesdesabatini.com\/en\/","name":"","description":"Alojamiento en Madrid","publisher":{"@id":"https:\/\/www.jardinesdesabatini.com\/en\/#organization"},"potentialAction":[{"@type":"SearchAction","target":{"@type":"EntryPoint","urlTemplate":"https:\/\/www.jardinesdesabatini.com\/en\/?s={search_term_string}"},"query-input":"required name=search_term_string"}],"inLanguage":"de"},{"@type":"Organization","@id":"https:\/\/www.jardinesdesabatini.com\/en\/#organization","name":"Jardines de Sabatini Apartosuites","url":"https:\/\/www.jardinesdesabatini.com\/en\/","logo":{"@type":"ImageObject","inLanguage":"de","@id":"https:\/\/www.jardinesdesabatini.com\/en\/#\/schema\/logo\/image\/","url":"https:\/\/www.jardinesdesabatini.com\/wp-content\/uploads\/2016\/11\/Logo-Verde.png","contentUrl":"https:\/\/www.jardinesdesabatini.com\/wp-content\/uploads\/2016\/11\/Logo-Verde.png","width":500,"height":310,"caption":"Jardines de Sabatini Apartosuites"},"image":{"@id":"https:\/\/www.jardinesdesabatini.com\/en\/#\/schema\/logo\/image\/"},"sameAs":["https:\/\/www.facebook.com\/HotelJardinesDeSabatini\/","https:\/\/www.instagram.com\/hotelsabatini\/","https:\/\/www.linkedin.com\/company\/apartosuites-jardines-de-sabatini","https:\/\/www.youtube.com\/user\/ApartosuitesJdeS"]}]}},"_links":{"self":[{"href":"https:\/\/www.jardinesdesabatini.com\/de\/wp-json\/wp\/v2\/pages\/2728"}],"collection":[{"href":"https:\/\/www.jardinesdesabatini.com\/de\/wp-json\/wp\/v2\/pages"}],"about":[{"href":"https:\/\/www.jardinesdesabatini.com\/de\/wp-json\/wp\/v2\/types\/page"}],"author":[{"embeddable":true,"href":"https:\/\/www.jardinesdesabatini.com\/de\/wp-json\/wp\/v2\/users\/1"}],"replies":[{"embeddable":true,"href":"https:\/\/www.jardinesdesabatini.com\/de\/wp-json\/wp\/v2\/comments?post=2728"}],"version-history":[{"count":11,"href":"https:\/\/www.jardinesdesabatini.com\/de\/wp-json\/wp\/v2\/pages\/2728\/revisions"}],"predecessor-version":[{"id":4903,"href":"https:\/\/www.jardinesdesabatini.com\/de\/wp-json\/wp\/v2\/pages\/2728\/revisions\/4903"}],"wp:featuredmedia":[{"embeddable":true,"href":"https:\/\/www.jardinesdesabatini.com\/de\/wp-json\/wp\/v2\/media\/1228"}],"wp:attachment":[{"href":"https:\/\/www.jardinesdesabatini.com\/de\/wp-json\/wp\/v2\/media?parent=2728"}],"curies":[{"name":"wp","href":"https:\/\/api.w.org\/{rel}","templated":true}]}}