{"id":2245,"date":"2016-11-28T17:03:02","date_gmt":"2016-11-28T17:03:02","guid":{"rendered":"https:\/\/www.jardinesdesabatini.com\/parking-hotel\/"},"modified":"2019-08-19T16:43:09","modified_gmt":"2019-08-19T16:43:09","slug":"parking-hotel","status":"publish","type":"page","link":"https:\/\/www.jardinesdesabatini.com\/en\/parking-hotel\/","title":{"rendered":"Parking"},"content":{"rendered":"<div class=\"block block--fit block--big\">\n<div class=\"container\">\n<header class=\"block-header block-header--border\">\n<h1 class=\"block-header__title\">24-hour Public Car Park next to the hotel<\/h1>\n<\/header>\n<article class=\"post\"><span style=\"font-size: 12pt; color: #333333;\">If you are driving to Madrid don&#8217;t worry about parking you car; there is a public car park next to the Apartment Hotel Jardines de Sabatini. No advance booking is needed, there are parking spaces designated for use by hotel guests.<\/span><\/article>\n<article><\/article>\n<article><\/article>\n<article><\/article>\n<article class=\"post\"><span style=\"font-size: 12pt; color: #333333;\">\nBenefit from a special 25% discount in the car park daily rate for our hotel guests. To benefit from the discount you just have to get you parking ticket stamped at the front desk once you arrive at the hotel. The discount will be applied at the car park&#8217;s ticket office upon your departure. Credit card payments are accepted at the car park. There is direct access to the hotel from the car park so you can take your luggage easily in the hotel.<\/span><\/article>\n<article><\/article>\n<article><\/article>\n<article><\/article>\n<article><\/article>\n<article><\/article>\n<article class=\"post\"><span style=\"font-size: 12pt; color: #333333;\">The car park is located in the centre of Madrid, next to the hotel, between Plaza de Espa\u00f1a square and Pr\u00edncipe P\u00edo Station.\nIt is a 24 hour secure car park, it is open 24\/7 and features spacious parking spaces as it has a reduced number of columns. The car park has high ceilings and features special spaces for parking vans and camper vans.<\/span><\/article>\n<article><\/article>\n<article><\/article>\n<article><\/article>\n<article class=\"post\"><span style=\"font-size: 12pt;\">\n<span style=\"color: #333333;\">More information about the car park available at<\/span> <span style=\"color: #99cc00;\"><a style=\"color: #99cc00;\" href=\"http:\/\/www.parkingmadridcentro.com\" target=\"_blank\" rel=\"noopener noreferrer\">www.parkingmadridcentro.com<\/a>.<\/span><\/span><\/article>\n<\/div>\n<\/div>\n","protected":false},"excerpt":{"rendered":"<p>24-hour Public Car Park next to the hotel If you are driving to Madrid don&#8217;t worry about parking you car; there is a public car park next to the Apartment Hotel Jardines de Sabatini. No advance booking is needed, there are parking spaces designated for use by hotel guests. Benefit from a special 25% discount [&hellip;]<\/p>\n","protected":false},"author":1,"featured_media":0,"parent":0,"menu_order":0,"comment_status":"closed","ping_status":"closed","template":"template-parking.php","meta":{"_joinchat":[]},"yoast_head":"<!-- This site is optimized with the Yoast SEO plugin v20.13 - https:\/\/yoast.com\/wordpress\/plugins\/seo\/ -->\n<title>Parking |<\/title>\n<meta name=\"description\" content=\"Boutique Hotel in Madrid city centre. Public car park next to the hotel. Hotel guests can benefit from a discount. Opposite the Royal Palace.\" \/>\n<meta name=\"robots\" content=\"index, follow, max-snippet:-1, max-image-preview:large, max-video-preview:-1\" \/>\n<link rel=\"canonical\" href=\"https:\/\/www.jardinesdesabatini.com\/en\/parking-hotel\/\" \/>\n<meta property=\"og:locale\" content=\"en_US\" \/>\n<meta property=\"og:type\" content=\"article\" \/>\n<meta property=\"og:title\" content=\"Parking |\" \/>\n<meta property=\"og:description\" content=\"Boutique Hotel in Madrid city centre. Public car park next to the hotel. Hotel guests can benefit from a discount. Opposite the Royal Palace.\" \/>\n<meta property=\"og:url\" content=\"https:\/\/www.jardinesdesabatini.com\/en\/parking-hotel\/\" \/>\n<meta property=\"article:publisher\" content=\"https:\/\/www.facebook.com\/HotelJardinesDeSabatini\/\" \/>\n<meta property=\"article:modified_time\" content=\"2019-08-19T16:43:09+00:00\" \/>\n<meta name=\"twitter:card\" content=\"summary_large_image\" \/>\n<meta name=\"twitter:label1\" content=\"Est. reading time\" \/>\n\t<meta name=\"twitter:data1\" content=\"1 minute\" \/>\n<script type=\"application\/ld+json\" class=\"yoast-schema-graph\">{\"@context\":\"https:\/\/schema.org\",\"@graph\":[{\"@type\":\"WebPage\",\"@id\":\"https:\/\/www.jardinesdesabatini.com\/en\/parking-hotel\/\",\"url\":\"https:\/\/www.jardinesdesabatini.com\/en\/parking-hotel\/\",\"name\":\"Parking |\",\"isPartOf\":{\"@id\":\"https:\/\/www.jardinesdesabatini.com\/en\/#website\"},\"datePublished\":\"2016-11-28T17:03:02+00:00\",\"dateModified\":\"2019-08-19T16:43:09+00:00\",\"description\":\"Boutique Hotel in Madrid city centre. Public car park next to the hotel. Hotel guests can benefit from a discount. Opposite the Royal Palace.\",\"breadcrumb\":{\"@id\":\"https:\/\/www.jardinesdesabatini.com\/en\/parking-hotel\/#breadcrumb\"},\"inLanguage\":\"en-US\",\"potentialAction\":[{\"@type\":\"ReadAction\",\"target\":[\"https:\/\/www.jardinesdesabatini.com\/en\/parking-hotel\/\"]}]},{\"@type\":\"BreadcrumbList\",\"@id\":\"https:\/\/www.jardinesdesabatini.com\/en\/parking-hotel\/#breadcrumb\",\"itemListElement\":[{\"@type\":\"ListItem\",\"position\":1,\"name\":\"Portada\",\"item\":\"https:\/\/www.jardinesdesabatini.com\/en\/\"},{\"@type\":\"ListItem\",\"position\":2,\"name\":\"Parking\"}]},{\"@type\":\"WebSite\",\"@id\":\"https:\/\/www.jardinesdesabatini.com\/en\/#website\",\"url\":\"https:\/\/www.jardinesdesabatini.com\/en\/\",\"name\":\"\",\"description\":\"Alojamiento en Madrid\",\"publisher\":{\"@id\":\"https:\/\/www.jardinesdesabatini.com\/en\/#organization\"},\"potentialAction\":[{\"@type\":\"SearchAction\",\"target\":{\"@type\":\"EntryPoint\",\"urlTemplate\":\"https:\/\/www.jardinesdesabatini.com\/en\/?s={search_term_string}\"},\"query-input\":\"required name=search_term_string\"}],\"inLanguage\":\"en-US\"},{\"@type\":\"Organization\",\"@id\":\"https:\/\/www.jardinesdesabatini.com\/en\/#organization\",\"name\":\"Jardines de Sabatini Apartosuites\",\"url\":\"https:\/\/www.jardinesdesabatini.com\/en\/\",\"logo\":{\"@type\":\"ImageObject\",\"inLanguage\":\"en-US\",\"@id\":\"https:\/\/www.jardinesdesabatini.com\/en\/#\/schema\/logo\/image\/\",\"url\":\"https:\/\/www.jardinesdesabatini.com\/wp-content\/uploads\/2016\/11\/Logo-Verde.png\",\"contentUrl\":\"https:\/\/www.jardinesdesabatini.com\/wp-content\/uploads\/2016\/11\/Logo-Verde.png\",\"width\":500,\"height\":310,\"caption\":\"Jardines de Sabatini Apartosuites\"},\"image\":{\"@id\":\"https:\/\/www.jardinesdesabatini.com\/en\/#\/schema\/logo\/image\/\"},\"sameAs\":[\"https:\/\/www.facebook.com\/HotelJardinesDeSabatini\/\",\"https:\/\/www.instagram.com\/hotelsabatini\/\",\"https:\/\/www.linkedin.com\/company\/apartosuites-jardines-de-sabatini\",\"https:\/\/www.youtube.com\/user\/ApartosuitesJdeS\"]}]}<\/script>\n<!-- \/ Yoast SEO plugin. -->","yoast_head_json":{"title":"Parking |","description":"Boutique Hotel in Madrid city centre. Public car park next to the hotel. Hotel guests can benefit from a discount. Opposite the Royal Palace.","robots":{"index":"index","follow":"follow","max-snippet":"max-snippet:-1","max-image-preview":"max-image-preview:large","max-video-preview":"max-video-preview:-1"},"canonical":"https:\/\/www.jardinesdesabatini.com\/en\/parking-hotel\/","og_locale":"en_US","og_type":"article","og_title":"Parking |","og_description":"Boutique Hotel in Madrid city centre. Public car park next to the hotel. Hotel guests can benefit from a discount. Opposite the Royal Palace.","og_url":"https:\/\/www.jardinesdesabatini.com\/en\/parking-hotel\/","article_publisher":"https:\/\/www.facebook.com\/HotelJardinesDeSabatini\/","article_modified_time":"2019-08-19T16:43:09+00:00","twitter_card":"summary_large_image","twitter_misc":{"Est. reading time":"1 minute"},"schema":{"@context":"https:\/\/schema.org","@graph":[{"@type":"WebPage","@id":"https:\/\/www.jardinesdesabatini.com\/en\/parking-hotel\/","url":"https:\/\/www.jardinesdesabatini.com\/en\/parking-hotel\/","name":"Parking |","isPartOf":{"@id":"https:\/\/www.jardinesdesabatini.com\/en\/#website"},"datePublished":"2016-11-28T17:03:02+00:00","dateModified":"2019-08-19T16:43:09+00:00","description":"Boutique Hotel in Madrid city centre. Public car park next to the hotel. Hotel guests can benefit from a discount. Opposite the Royal Palace.","breadcrumb":{"@id":"https:\/\/www.jardinesdesabatini.com\/en\/parking-hotel\/#breadcrumb"},"inLanguage":"en-US","potentialAction":[{"@type":"ReadAction","target":["https:\/\/www.jardinesdesabatini.com\/en\/parking-hotel\/"]}]},{"@type":"BreadcrumbList","@id":"https:\/\/www.jardinesdesabatini.com\/en\/parking-hotel\/#breadcrumb","itemListElement":[{"@type":"ListItem","position":1,"name":"Portada","item":"https:\/\/www.jardinesdesabatini.com\/en\/"},{"@type":"ListItem","position":2,"name":"Parking"}]},{"@type":"WebSite","@id":"https:\/\/www.jardinesdesabatini.com\/en\/#website","url":"https:\/\/www.jardinesdesabatini.com\/en\/","name":"","description":"Alojamiento en Madrid","publisher":{"@id":"https:\/\/www.jardinesdesabatini.com\/en\/#organization"},"potentialAction":[{"@type":"SearchAction","target":{"@type":"EntryPoint","urlTemplate":"https:\/\/www.jardinesdesabatini.com\/en\/?s={search_term_string}"},"query-input":"required name=search_term_string"}],"inLanguage":"en-US"},{"@type":"Organization","@id":"https:\/\/www.jardinesdesabatini.com\/en\/#organization","name":"Jardines de Sabatini Apartosuites","url":"https:\/\/www.jardinesdesabatini.com\/en\/","logo":{"@type":"ImageObject","inLanguage":"en-US","@id":"https:\/\/www.jardinesdesabatini.com\/en\/#\/schema\/logo\/image\/","url":"https:\/\/www.jardinesdesabatini.com\/wp-content\/uploads\/2016\/11\/Logo-Verde.png","contentUrl":"https:\/\/www.jardinesdesabatini.com\/wp-content\/uploads\/2016\/11\/Logo-Verde.png","width":500,"height":310,"caption":"Jardines de Sabatini Apartosuites"},"image":{"@id":"https:\/\/www.jardinesdesabatini.com\/en\/#\/schema\/logo\/image\/"},"sameAs":["https:\/\/www.facebook.com\/HotelJardinesDeSabatini\/","https:\/\/www.instagram.com\/hotelsabatini\/","https:\/\/www.linkedin.com\/company\/apartosuites-jardines-de-sabatini","https:\/\/www.youtube.com\/user\/ApartosuitesJdeS"]}]}},"_links":{"self":[{"href":"https:\/\/www.jardinesdesabatini.com\/en\/wp-json\/wp\/v2\/pages\/2245"}],"collection":[{"href":"https:\/\/www.jardinesdesabatini.com\/en\/wp-json\/wp\/v2\/pages"}],"about":[{"href":"https:\/\/www.jardinesdesabatini.com\/en\/wp-json\/wp\/v2\/types\/page"}],"author":[{"embeddable":true,"href":"https:\/\/www.jardinesdesabatini.com\/en\/wp-json\/wp\/v2\/users\/1"}],"replies":[{"embeddable":true,"href":"https:\/\/www.jardinesdesabatini.com\/en\/wp-json\/wp\/v2\/comments?post=2245"}],"version-history":[{"count":16,"href":"https:\/\/www.jardinesdesabatini.com\/en\/wp-json\/wp\/v2\/pages\/2245\/revisions"}],"predecessor-version":[{"id":3867,"href":"https:\/\/www.jardinesdesabatini.com\/en\/wp-json\/wp\/v2\/pages\/2245\/revisions\/3867"}],"wp:attachment":[{"href":"https:\/\/www.jardinesdesabatini.com\/en\/wp-json\/wp\/v2\/media?parent=2245"}],"curies":[{"name":"wp","href":"https:\/\/api.w.org\/{rel}","templated":true}]}}