{"id":2826,"date":"2016-11-15T19:46:37","date_gmt":"2016-11-15T19:46:37","guid":{"rendered":"https:\/\/www.jardinesdesabatini.com\/aparthotel\/"},"modified":"2019-03-04T15:51:49","modified_gmt":"2019-03-04T15:51:49","slug":"aparthotel","status":"publish","type":"page","link":"https:\/\/www.jardinesdesabatini.com\/en\/aparthotel\/","title":{"rendered":"Apartments &#038; Hotel"},"content":{"rendered":"<div class=\"block block--fit block--big\">\n<div class=\"container\">\n<header class=\"block-header block-header--border\">\n<h1 class=\"block-header__title wow fadeInDown\">Stylish serviced apartments opposite the Royal Palace<\/h1>\n<\/header>\n<article class=\"post align-center wow fadeInUp\">\n<p>Enjoy the comfort and space of an apartment with all the amenities of a hotel. This charming Aparthotel offers studio apartments and suites with kitchenette. The reception staff and the concierge will be happy to assist you and are available 24\/7. This is the perfect accommodation for couples and families with children who wish to have a unique experience in the heart of Madrid.<\/p>\n<\/article>\n<\/div>\n<\/div>\n<div class=\"row\">\n<div class=\"col-md-6 g-0\">\n<figure class=\"feat-center feat-full feat-full--simple feat-full--mobile wow tdExpandIn\" style=\"background-image: url(https:\/\/www.jardinesdesabatini.com\/wp-content\/themes\/sabatini\/images\/aparthotel\/feat\/feat-1.jpg)\" data-wow-delay=\"300ms\">\n<div class=\"feat-full__col feat-full__col--link feat-full__col--secondary feat-full--mobile__default\">\n<div class=\"feat__body\">\n<h2 class=\"feat__body-title\">APARTHOTEL WITH SPACIOUS AND COMFORTABLE ROOMS WITH KITCHENETTE<\/h2>\n<article class=\"feat__body-desc post align-center\"><span style=\"font-size: 12pt;\">Modern studio apartments and suites which can accommodate up to 4 people. Stylish apartments come with fully equipped kitchenette that offer comfort and space for a true home away from home experience in Madrid. Perfect for weekend getaways, extended stays and family holidays.<\/span><\/article>\n<\/div>\n<\/div>\n<div class=\"feat-full--mobile__container\" data-seres-role=\"toggle\">\n<div class=\"feat-full--mobile__header\" style=\"background-image: url(https:\/\/www.jardinesdesabatini.com\/wp-content\/themes\/sabatini\/images\/aparthotel\/feat\/feat-1.jpg)\" data-toggle-role=\"trigger\">\n<h2 class=\"feat__body-title\">APARTHOTEL WITH SPACIOUS AND COMFORTABLE ROOMS WITH KITCHENETTE<\/h2>\n<\/div>\n<div class=\"feat-full--mobile__content\" data-toggle-role=\"target\">\n<article class=\"post align-center\">Modern studio apartments and suites which can accommodate up to 4 people. Stylish apartments come with fully equipped kitchenette that offer comfort and space for a true home away from home experience in Madrid. Perfect for weekend getaways, extended stays and family holidays.<\/article>\n<\/div>\n<\/div>\n<\/figure>\n<\/div>\n<div class=\"col-md-6 g-0\">\n<figure class=\"feat-center feat-full feat-full--simple feat-full--mobile wow tdExpandIn\" style=\"background-image: url(https:\/\/www.jardinesdesabatini.com\/wp-content\/themes\/sabatini\/images\/aparthotel\/feat-servicios\/feat-1.jpg)\" data-wow-delay=\"600ms\">\n<div class=\"feat-full__col feat-full__col--link feat-full__col--secondary feat-full--mobile__default\">\n<div class=\"feat__body\">\n<h2 class=\"feat__body-title\">The services of a hotel with the advantages of an apartment<\/h2>\n<article class=\"feat__body-desc post align-center\">If you are looking for a comfortable environment, spacious rooms, personal service and more freedom in your accommodation, the perfect place for you is right in the centre of Madrid. Complimentary high speed WiFi, daily room cleaning and 24-hour front desk are included among other services.<\/article>\n<\/div>\n<\/div>\n<div class=\"feat-full--mobile__container\" data-seres-role=\"toggle\">\n<div class=\"feat-full--mobile__header\" style=\"background-image: url(https:\/\/www.jardinesdesabatini.com\/wp-content\/themes\/sabatini\/images\/aparthotel\/feat-servicios\/feat-1.jpg)\" data-toggle-role=\"trigger\">\n<h2 class=\"feat__body-title\">The services of a hotel with the advantages of an apartment<\/h2>\n<\/div>\n<div class=\"feat-full--mobile__content\" data-toggle-role=\"target\">\n<article class=\"post align-center\">If you are looking for a comfortable environment, spacious rooms, personal service and more freedom in your accommodation, the perfect place for you is right in the centre of Madrid. Complimentary high speed WiFi, daily room cleaning and 24-hour front desk are included among other services.<\/article>\n<\/div>\n<\/div>\n<\/figure>\n<\/div>\n<div class=\"col-md-6 g-0\">\n<figure class=\"feat-center feat-full feat-full--simple feat-full--mobile wow tdExpandIn\" style=\"background-image: url(https:\/\/www.jardinesdesabatini.com\/wp-content\/themes\/sabatini\/images\/museo\/feat\/feat-2.jpg)\" data-wow-delay=\"600ms\">\n<div class=\"feat-full__col feat-full__col--link feat-full__col--secondary feat-full--mobile__default\">\n<div class=\"feat__body\">\n<h2 class=\"feat__body-title\">Have unique experiences in this boutique hotel<\/h2>\n<article class=\"feat__body-desc post align-center\">Our charming aparthotel features a rooftop terrace with sweeping views of the Royal Palace, a vintage car museum that will take you back to the early 20th Century, and an art collection of young Spanish artists with the likes of Cristina Gam\u00f3n and the urban art collective BOAMISTURA.<\/article>\n<\/div>\n<\/div>\n<div class=\"feat-full--mobile__container\" data-seres-role=\"toggle\">\n<div class=\"feat-full--mobile__header\" style=\"background-image: url(https:\/\/www.jardinesdesabatini.com\/wp-content\/themes\/sabatini\/images\/museo\/feat\/feat-2.jpg)\" data-toggle-role=\"trigger\">\n<h2 class=\"feat__body-title\">Have unique experiences in this boutique hotel<\/h2>\n<\/div>\n<div class=\"feat-full--mobile__content\" data-toggle-role=\"target\">\n<article class=\"post align-center\">Our charming aparthotel features a rooftop terrace with sweeping views of the Royal Palace, a vintage car museum that will take you back to the early 20th Century, and an art collection of young Spanish artists with the likes of Cristina Gam\u00f3n and the urban art collective BOAMISTURA.<\/article>\n<\/div>\n<\/div>\n<\/figure>\n<\/div>\n<div class=\"col-md-6 g-0\">\n<figure class=\"feat-center feat-full feat-full--simple feat-full--mobile wow tdExpandIn\" style=\"background-image: url(https:\/\/www.jardinesdesabatini.com\/wp-content\/themes\/sabatini\/images\/aparthotel\/feat\/feat-4.jpg)\" data-wow-delay=\"900ms\">\n<div class=\"feat-full__col feat-full__col--link feat-full__col--secondary feat-full--mobile__default\">\n<div class=\"feat__body\">\n<h2 class=\"feat__body-title\">In Madrid city centre, next to Gran Via street and Plaza de Espa\u00f1a square<\/h2>\n<article class=\"feat__body-desc post align-center\">The perfect location to visit the historic centre of Madrid, participate in cultural activities, enjoy the shows and entertainment events in Gran V\u00eda street and Pr\u00edncipe P\u00edo theatre, or go shopping in Madrid city centre. Located opposite the Royal Palace and only a 7 minute walk from Plaza de Espa\u00f1a and Pr\u00edncipe P\u00edo Metro stations.<\/article>\n<\/div>\n<\/div>\n<div class=\"feat-full--mobile__container\" data-seres-role=\"toggle\">\n<div class=\"feat-full--mobile__header\" style=\"background-image: url(https:\/\/www.jardinesdesabatini.com\/wp-content\/themes\/sabatini\/images\/aparthotel\/feat\/feat-4.jpg)\" data-toggle-role=\"trigger\">\n<h2 class=\"feat__body-title\">In Madrid city centre, next to Gran Via street and Plaza de Espa\u00f1a square<\/h2>\n<\/div>\n<div class=\"feat-full--mobile__content\" data-toggle-role=\"target\">\n<article class=\"post align-center\">The perfect location to visit the historic centre of Madrid, participate in cultural activities, enjoy the shows and entertainment events in Gran V\u00eda street and Pr\u00edncipe P\u00edo theatre, or go shopping in Madrid city centre. Located opposite the Royal Palace and only a 7 minute walk from Plaza de Espa\u00f1a and Pr\u00edncipe P\u00edo Metro stations.<\/article>\n<\/div>\n<\/div>\n<\/figure>\n<\/div>\n<\/div>\n","protected":false},"excerpt":{"rendered":"<p>Stylish serviced apartments opposite the Royal Palace Enjoy the comfort and space of an apartment with all the amenities of a hotel. This charming Aparthotel offers studio apartments and suites with kitchenette. The reception staff and the concierge will be happy to assist you and are available 24\/7. This is the perfect accommodation for couples [&hellip;]<\/p>\n","protected":false},"author":1,"featured_media":1011,"parent":0,"menu_order":0,"comment_status":"closed","ping_status":"closed","template":"template-aparthotel-aparthotel-apartaments.php","meta":{"_joinchat":[]},"yoast_head":"<!-- This site is optimized with the Yoast SEO plugin v20.13 - https:\/\/yoast.com\/wordpress\/plugins\/seo\/ -->\n<title>Apartahotel Madrid centro |<\/title>\n<meta name=\"description\" content=\"Serviced apartments in the heart of Madrid overlooking the Royal Palace. Discover everything Madrid has to offer with every comfort\" \/>\n<meta name=\"robots\" content=\"index, follow, max-snippet:-1, max-image-preview:large, max-video-preview:-1\" \/>\n<link rel=\"canonical\" href=\"https:\/\/www.jardinesdesabatini.com\/en\/aparthotel\/\" \/>\n<meta property=\"og:locale\" content=\"en_US\" \/>\n<meta property=\"og:type\" content=\"article\" \/>\n<meta property=\"og:title\" content=\"Apartahotel Madrid centro |\" \/>\n<meta property=\"og:description\" content=\"Serviced apartments in the heart of Madrid overlooking the Royal Palace. Discover everything Madrid has to offer with every comfort\" \/>\n<meta property=\"og:url\" content=\"https:\/\/www.jardinesdesabatini.com\/en\/aparthotel\/\" \/>\n<meta property=\"article:publisher\" content=\"https:\/\/www.facebook.com\/HotelJardinesDeSabatini\/\" \/>\n<meta property=\"article:modified_time\" content=\"2019-03-04T15:51:49+00:00\" \/>\n<meta property=\"og:image\" content=\"https:\/\/www.jardinesdesabatini.com\/wp-content\/uploads\/2016\/11\/header-9.jpg\" \/>\n\t<meta property=\"og:image:width\" content=\"1920\" \/>\n\t<meta property=\"og:image:height\" content=\"700\" \/>\n\t<meta property=\"og:image:type\" content=\"image\/jpeg\" \/>\n<meta name=\"twitter:card\" content=\"summary_large_image\" \/>\n<meta name=\"twitter:label1\" content=\"Est. reading time\" \/>\n\t<meta name=\"twitter:data1\" content=\"3 minutes\" \/>\n<script type=\"application\/ld+json\" class=\"yoast-schema-graph\">{\"@context\":\"https:\/\/schema.org\",\"@graph\":[{\"@type\":\"WebPage\",\"@id\":\"https:\/\/www.jardinesdesabatini.com\/en\/aparthotel\/\",\"url\":\"https:\/\/www.jardinesdesabatini.com\/en\/aparthotel\/\",\"name\":\"Apartahotel Madrid centro |\",\"isPartOf\":{\"@id\":\"https:\/\/www.jardinesdesabatini.com\/en\/#website\"},\"datePublished\":\"2016-11-15T19:46:37+00:00\",\"dateModified\":\"2019-03-04T15:51:49+00:00\",\"description\":\"Serviced apartments in the heart of Madrid overlooking the Royal Palace. Discover everything Madrid has to offer with every comfort\",\"breadcrumb\":{\"@id\":\"https:\/\/www.jardinesdesabatini.com\/en\/aparthotel\/#breadcrumb\"},\"inLanguage\":\"en-US\",\"potentialAction\":[{\"@type\":\"ReadAction\",\"target\":[\"https:\/\/www.jardinesdesabatini.com\/en\/aparthotel\/\"]}]},{\"@type\":\"BreadcrumbList\",\"@id\":\"https:\/\/www.jardinesdesabatini.com\/en\/aparthotel\/#breadcrumb\",\"itemListElement\":[{\"@type\":\"ListItem\",\"position\":1,\"name\":\"Portada\",\"item\":\"https:\/\/www.jardinesdesabatini.com\/en\/\"},{\"@type\":\"ListItem\",\"position\":2,\"name\":\"Apartments &#038; Hotel\"}]},{\"@type\":\"WebSite\",\"@id\":\"https:\/\/www.jardinesdesabatini.com\/en\/#website\",\"url\":\"https:\/\/www.jardinesdesabatini.com\/en\/\",\"name\":\"\",\"description\":\"Alojamiento en Madrid\",\"publisher\":{\"@id\":\"https:\/\/www.jardinesdesabatini.com\/en\/#organization\"},\"potentialAction\":[{\"@type\":\"SearchAction\",\"target\":{\"@type\":\"EntryPoint\",\"urlTemplate\":\"https:\/\/www.jardinesdesabatini.com\/en\/?s={search_term_string}\"},\"query-input\":\"required name=search_term_string\"}],\"inLanguage\":\"en-US\"},{\"@type\":\"Organization\",\"@id\":\"https:\/\/www.jardinesdesabatini.com\/en\/#organization\",\"name\":\"Jardines de Sabatini Apartosuites\",\"url\":\"https:\/\/www.jardinesdesabatini.com\/en\/\",\"logo\":{\"@type\":\"ImageObject\",\"inLanguage\":\"en-US\",\"@id\":\"https:\/\/www.jardinesdesabatini.com\/en\/#\/schema\/logo\/image\/\",\"url\":\"https:\/\/www.jardinesdesabatini.com\/wp-content\/uploads\/2016\/11\/Logo-Verde.png\",\"contentUrl\":\"https:\/\/www.jardinesdesabatini.com\/wp-content\/uploads\/2016\/11\/Logo-Verde.png\",\"width\":500,\"height\":310,\"caption\":\"Jardines de Sabatini Apartosuites\"},\"image\":{\"@id\":\"https:\/\/www.jardinesdesabatini.com\/en\/#\/schema\/logo\/image\/\"},\"sameAs\":[\"https:\/\/www.facebook.com\/HotelJardinesDeSabatini\/\",\"https:\/\/www.instagram.com\/hotelsabatini\/\",\"https:\/\/www.linkedin.com\/company\/apartosuites-jardines-de-sabatini\",\"https:\/\/www.youtube.com\/user\/ApartosuitesJdeS\"]}]}<\/script>\n<!-- \/ Yoast SEO plugin. -->","yoast_head_json":{"title":"Apartahotel Madrid centro |","description":"Serviced apartments in the heart of Madrid overlooking the Royal Palace. Discover everything Madrid has to offer with every comfort","robots":{"index":"index","follow":"follow","max-snippet":"max-snippet:-1","max-image-preview":"max-image-preview:large","max-video-preview":"max-video-preview:-1"},"canonical":"https:\/\/www.jardinesdesabatini.com\/en\/aparthotel\/","og_locale":"en_US","og_type":"article","og_title":"Apartahotel Madrid centro |","og_description":"Serviced apartments in the heart of Madrid overlooking the Royal Palace. Discover everything Madrid has to offer with every comfort","og_url":"https:\/\/www.jardinesdesabatini.com\/en\/aparthotel\/","article_publisher":"https:\/\/www.facebook.com\/HotelJardinesDeSabatini\/","article_modified_time":"2019-03-04T15:51:49+00:00","og_image":[{"width":1920,"height":700,"url":"https:\/\/www.jardinesdesabatini.com\/wp-content\/uploads\/2016\/11\/header-9.jpg","type":"image\/jpeg"}],"twitter_card":"summary_large_image","twitter_misc":{"Est. reading time":"3 minutes"},"schema":{"@context":"https:\/\/schema.org","@graph":[{"@type":"WebPage","@id":"https:\/\/www.jardinesdesabatini.com\/en\/aparthotel\/","url":"https:\/\/www.jardinesdesabatini.com\/en\/aparthotel\/","name":"Apartahotel Madrid centro |","isPartOf":{"@id":"https:\/\/www.jardinesdesabatini.com\/en\/#website"},"datePublished":"2016-11-15T19:46:37+00:00","dateModified":"2019-03-04T15:51:49+00:00","description":"Serviced apartments in the heart of Madrid overlooking the Royal Palace. Discover everything Madrid has to offer with every comfort","breadcrumb":{"@id":"https:\/\/www.jardinesdesabatini.com\/en\/aparthotel\/#breadcrumb"},"inLanguage":"en-US","potentialAction":[{"@type":"ReadAction","target":["https:\/\/www.jardinesdesabatini.com\/en\/aparthotel\/"]}]},{"@type":"BreadcrumbList","@id":"https:\/\/www.jardinesdesabatini.com\/en\/aparthotel\/#breadcrumb","itemListElement":[{"@type":"ListItem","position":1,"name":"Portada","item":"https:\/\/www.jardinesdesabatini.com\/en\/"},{"@type":"ListItem","position":2,"name":"Apartments &#038; Hotel"}]},{"@type":"WebSite","@id":"https:\/\/www.jardinesdesabatini.com\/en\/#website","url":"https:\/\/www.jardinesdesabatini.com\/en\/","name":"","description":"Alojamiento en Madrid","publisher":{"@id":"https:\/\/www.jardinesdesabatini.com\/en\/#organization"},"potentialAction":[{"@type":"SearchAction","target":{"@type":"EntryPoint","urlTemplate":"https:\/\/www.jardinesdesabatini.com\/en\/?s={search_term_string}"},"query-input":"required name=search_term_string"}],"inLanguage":"en-US"},{"@type":"Organization","@id":"https:\/\/www.jardinesdesabatini.com\/en\/#organization","name":"Jardines de Sabatini Apartosuites","url":"https:\/\/www.jardinesdesabatini.com\/en\/","logo":{"@type":"ImageObject","inLanguage":"en-US","@id":"https:\/\/www.jardinesdesabatini.com\/en\/#\/schema\/logo\/image\/","url":"https:\/\/www.jardinesdesabatini.com\/wp-content\/uploads\/2016\/11\/Logo-Verde.png","contentUrl":"https:\/\/www.jardinesdesabatini.com\/wp-content\/uploads\/2016\/11\/Logo-Verde.png","width":500,"height":310,"caption":"Jardines de Sabatini Apartosuites"},"image":{"@id":"https:\/\/www.jardinesdesabatini.com\/en\/#\/schema\/logo\/image\/"},"sameAs":["https:\/\/www.facebook.com\/HotelJardinesDeSabatini\/","https:\/\/www.instagram.com\/hotelsabatini\/","https:\/\/www.linkedin.com\/company\/apartosuites-jardines-de-sabatini","https:\/\/www.youtube.com\/user\/ApartosuitesJdeS"]}]}},"_links":{"self":[{"href":"https:\/\/www.jardinesdesabatini.com\/en\/wp-json\/wp\/v2\/pages\/2826"}],"collection":[{"href":"https:\/\/www.jardinesdesabatini.com\/en\/wp-json\/wp\/v2\/pages"}],"about":[{"href":"https:\/\/www.jardinesdesabatini.com\/en\/wp-json\/wp\/v2\/types\/page"}],"author":[{"embeddable":true,"href":"https:\/\/www.jardinesdesabatini.com\/en\/wp-json\/wp\/v2\/users\/1"}],"replies":[{"embeddable":true,"href":"https:\/\/www.jardinesdesabatini.com\/en\/wp-json\/wp\/v2\/comments?post=2826"}],"version-history":[{"count":4,"href":"https:\/\/www.jardinesdesabatini.com\/en\/wp-json\/wp\/v2\/pages\/2826\/revisions"}],"predecessor-version":[{"id":2830,"href":"https:\/\/www.jardinesdesabatini.com\/en\/wp-json\/wp\/v2\/pages\/2826\/revisions\/2830"}],"wp:featuredmedia":[{"embeddable":true,"href":"https:\/\/www.jardinesdesabatini.com\/en\/wp-json\/wp\/v2\/media\/1011"}],"wp:attachment":[{"href":"https:\/\/www.jardinesdesabatini.com\/en\/wp-json\/wp\/v2\/media?parent=2826"}],"curies":[{"name":"wp","href":"https:\/\/api.w.org\/{rel}","templated":true}]}}