{"id":2246,"date":"2016-11-28T17:03:02","date_gmt":"2016-11-28T17:03:02","guid":{"rendered":"https:\/\/www.jardinesdesabatini.com\/parking-hotel\/"},"modified":"2019-08-19T16:40:54","modified_gmt":"2019-08-19T16:40:54","slug":"stationnement","status":"publish","type":"page","link":"https:\/\/www.jardinesdesabatini.com\/fr\/stationnement\/","title":{"rendered":"Parking"},"content":{"rendered":"<div class=\"block block--fit block--big\">\n<div class=\"container\" style=\"text-align: justify;\">\n<header class=\"block-header block-header--border\">\n<h1 class=\"block-header__title\">PARKING PUBLIC 24H A COTE DE L\u2019HOTEL<\/h1>\n<\/header>\n<article class=\"post\"><span style=\"font-size: 12pt; font-family: georgia, palatino, serif; color: #333333;\">Si vous acc\u00e9dez en voiture \u00e0 Madrid, ne vous inqui\u00e9tez pas du stationnement de votre voiture. A cot\u00e9 de L\u2019apartoSuites Jardines de Sabatini il y a un parking public pour lequel aucune r\u00e9servation n\u2019est n\u00e9cessaire, car il a la capacit\u00e9 de garer les voitures de nos clients.Profitez de 25% de remise sp\u00e9ciale sur les frais de stationnement quotidien, courtoisie de l\u2019h\u00f4tel. <\/span><\/article>\n<article><\/article>\n<article class=\"post\"><span style=\"color: #333333;\"><span style=\"font-size: 12pt; font-family: georgia, palatino, serif;\">Il vous suffira de sceller le billet, qui vous sera donn\u00e9 dans le parking, \u00e0 votre arriv\u00e9e \u00e0 la r\u00e9ception de l\u2019h\u00f4tel. A la sortie du parking, ils vous appliqueront directement la remise dans le box-office du parking. Pour votre commodit\u00e9 il y a un acc\u00e8s direct \u00e0 l\u2019h\u00f4tel depuis ce parking public, ce qui facilitera le chargement et le d\u00e9chargement de vos bagages.<\/span><span style=\"font-size: 12pt; font-family: georgia, palatino, serif;\">Le parking est situ\u00e9 dans le centre de Madrid, \u00e0 c\u00f4t\u00e9 de l\u2019h\u00f4tel, entre la Place d\u2019Espagne et la station Pr\u00edncipe P\u00edo. <\/span><\/span><\/article>\n<article><\/article>\n<article class=\"post\"><span style=\"color: #333333;\"><span style=\"font-size: 12pt; font-family: georgia, palatino, serif;\">Le parking est ouvert tous les jours de l\u2019ann\u00e9e, les espaces de stationnement son grandes et faciles car il n\u2019y a presque pas des colonnes et dispose de s\u00e9curit\u00e9 24 heures. Il dispose aussi d\u2019un espace r\u00e9serv\u00e9 pour fourgonnettes et autocaravanes car il poss\u00e8de une grande hauteur.<\/span><span style=\"font-size: 12pt; font-family: georgia, palatino, serif;\">Si vous d\u00e9sirez plus d\u2019informations sur le parking et son fonctionnement, ouvrez le link: <span style=\"color: #99cc00;\"><a style=\"color: #99cc00;\" href=\"http:\/\/www.parkingmadridcentro.com\" target=\"_blank\" rel=\"noopener noreferrer\">www.parkingmadridcentro.com<\/a>.<\/span><\/span><\/span><\/article>\n<\/div>\n<\/div>\n","protected":false},"excerpt":{"rendered":"<p>PARKING PUBLIC 24H A COTE DE L\u2019HOTEL Si vous acc\u00e9dez en voiture \u00e0 Madrid, ne vous inqui\u00e9tez pas du stationnement de votre voiture. A cot\u00e9 de L\u2019apartoSuites Jardines de Sabatini il y a un parking public pour lequel aucune r\u00e9servation n\u2019est n\u00e9cessaire, car il a la capacit\u00e9 de garer les voitures de nos clients.Profitez de [&hellip;]<\/p>\n","protected":false},"author":1,"featured_media":0,"parent":0,"menu_order":0,"comment_status":"closed","ping_status":"closed","template":"template-parking.php","meta":{"_joinchat":[]},"yoast_head":"<!-- This site is optimized with the Yoast SEO plugin v20.13 - https:\/\/yoast.com\/wordpress\/plugins\/seo\/ -->\n<title>Parking |<\/title>\n<meta name=\"description\" content=\"H\u00f4tel situ\u00e9 en Madrid Centre de ville avec un stationnement public attenant. Profitez de la r\u00e9duction special pour les clients s\u00e9journant \u00e0 l&#039;h\u00f4tel. En face du Palais Royal.\" \/>\n<meta name=\"robots\" content=\"index, follow, max-snippet:-1, max-image-preview:large, max-video-preview:-1\" \/>\n<link rel=\"canonical\" href=\"https:\/\/www.jardinesdesabatini.com\/fr\/stationnement\/\" \/>\n<meta property=\"og:locale\" content=\"fr_FR\" \/>\n<meta property=\"og:type\" content=\"article\" \/>\n<meta property=\"og:title\" content=\"Parking |\" \/>\n<meta property=\"og:description\" content=\"H\u00f4tel situ\u00e9 en Madrid Centre de ville avec un stationnement public attenant. Profitez de la r\u00e9duction special pour les clients s\u00e9journant \u00e0 l&#039;h\u00f4tel. En face du Palais Royal.\" \/>\n<meta property=\"og:url\" content=\"https:\/\/www.jardinesdesabatini.com\/fr\/stationnement\/\" \/>\n<meta property=\"article:publisher\" content=\"https:\/\/www.facebook.com\/HotelJardinesDeSabatini\/\" \/>\n<meta property=\"article:modified_time\" content=\"2019-08-19T16:40:54+00:00\" \/>\n<meta name=\"twitter:card\" content=\"summary_large_image\" \/>\n<meta name=\"twitter:label1\" content=\"Dur\u00e9e de lecture estim\u00e9e\" \/>\n\t<meta name=\"twitter:data1\" content=\"1 minute\" \/>\n<script type=\"application\/ld+json\" class=\"yoast-schema-graph\">{\"@context\":\"https:\/\/schema.org\",\"@graph\":[{\"@type\":\"WebPage\",\"@id\":\"https:\/\/www.jardinesdesabatini.com\/fr\/stationnement\/\",\"url\":\"https:\/\/www.jardinesdesabatini.com\/fr\/stationnement\/\",\"name\":\"Parking |\",\"isPartOf\":{\"@id\":\"https:\/\/www.jardinesdesabatini.com\/en\/#website\"},\"datePublished\":\"2016-11-28T17:03:02+00:00\",\"dateModified\":\"2019-08-19T16:40:54+00:00\",\"description\":\"H\u00f4tel situ\u00e9 en Madrid Centre de ville avec un stationnement public attenant. Profitez de la r\u00e9duction special pour les clients s\u00e9journant \u00e0 l'h\u00f4tel. En face du Palais Royal.\",\"breadcrumb\":{\"@id\":\"https:\/\/www.jardinesdesabatini.com\/fr\/stationnement\/#breadcrumb\"},\"inLanguage\":\"fr-FR\",\"potentialAction\":[{\"@type\":\"ReadAction\",\"target\":[\"https:\/\/www.jardinesdesabatini.com\/fr\/stationnement\/\"]}]},{\"@type\":\"BreadcrumbList\",\"@id\":\"https:\/\/www.jardinesdesabatini.com\/fr\/stationnement\/#breadcrumb\",\"itemListElement\":[{\"@type\":\"ListItem\",\"position\":1,\"name\":\"Portada\",\"item\":\"https:\/\/www.jardinesdesabatini.com\/fr\/\"},{\"@type\":\"ListItem\",\"position\":2,\"name\":\"Parking\"}]},{\"@type\":\"WebSite\",\"@id\":\"https:\/\/www.jardinesdesabatini.com\/en\/#website\",\"url\":\"https:\/\/www.jardinesdesabatini.com\/en\/\",\"name\":\"\",\"description\":\"Alojamiento en Madrid\",\"publisher\":{\"@id\":\"https:\/\/www.jardinesdesabatini.com\/en\/#organization\"},\"potentialAction\":[{\"@type\":\"SearchAction\",\"target\":{\"@type\":\"EntryPoint\",\"urlTemplate\":\"https:\/\/www.jardinesdesabatini.com\/en\/?s={search_term_string}\"},\"query-input\":\"required name=search_term_string\"}],\"inLanguage\":\"fr-FR\"},{\"@type\":\"Organization\",\"@id\":\"https:\/\/www.jardinesdesabatini.com\/en\/#organization\",\"name\":\"Jardines de Sabatini Apartosuites\",\"url\":\"https:\/\/www.jardinesdesabatini.com\/en\/\",\"logo\":{\"@type\":\"ImageObject\",\"inLanguage\":\"fr-FR\",\"@id\":\"https:\/\/www.jardinesdesabatini.com\/en\/#\/schema\/logo\/image\/\",\"url\":\"https:\/\/www.jardinesdesabatini.com\/wp-content\/uploads\/2016\/11\/Logo-Verde.png\",\"contentUrl\":\"https:\/\/www.jardinesdesabatini.com\/wp-content\/uploads\/2016\/11\/Logo-Verde.png\",\"width\":500,\"height\":310,\"caption\":\"Jardines de Sabatini Apartosuites\"},\"image\":{\"@id\":\"https:\/\/www.jardinesdesabatini.com\/en\/#\/schema\/logo\/image\/\"},\"sameAs\":[\"https:\/\/www.facebook.com\/HotelJardinesDeSabatini\/\",\"https:\/\/www.instagram.com\/hotelsabatini\/\",\"https:\/\/www.linkedin.com\/company\/apartosuites-jardines-de-sabatini\",\"https:\/\/www.youtube.com\/user\/ApartosuitesJdeS\"]}]}<\/script>\n<!-- \/ Yoast SEO plugin. -->","yoast_head_json":{"title":"Parking |","description":"H\u00f4tel situ\u00e9 en Madrid Centre de ville avec un stationnement public attenant. Profitez de la r\u00e9duction special pour les clients s\u00e9journant \u00e0 l'h\u00f4tel. En face du Palais Royal.","robots":{"index":"index","follow":"follow","max-snippet":"max-snippet:-1","max-image-preview":"max-image-preview:large","max-video-preview":"max-video-preview:-1"},"canonical":"https:\/\/www.jardinesdesabatini.com\/fr\/stationnement\/","og_locale":"fr_FR","og_type":"article","og_title":"Parking |","og_description":"H\u00f4tel situ\u00e9 en Madrid Centre de ville avec un stationnement public attenant. Profitez de la r\u00e9duction special pour les clients s\u00e9journant \u00e0 l'h\u00f4tel. En face du Palais Royal.","og_url":"https:\/\/www.jardinesdesabatini.com\/fr\/stationnement\/","article_publisher":"https:\/\/www.facebook.com\/HotelJardinesDeSabatini\/","article_modified_time":"2019-08-19T16:40:54+00:00","twitter_card":"summary_large_image","twitter_misc":{"Dur\u00e9e de lecture estim\u00e9e":"1 minute"},"schema":{"@context":"https:\/\/schema.org","@graph":[{"@type":"WebPage","@id":"https:\/\/www.jardinesdesabatini.com\/fr\/stationnement\/","url":"https:\/\/www.jardinesdesabatini.com\/fr\/stationnement\/","name":"Parking |","isPartOf":{"@id":"https:\/\/www.jardinesdesabatini.com\/en\/#website"},"datePublished":"2016-11-28T17:03:02+00:00","dateModified":"2019-08-19T16:40:54+00:00","description":"H\u00f4tel situ\u00e9 en Madrid Centre de ville avec un stationnement public attenant. Profitez de la r\u00e9duction special pour les clients s\u00e9journant \u00e0 l'h\u00f4tel. En face du Palais Royal.","breadcrumb":{"@id":"https:\/\/www.jardinesdesabatini.com\/fr\/stationnement\/#breadcrumb"},"inLanguage":"fr-FR","potentialAction":[{"@type":"ReadAction","target":["https:\/\/www.jardinesdesabatini.com\/fr\/stationnement\/"]}]},{"@type":"BreadcrumbList","@id":"https:\/\/www.jardinesdesabatini.com\/fr\/stationnement\/#breadcrumb","itemListElement":[{"@type":"ListItem","position":1,"name":"Portada","item":"https:\/\/www.jardinesdesabatini.com\/fr\/"},{"@type":"ListItem","position":2,"name":"Parking"}]},{"@type":"WebSite","@id":"https:\/\/www.jardinesdesabatini.com\/en\/#website","url":"https:\/\/www.jardinesdesabatini.com\/en\/","name":"","description":"Alojamiento en Madrid","publisher":{"@id":"https:\/\/www.jardinesdesabatini.com\/en\/#organization"},"potentialAction":[{"@type":"SearchAction","target":{"@type":"EntryPoint","urlTemplate":"https:\/\/www.jardinesdesabatini.com\/en\/?s={search_term_string}"},"query-input":"required name=search_term_string"}],"inLanguage":"fr-FR"},{"@type":"Organization","@id":"https:\/\/www.jardinesdesabatini.com\/en\/#organization","name":"Jardines de Sabatini Apartosuites","url":"https:\/\/www.jardinesdesabatini.com\/en\/","logo":{"@type":"ImageObject","inLanguage":"fr-FR","@id":"https:\/\/www.jardinesdesabatini.com\/en\/#\/schema\/logo\/image\/","url":"https:\/\/www.jardinesdesabatini.com\/wp-content\/uploads\/2016\/11\/Logo-Verde.png","contentUrl":"https:\/\/www.jardinesdesabatini.com\/wp-content\/uploads\/2016\/11\/Logo-Verde.png","width":500,"height":310,"caption":"Jardines de Sabatini Apartosuites"},"image":{"@id":"https:\/\/www.jardinesdesabatini.com\/en\/#\/schema\/logo\/image\/"},"sameAs":["https:\/\/www.facebook.com\/HotelJardinesDeSabatini\/","https:\/\/www.instagram.com\/hotelsabatini\/","https:\/\/www.linkedin.com\/company\/apartosuites-jardines-de-sabatini","https:\/\/www.youtube.com\/user\/ApartosuitesJdeS"]}]}},"_links":{"self":[{"href":"https:\/\/www.jardinesdesabatini.com\/fr\/wp-json\/wp\/v2\/pages\/2246"}],"collection":[{"href":"https:\/\/www.jardinesdesabatini.com\/fr\/wp-json\/wp\/v2\/pages"}],"about":[{"href":"https:\/\/www.jardinesdesabatini.com\/fr\/wp-json\/wp\/v2\/types\/page"}],"author":[{"embeddable":true,"href":"https:\/\/www.jardinesdesabatini.com\/fr\/wp-json\/wp\/v2\/users\/1"}],"replies":[{"embeddable":true,"href":"https:\/\/www.jardinesdesabatini.com\/fr\/wp-json\/wp\/v2\/comments?post=2246"}],"version-history":[{"count":17,"href":"https:\/\/www.jardinesdesabatini.com\/fr\/wp-json\/wp\/v2\/pages\/2246\/revisions"}],"predecessor-version":[{"id":3865,"href":"https:\/\/www.jardinesdesabatini.com\/fr\/wp-json\/wp\/v2\/pages\/2246\/revisions\/3865"}],"wp:attachment":[{"href":"https:\/\/www.jardinesdesabatini.com\/fr\/wp-json\/wp\/v2\/media?parent=2246"}],"curies":[{"name":"wp","href":"https:\/\/api.w.org\/{rel}","templated":true}]}}