{"id":2315,"date":"2019-02-06T15:47:06","date_gmt":"2019-02-06T15:47:06","guid":{"rendered":"https:\/\/www.jardinesdesabatini.com\/?page_id=2315"},"modified":"2024-02-01T16:04:24","modified_gmt":"2024-02-01T16:04:24","slug":"petit-dejeuner-et-restauration","status":"publish","type":"page","link":"https:\/\/www.jardinesdesabatini.com\/fr\/aparthotel\/services-de-lhotel\/petit-dejeuner-et-restauration\/","title":{"rendered":"Petit-dejeuner et restauration"},"content":{"rendered":"<div class=\"block block--big\">\n<div class=\"container\">\n<div class=\"widget-image\">\n<div class=\"widget-image__col\">\u00a0<\/div>\n<div class=\"widget-image__col\">\n<h2 class=\"widget-image__title\">PETIT-D\u00c9JEUNER BUFFET<\/h2>\n<article class=\"widget-image__content post\">\n<p>Commencez la journ\u00e9e avec notre d\u00e9licieux petit-d\u00e9jeuner buffet. Le petit d\u00e9jeuner se compose de: expresso, th\u00e9s et infusions, jus de fruits, viennoiserie fra\u00eechement pr\u00e9par\u00e9e (croissants, pain au chocolat, pain aux raisins, beignets au chocolat, muffins, fruit frais, salade de fruits maison, g\u00e2teau, diff\u00e9rentes c\u00e9r\u00e9ales, assortiment de pains fra\u00eechement sorties du four, assortiment de fromages et de saucisses, yaourts, \u0153ufs durs et\/ou brouill\u00e9s et bacon entre autres. Nous avons churros tous les jours et de la gastronomie espagnole sp\u00e9ciale avec omelette espagnole les week-ends.<\/p>\n<p><strong><em>LUNDI AU VENDREDI<\/em><\/strong> de 7:00h \u00e0 11:00h.<br \/>\n<strong><em>SAMEDIS, DIMANCHES ET JOURS FERIES<\/em><\/strong> de 8h00 \u00e0 11h00.<\/p>\n<\/article>\n<\/div>\n<\/div>\n<div class=\"widget-image widget-image--reverse\">\n<div class=\"widget-image__col\">\u00a0<\/div>\n<div class=\"widget-image__col\">\n<h2 class=\"widget-image__title\">PETIT-D\u00c9JEUNER L\u00c8VEZ-T\u00d4T<\/h2>\n<article class=\"widget-image__content post\">\n<p>Si vous devez partir t\u00f4t, informez-nous la veille, et nous vous pr\u00e9parons \u00e0 l&rsquo;heure indiqu\u00e9 un d\u00e9licieux petit- d\u00e9jeuner continental avec du caf\u00e9 espresso, assortiment de th\u00e9 et infusions, jus de fruits, viennoiserie vari\u00e9e et pain grill\u00e9. Sous demande on le pr\u00e9pare \u00e0 emporter.<\/p>\n<p><strong><em>TOUS LES JOURS<\/em><\/strong> de 5:30h \u00e0 7:30h\/8:00h.<\/p>\n<\/article>\n<\/div>\n<\/div>\n<div class=\"widget-image\">\n<div class=\"widget-image__col\">\u00a0<\/div>\n<div class=\"widget-image__col\">\n<h2 class=\"widget-image__title\">SERVICE DE BOISSONS<\/h2>\n<article class=\"widget-image__content post\">\n<p>D\u00e9gustez un caf\u00e9 Nespresso, une infusion ou des autres boissons ou snacks au hall de l&rsquo;h\u00f4tel. Rafra\u00eechissez-vous avec le jus d&rsquo;orange courtoisie de l&rsquo;h\u00f4tel.<\/p>\n<\/article>\n<\/div>\n<\/div>\n<div class=\"widget-image widget-image--reverse\">\n<div class=\"widget-image__col\">\u00a0<\/div>\n<div class=\"widget-image__col\">\n<h2 class=\"widget-image__title\">TERRASE COCKTAIL BAR<\/h2>\n<article class=\"widget-image__content post\">\n<p>De juin \u00e0 septembre, d\u00e9tendez-vous dans notre atmosph\u00e8re relaxante et savourez le menu tapas original que nous offrons et la grande vari\u00e9t\u00e9 de cocktails et de boissons disponibles.<\/p>\n<\/article>\n<footer class=\"widget-image__footer\"><a class=\"widget-image__link btn btn--border-dark\" href=\"https:\/\/www.jardinesdesabatini.com\/terraza-sabatini\/\">PLUS D\u2019INFORMATION ET R\u00c9SERVATIONS<\/a><\/footer>\n<\/div>\n<\/div>\n<\/div>\n<\/div>\n","protected":false},"excerpt":{"rendered":"<p>\u00a0 PETIT-D\u00c9JEUNER BUFFET Commencez la journ\u00e9e avec notre d\u00e9licieux petit-d\u00e9jeuner buffet. Le petit d\u00e9jeuner se compose de: expresso, th\u00e9s et infusions, jus de fruits, viennoiserie fra\u00eechement pr\u00e9par\u00e9e (croissants, pain au chocolat, pain aux raisins, beignets au chocolat, muffins, fruit frais, salade de fruits maison, g\u00e2teau, diff\u00e9rentes c\u00e9r\u00e9ales, assortiment de pains fra\u00eechement sorties du four, assortiment [&hellip;]<\/p>\n","protected":false},"author":1,"featured_media":1032,"parent":2276,"menu_order":0,"comment_status":"closed","ping_status":"closed","template":"template-aparthotel-servicios-restauracion.php","meta":{"_joinchat":[]},"yoast_head":"<!-- This site is optimized with the Yoast SEO plugin v20.13 - https:\/\/yoast.com\/wordpress\/plugins\/seo\/ -->\n<title>| Petit-dejeuner et restauration<\/title>\n<meta name=\"description\" content=\"Savourez un d\u00e9licieux petit d\u00e9jeuner buffet complet \u00e0 Jardines Sabatini ApartoSuites. Apportez au corps et \u00e0 l&#039;esprit l&#039;\u00e9nergie n\u00e9cessaire pour profiter du centre de Madrid.\" \/>\n<meta name=\"robots\" content=\"index, follow, max-snippet:-1, max-image-preview:large, max-video-preview:-1\" \/>\n<link rel=\"canonical\" href=\"https:\/\/www.jardinesdesabatini.com\/fr\/aparthotel\/services-de-lhotel\/petit-dejeuner-et-restauration\/\" \/>\n<meta property=\"og:locale\" content=\"fr_FR\" \/>\n<meta property=\"og:type\" content=\"article\" \/>\n<meta property=\"og:title\" content=\"| Petit-dejeuner et restauration\" \/>\n<meta property=\"og:description\" content=\"Savourez un d\u00e9licieux petit d\u00e9jeuner buffet complet \u00e0 Jardines Sabatini ApartoSuites. Apportez au corps et \u00e0 l&#039;esprit l&#039;\u00e9nergie n\u00e9cessaire pour profiter du centre de Madrid.\" \/>\n<meta property=\"og:url\" content=\"https:\/\/www.jardinesdesabatini.com\/fr\/aparthotel\/services-de-lhotel\/petit-dejeuner-et-restauration\/\" \/>\n<meta property=\"article:publisher\" content=\"https:\/\/www.facebook.com\/HotelJardinesDeSabatini\/\" \/>\n<meta property=\"article:modified_time\" content=\"2024-02-01T16:04:24+00:00\" \/>\n<meta property=\"og:image\" content=\"https:\/\/www.jardinesdesabatini.com\/wp-content\/uploads\/2016\/11\/header-servicios-restauracion-1.jpg\" \/>\n\t<meta property=\"og:image:width\" content=\"1920\" \/>\n\t<meta property=\"og:image:height\" content=\"700\" \/>\n\t<meta property=\"og:image:type\" content=\"image\/jpeg\" \/>\n<meta name=\"twitter:card\" content=\"summary_large_image\" \/>\n<meta name=\"twitter:label1\" content=\"Dur\u00e9e de lecture estim\u00e9e\" \/>\n\t<meta name=\"twitter:data1\" content=\"1 minute\" \/>\n<script type=\"application\/ld+json\" class=\"yoast-schema-graph\">{\"@context\":\"https:\/\/schema.org\",\"@graph\":[{\"@type\":\"WebPage\",\"@id\":\"https:\/\/www.jardinesdesabatini.com\/fr\/aparthotel\/services-de-lhotel\/petit-dejeuner-et-restauration\/\",\"url\":\"https:\/\/www.jardinesdesabatini.com\/fr\/aparthotel\/services-de-lhotel\/petit-dejeuner-et-restauration\/\",\"name\":\"| Petit-dejeuner et restauration\",\"isPartOf\":{\"@id\":\"https:\/\/www.jardinesdesabatini.com\/en\/#website\"},\"datePublished\":\"2019-02-06T15:47:06+00:00\",\"dateModified\":\"2024-02-01T16:04:24+00:00\",\"description\":\"Savourez un d\u00e9licieux petit d\u00e9jeuner buffet complet \u00e0 Jardines Sabatini ApartoSuites. Apportez au corps et \u00e0 l'esprit l'\u00e9nergie n\u00e9cessaire pour profiter du centre de Madrid.\",\"breadcrumb\":{\"@id\":\"https:\/\/www.jardinesdesabatini.com\/fr\/aparthotel\/services-de-lhotel\/petit-dejeuner-et-restauration\/#breadcrumb\"},\"inLanguage\":\"fr-FR\",\"potentialAction\":[{\"@type\":\"ReadAction\",\"target\":[\"https:\/\/www.jardinesdesabatini.com\/fr\/aparthotel\/services-de-lhotel\/petit-dejeuner-et-restauration\/\"]}]},{\"@type\":\"BreadcrumbList\",\"@id\":\"https:\/\/www.jardinesdesabatini.com\/fr\/aparthotel\/services-de-lhotel\/petit-dejeuner-et-restauration\/#breadcrumb\",\"itemListElement\":[{\"@type\":\"ListItem\",\"position\":1,\"name\":\"Portada\",\"item\":\"https:\/\/www.jardinesdesabatini.com\/fr\/\"},{\"@type\":\"ListItem\",\"position\":2,\"name\":\"APPARTEMENTS &#038; H\u00d4TEL\",\"item\":\"https:\/\/www.jardinesdesabatini.com\/fr\/aparthotel\/\"},{\"@type\":\"ListItem\",\"position\":3,\"name\":\"Services de L\u2019H\u00f4tel\",\"item\":\"https:\/\/www.jardinesdesabatini.com\/fr\/aparthotel\/services-de-lhotel\/\"},{\"@type\":\"ListItem\",\"position\":4,\"name\":\"Petit-dejeuner et restauration\"}]},{\"@type\":\"WebSite\",\"@id\":\"https:\/\/www.jardinesdesabatini.com\/en\/#website\",\"url\":\"https:\/\/www.jardinesdesabatini.com\/en\/\",\"name\":\"\",\"description\":\"Alojamiento en Madrid\",\"publisher\":{\"@id\":\"https:\/\/www.jardinesdesabatini.com\/en\/#organization\"},\"potentialAction\":[{\"@type\":\"SearchAction\",\"target\":{\"@type\":\"EntryPoint\",\"urlTemplate\":\"https:\/\/www.jardinesdesabatini.com\/en\/?s={search_term_string}\"},\"query-input\":\"required name=search_term_string\"}],\"inLanguage\":\"fr-FR\"},{\"@type\":\"Organization\",\"@id\":\"https:\/\/www.jardinesdesabatini.com\/en\/#organization\",\"name\":\"Jardines de Sabatini Apartosuites\",\"url\":\"https:\/\/www.jardinesdesabatini.com\/en\/\",\"logo\":{\"@type\":\"ImageObject\",\"inLanguage\":\"fr-FR\",\"@id\":\"https:\/\/www.jardinesdesabatini.com\/en\/#\/schema\/logo\/image\/\",\"url\":\"https:\/\/www.jardinesdesabatini.com\/wp-content\/uploads\/2016\/11\/Logo-Verde.png\",\"contentUrl\":\"https:\/\/www.jardinesdesabatini.com\/wp-content\/uploads\/2016\/11\/Logo-Verde.png\",\"width\":500,\"height\":310,\"caption\":\"Jardines de Sabatini Apartosuites\"},\"image\":{\"@id\":\"https:\/\/www.jardinesdesabatini.com\/en\/#\/schema\/logo\/image\/\"},\"sameAs\":[\"https:\/\/www.facebook.com\/HotelJardinesDeSabatini\/\",\"https:\/\/www.instagram.com\/hotelsabatini\/\",\"https:\/\/www.linkedin.com\/company\/apartosuites-jardines-de-sabatini\",\"https:\/\/www.youtube.com\/user\/ApartosuitesJdeS\"]}]}<\/script>\n<!-- \/ Yoast SEO plugin. -->","yoast_head_json":{"title":"| Petit-dejeuner et restauration","description":"Savourez un d\u00e9licieux petit d\u00e9jeuner buffet complet \u00e0 Jardines Sabatini ApartoSuites. Apportez au corps et \u00e0 l'esprit l'\u00e9nergie n\u00e9cessaire pour profiter du centre de Madrid.","robots":{"index":"index","follow":"follow","max-snippet":"max-snippet:-1","max-image-preview":"max-image-preview:large","max-video-preview":"max-video-preview:-1"},"canonical":"https:\/\/www.jardinesdesabatini.com\/fr\/aparthotel\/services-de-lhotel\/petit-dejeuner-et-restauration\/","og_locale":"fr_FR","og_type":"article","og_title":"| Petit-dejeuner et restauration","og_description":"Savourez un d\u00e9licieux petit d\u00e9jeuner buffet complet \u00e0 Jardines Sabatini ApartoSuites. Apportez au corps et \u00e0 l'esprit l'\u00e9nergie n\u00e9cessaire pour profiter du centre de Madrid.","og_url":"https:\/\/www.jardinesdesabatini.com\/fr\/aparthotel\/services-de-lhotel\/petit-dejeuner-et-restauration\/","article_publisher":"https:\/\/www.facebook.com\/HotelJardinesDeSabatini\/","article_modified_time":"2024-02-01T16:04:24+00:00","og_image":[{"width":1920,"height":700,"url":"https:\/\/www.jardinesdesabatini.com\/wp-content\/uploads\/2016\/11\/header-servicios-restauracion-1.jpg","type":"image\/jpeg"}],"twitter_card":"summary_large_image","twitter_misc":{"Dur\u00e9e de lecture estim\u00e9e":"1 minute"},"schema":{"@context":"https:\/\/schema.org","@graph":[{"@type":"WebPage","@id":"https:\/\/www.jardinesdesabatini.com\/fr\/aparthotel\/services-de-lhotel\/petit-dejeuner-et-restauration\/","url":"https:\/\/www.jardinesdesabatini.com\/fr\/aparthotel\/services-de-lhotel\/petit-dejeuner-et-restauration\/","name":"| Petit-dejeuner et restauration","isPartOf":{"@id":"https:\/\/www.jardinesdesabatini.com\/en\/#website"},"datePublished":"2019-02-06T15:47:06+00:00","dateModified":"2024-02-01T16:04:24+00:00","description":"Savourez un d\u00e9licieux petit d\u00e9jeuner buffet complet \u00e0 Jardines Sabatini ApartoSuites. Apportez au corps et \u00e0 l'esprit l'\u00e9nergie n\u00e9cessaire pour profiter du centre de Madrid.","breadcrumb":{"@id":"https:\/\/www.jardinesdesabatini.com\/fr\/aparthotel\/services-de-lhotel\/petit-dejeuner-et-restauration\/#breadcrumb"},"inLanguage":"fr-FR","potentialAction":[{"@type":"ReadAction","target":["https:\/\/www.jardinesdesabatini.com\/fr\/aparthotel\/services-de-lhotel\/petit-dejeuner-et-restauration\/"]}]},{"@type":"BreadcrumbList","@id":"https:\/\/www.jardinesdesabatini.com\/fr\/aparthotel\/services-de-lhotel\/petit-dejeuner-et-restauration\/#breadcrumb","itemListElement":[{"@type":"ListItem","position":1,"name":"Portada","item":"https:\/\/www.jardinesdesabatini.com\/fr\/"},{"@type":"ListItem","position":2,"name":"APPARTEMENTS &#038; H\u00d4TEL","item":"https:\/\/www.jardinesdesabatini.com\/fr\/aparthotel\/"},{"@type":"ListItem","position":3,"name":"Services de L\u2019H\u00f4tel","item":"https:\/\/www.jardinesdesabatini.com\/fr\/aparthotel\/services-de-lhotel\/"},{"@type":"ListItem","position":4,"name":"Petit-dejeuner et restauration"}]},{"@type":"WebSite","@id":"https:\/\/www.jardinesdesabatini.com\/en\/#website","url":"https:\/\/www.jardinesdesabatini.com\/en\/","name":"","description":"Alojamiento en Madrid","publisher":{"@id":"https:\/\/www.jardinesdesabatini.com\/en\/#organization"},"potentialAction":[{"@type":"SearchAction","target":{"@type":"EntryPoint","urlTemplate":"https:\/\/www.jardinesdesabatini.com\/en\/?s={search_term_string}"},"query-input":"required name=search_term_string"}],"inLanguage":"fr-FR"},{"@type":"Organization","@id":"https:\/\/www.jardinesdesabatini.com\/en\/#organization","name":"Jardines de Sabatini Apartosuites","url":"https:\/\/www.jardinesdesabatini.com\/en\/","logo":{"@type":"ImageObject","inLanguage":"fr-FR","@id":"https:\/\/www.jardinesdesabatini.com\/en\/#\/schema\/logo\/image\/","url":"https:\/\/www.jardinesdesabatini.com\/wp-content\/uploads\/2016\/11\/Logo-Verde.png","contentUrl":"https:\/\/www.jardinesdesabatini.com\/wp-content\/uploads\/2016\/11\/Logo-Verde.png","width":500,"height":310,"caption":"Jardines de Sabatini Apartosuites"},"image":{"@id":"https:\/\/www.jardinesdesabatini.com\/en\/#\/schema\/logo\/image\/"},"sameAs":["https:\/\/www.facebook.com\/HotelJardinesDeSabatini\/","https:\/\/www.instagram.com\/hotelsabatini\/","https:\/\/www.linkedin.com\/company\/apartosuites-jardines-de-sabatini","https:\/\/www.youtube.com\/user\/ApartosuitesJdeS"]}]}},"_links":{"self":[{"href":"https:\/\/www.jardinesdesabatini.com\/fr\/wp-json\/wp\/v2\/pages\/2315"}],"collection":[{"href":"https:\/\/www.jardinesdesabatini.com\/fr\/wp-json\/wp\/v2\/pages"}],"about":[{"href":"https:\/\/www.jardinesdesabatini.com\/fr\/wp-json\/wp\/v2\/types\/page"}],"author":[{"embeddable":true,"href":"https:\/\/www.jardinesdesabatini.com\/fr\/wp-json\/wp\/v2\/users\/1"}],"replies":[{"embeddable":true,"href":"https:\/\/www.jardinesdesabatini.com\/fr\/wp-json\/wp\/v2\/comments?post=2315"}],"version-history":[{"count":8,"href":"https:\/\/www.jardinesdesabatini.com\/fr\/wp-json\/wp\/v2\/pages\/2315\/revisions"}],"predecessor-version":[{"id":6068,"href":"https:\/\/www.jardinesdesabatini.com\/fr\/wp-json\/wp\/v2\/pages\/2315\/revisions\/6068"}],"up":[{"embeddable":true,"href":"https:\/\/www.jardinesdesabatini.com\/fr\/wp-json\/wp\/v2\/pages\/2276"}],"wp:featuredmedia":[{"embeddable":true,"href":"https:\/\/www.jardinesdesabatini.com\/fr\/wp-json\/wp\/v2\/media\/1032"}],"wp:attachment":[{"href":"https:\/\/www.jardinesdesabatini.com\/fr\/wp-json\/wp\/v2\/media?parent=2315"}],"curies":[{"name":"wp","href":"https:\/\/api.w.org\/{rel}","templated":true}]}}