{"id":5373,"date":"2019-02-06T08:59:10","date_gmt":"2019-02-06T08:59:10","guid":{"rendered":"https:\/\/www.jardinesdesabatini.com\/aparthotel-jardines-de-sabatini\/"},"modified":"2020-06-15T09:33:03","modified_gmt":"2020-06-15T09:33:03","slug":"aparthotel-jardines-de-sabatini","status":"publish","type":"page","link":"https:\/\/www.jardinesdesabatini.com\/pt\/","title":{"rendered":"Apartosuites Jardines de Sabatini | Aparhotel en Madrid frente al Palacio Real"},"content":{"rendered":"<div id=\"welcome\" class=\"block block--fit block--big\">\n<div class=\"container\">\n<header class=\"block-header block-header--border\">\n<h2 class=\"block-header__title wow fadeInDown\">APARTHOTEL DE DESENHO NO CENTRO DE MADRID, EM FRENTE AO PAL\u00c1CIO REAL E AOS JARDINS DE SABATINI<\/h2>\n<\/header>\n<article class=\"post align-center wow tdFadeInUp\" data-wow-delay=\"300ms\" data-seres-role=\"excerpt\">\n<p>Desfrute de una experiencia \u00fanica este hotel butique situado no centro de Madrid, em frente do Pal\u00e1cio Real, e perto da Gran Via e a Pra\u00e7a de Espanha.<\/p>\n<div data-seres-excerpt=\"divider\" data-seres-excerpt-closed-label=\"Ver m\u00e1s\" data-seres-excerpt-opened-label=\"Ver menos\">\u00a0<\/div>\n<p>Experimente um Novo conceito de estadia, a combinar os melhores servi\u00e7os de um hotel com o conforto e tranquilidade de um apartamento. Os quartos modernos e amplos, e as su\u00edtes que oferecemos-lhes, contam com cozinha americana totalmente equipada, faz com que a estadia em este aparthotel de desenho seja uma experi\u00eancia ideal, seja para as viagens de neg\u00f3cios, quando se est\u00e1 a procura de servi\u00e7os, conforto espa\u00e7o, ou seja para casais e fam\u00edlias com crian\u00e7as que procuram desfrutar do lazer e a fam\u00edlia em Madrid e querem poder sentir-se como em casa.<\/p>\n<p>O hotel oferece experi\u00eancias \u00fanicas, inesquec\u00edveis e exclusivas, como o maravilhoso por do sol de Madrid desde o nosso terra\u00e7o chill-out com uma panor\u00e2mica inesquec\u00edvel do Pal\u00e1cio Real, assim como uma viagem no tempo at\u00e9 in\u00edcios do s\u00e9culo XX ao visitar o nosso museu de carros cl\u00e1ssicos, no pr\u00f3prio hotel ou andar a descoberta da arte urbana presente em cada cantinho do hotel..<\/p>\n<\/article>\n<\/div>\n<\/div>\n<div class=\"row\">\n<div class=\"col-md-6 g-0\">\n<figure class=\"feat wow tdExpandIn\" data-wow-delay=\"300ms\"><a class=\"feat__link\" href=\"\"><!-- link --><\/a><span class=\"feat__bg\" style=\"background-image: url('https:\/\/www.jardinesdesabatini.com\/wp-content\/themes\/sabatini\/images\/home\/feat\/feat-4.jpg');\"><!-- bg --><\/span><\/p>\n<hgroup class=\"feat__body\">\n<h2 class=\"feat__body-title\">QUARTOS<\/h2>\n<h5 class=\"feat__body-desc\">Encontre o quarto perfeito para a usa estadia<\/h5>\n<\/hgroup>\n<\/figure>\n<\/div>\n<div class=\"col-md-6 g-0\">\n<figure class=\"feat wow tdExpandIn\" data-wow-delay=\"300ms\"><a class=\"feat__link\" href=\"\"><!-- link --><\/a><span class=\"feat__bg\" style=\"background-image: url('https:\/\/www.jardinesdesabatini.com\/wp-content\/themes\/sabatini\/images\/home\/feat\/feat-2.jpg');\"><!-- bg --><\/span><\/p>\n<hgroup class=\"feat__body\">\n<h2 class=\"feat__body-title\">TERRA\u00c7O<\/h2>\n<h5 class=\"feat__body-desc\">Desfrute da melhor panor\u00e2mica do Pal\u00e1cio Real de Madrid<\/h5>\n<\/hgroup>\n<\/figure>\n<\/div>\n<div class=\"col-md-6 g-0\">\n<figure class=\"feat wow tdExpandIn\" data-wow-delay=\"300ms\"><a class=\"feat__link\" href=\"https:\/\/www.jardinesdesabatini.com\/museo-coches-antiguos\/\"><!-- link --><\/a><span class=\"feat__bg\" style=\"background-image: url('https:\/\/www.jardinesdesabatini.com\/wp-content\/themes\/sabatini\/images\/home\/feat\/feat-1.jpg');\"><!-- bg --><\/span><\/p>\n<hgroup class=\"feat__body\">\n<h2 class=\"feat__body-title\">MUSEU DE CARROS<\/h2>\n<h5 class=\"feat__body-desc\">Viaje no tempo ao Madrid de in\u00edcios do S\u00e9c. XX<\/h5>\n<\/hgroup>\n<\/figure>\n<\/div>\n<div class=\"col-md-6 g-0\">\n<figure class=\"feat wow tdExpandIn\" data-wow-delay=\"300ms\"><a class=\"feat__link\" href=\"\"><!-- link --><\/a><span class=\"feat__bg\" style=\"background-image: url('https:\/\/www.jardinesdesabatini.com\/wp-content\/themes\/sabatini\/images\/home\/feat\/feat-3.jpg');\"><!-- bg --><\/span><\/p>\n<hgroup class=\"feat__body\">\n<h2 class=\"feat__body-title\">PROMO\u00c7\u00d5ES<\/h2>\n<h5 class=\"feat__body-desc\">Escolha entre as nossas promo\u00e7\u00f5es exclusivas e a nossa original proposta de atividades<\/h5>\n<\/hgroup>\n<\/figure>\n<\/div>\n<\/div>\n","protected":false},"excerpt":{"rendered":"<p>APARTHOTEL DE DESENHO NO CENTRO DE MADRID, EM FRENTE AO PAL\u00c1CIO REAL E AOS JARDINS DE SABATINI Desfrute de una experiencia \u00fanica este hotel butique situado no centro de Madrid, em frente do Pal\u00e1cio Real, e perto da Gran Via e a Pra\u00e7a de Espanha. \u00a0 Experimente um Novo conceito de estadia, a combinar os [&hellip;]<\/p>\n","protected":false},"author":1,"featured_media":0,"parent":0,"menu_order":0,"comment_status":"closed","ping_status":"closed","template":"template-home.php","meta":{"_joinchat":[]},"yoast_head":"<!-- This site is optimized with the Yoast SEO plugin v20.13 - https:\/\/yoast.com\/wordpress\/plugins\/seo\/ -->\n<title>Apartosuites Jardines de Sabatini | Aparhotel en Madrid frente al Palacio Real | Best price guaranteed<\/title>\n<meta name=\"description\" content=\"\u2705Book a serviced apartment in Madrid in front of the Royal Palace. \u2705 Large and comfortable rooms with Royal Palace views.\" \/>\n<meta name=\"robots\" content=\"index, follow, max-snippet:-1, max-image-preview:large, max-video-preview:-1\" \/>\n<link rel=\"canonical\" href=\"https:\/\/www.jardinesdesabatini.com\/pt\/\" \/>\n<meta property=\"og:locale\" content=\"pt_PT\" \/>\n<meta property=\"og:type\" content=\"article\" \/>\n<meta property=\"og:title\" content=\"Apartosuites Jardines de Sabatini | Aparhotel en Madrid frente al Palacio Real | Best price guaranteed\" \/>\n<meta property=\"og:description\" content=\"\u2705Book a serviced apartment in Madrid in front of the Royal Palace. \u2705 Large and comfortable rooms with Royal Palace views.\" \/>\n<meta property=\"og:url\" content=\"https:\/\/www.jardinesdesabatini.com\/pt\/\" \/>\n<meta property=\"article:publisher\" content=\"https:\/\/www.facebook.com\/HotelJardinesDeSabatini\/\" \/>\n<meta property=\"article:modified_time\" content=\"2020-06-15T09:33:03+00:00\" \/>\n<meta name=\"twitter:card\" content=\"summary_large_image\" \/>\n<meta name=\"twitter:label1\" content=\"Est. reading time\" \/>\n\t<meta name=\"twitter:data1\" content=\"1 minute\" \/>\n<script type=\"application\/ld+json\" class=\"yoast-schema-graph\">{\"@context\":\"https:\/\/schema.org\",\"@graph\":[{\"@type\":\"WebPage\",\"@id\":\"https:\/\/www.jardinesdesabatini.com\/pt\/\",\"url\":\"https:\/\/www.jardinesdesabatini.com\/pt\/\",\"name\":\"Apartosuites Jardines de Sabatini | Aparhotel en Madrid frente al Palacio Real | Best price guaranteed\",\"isPartOf\":{\"@id\":\"https:\/\/www.jardinesdesabatini.com\/en\/#website\"},\"datePublished\":\"2019-02-06T08:59:10+00:00\",\"dateModified\":\"2020-06-15T09:33:03+00:00\",\"description\":\"\u2705Book a serviced apartment in Madrid in front of the Royal Palace. \u2705 Large and comfortable rooms with Royal Palace views.\",\"breadcrumb\":{\"@id\":\"https:\/\/www.jardinesdesabatini.com\/pt\/#breadcrumb\"},\"inLanguage\":\"pt\",\"potentialAction\":[{\"@type\":\"ReadAction\",\"target\":[\"https:\/\/www.jardinesdesabatini.com\/pt\/\"]}]},{\"@type\":\"BreadcrumbList\",\"@id\":\"https:\/\/www.jardinesdesabatini.com\/pt\/#breadcrumb\",\"itemListElement\":[{\"@type\":\"ListItem\",\"position\":1,\"name\":\"Portada\",\"item\":\"https:\/\/www.jardinesdesabatini.com\/pt\/\"},{\"@type\":\"ListItem\",\"position\":2,\"name\":\"Apartosuites Jardines de Sabatini | Aparhotel en Madrid frente al Palacio Real\"}]},{\"@type\":\"WebSite\",\"@id\":\"https:\/\/www.jardinesdesabatini.com\/en\/#website\",\"url\":\"https:\/\/www.jardinesdesabatini.com\/en\/\",\"name\":\"\",\"description\":\"Alojamiento en Madrid\",\"publisher\":{\"@id\":\"https:\/\/www.jardinesdesabatini.com\/en\/#organization\"},\"potentialAction\":[{\"@type\":\"SearchAction\",\"target\":{\"@type\":\"EntryPoint\",\"urlTemplate\":\"https:\/\/www.jardinesdesabatini.com\/en\/?s={search_term_string}\"},\"query-input\":\"required name=search_term_string\"}],\"inLanguage\":\"pt\"},{\"@type\":\"Organization\",\"@id\":\"https:\/\/www.jardinesdesabatini.com\/en\/#organization\",\"name\":\"Jardines de Sabatini Apartosuites\",\"url\":\"https:\/\/www.jardinesdesabatini.com\/en\/\",\"logo\":{\"@type\":\"ImageObject\",\"inLanguage\":\"pt\",\"@id\":\"https:\/\/www.jardinesdesabatini.com\/en\/#\/schema\/logo\/image\/\",\"url\":\"https:\/\/www.jardinesdesabatini.com\/wp-content\/uploads\/2016\/11\/Logo-Verde.png\",\"contentUrl\":\"https:\/\/www.jardinesdesabatini.com\/wp-content\/uploads\/2016\/11\/Logo-Verde.png\",\"width\":500,\"height\":310,\"caption\":\"Jardines de Sabatini Apartosuites\"},\"image\":{\"@id\":\"https:\/\/www.jardinesdesabatini.com\/en\/#\/schema\/logo\/image\/\"},\"sameAs\":[\"https:\/\/www.facebook.com\/HotelJardinesDeSabatini\/\",\"https:\/\/www.instagram.com\/hotelsabatini\/\",\"https:\/\/www.linkedin.com\/company\/apartosuites-jardines-de-sabatini\",\"https:\/\/www.youtube.com\/user\/ApartosuitesJdeS\"]}]}<\/script>\n<!-- \/ Yoast SEO plugin. -->","yoast_head_json":{"title":"Apartosuites Jardines de Sabatini | Aparhotel en Madrid frente al Palacio Real | Best price guaranteed","description":"\u2705Book a serviced apartment in Madrid in front of the Royal Palace. \u2705 Large and comfortable rooms with Royal Palace views.","robots":{"index":"index","follow":"follow","max-snippet":"max-snippet:-1","max-image-preview":"max-image-preview:large","max-video-preview":"max-video-preview:-1"},"canonical":"https:\/\/www.jardinesdesabatini.com\/pt\/","og_locale":"pt_PT","og_type":"article","og_title":"Apartosuites Jardines de Sabatini | Aparhotel en Madrid frente al Palacio Real | Best price guaranteed","og_description":"\u2705Book a serviced apartment in Madrid in front of the Royal Palace. \u2705 Large and comfortable rooms with Royal Palace views.","og_url":"https:\/\/www.jardinesdesabatini.com\/pt\/","article_publisher":"https:\/\/www.facebook.com\/HotelJardinesDeSabatini\/","article_modified_time":"2020-06-15T09:33:03+00:00","twitter_card":"summary_large_image","twitter_misc":{"Est. reading time":"1 minute"},"schema":{"@context":"https:\/\/schema.org","@graph":[{"@type":"WebPage","@id":"https:\/\/www.jardinesdesabatini.com\/pt\/","url":"https:\/\/www.jardinesdesabatini.com\/pt\/","name":"Apartosuites Jardines de Sabatini | Aparhotel en Madrid frente al Palacio Real | Best price guaranteed","isPartOf":{"@id":"https:\/\/www.jardinesdesabatini.com\/en\/#website"},"datePublished":"2019-02-06T08:59:10+00:00","dateModified":"2020-06-15T09:33:03+00:00","description":"\u2705Book a serviced apartment in Madrid in front of the Royal Palace. \u2705 Large and comfortable rooms with Royal Palace views.","breadcrumb":{"@id":"https:\/\/www.jardinesdesabatini.com\/pt\/#breadcrumb"},"inLanguage":"pt","potentialAction":[{"@type":"ReadAction","target":["https:\/\/www.jardinesdesabatini.com\/pt\/"]}]},{"@type":"BreadcrumbList","@id":"https:\/\/www.jardinesdesabatini.com\/pt\/#breadcrumb","itemListElement":[{"@type":"ListItem","position":1,"name":"Portada","item":"https:\/\/www.jardinesdesabatini.com\/pt\/"},{"@type":"ListItem","position":2,"name":"Apartosuites Jardines de Sabatini | Aparhotel en Madrid frente al Palacio Real"}]},{"@type":"WebSite","@id":"https:\/\/www.jardinesdesabatini.com\/en\/#website","url":"https:\/\/www.jardinesdesabatini.com\/en\/","name":"","description":"Alojamiento en Madrid","publisher":{"@id":"https:\/\/www.jardinesdesabatini.com\/en\/#organization"},"potentialAction":[{"@type":"SearchAction","target":{"@type":"EntryPoint","urlTemplate":"https:\/\/www.jardinesdesabatini.com\/en\/?s={search_term_string}"},"query-input":"required name=search_term_string"}],"inLanguage":"pt"},{"@type":"Organization","@id":"https:\/\/www.jardinesdesabatini.com\/en\/#organization","name":"Jardines de Sabatini Apartosuites","url":"https:\/\/www.jardinesdesabatini.com\/en\/","logo":{"@type":"ImageObject","inLanguage":"pt","@id":"https:\/\/www.jardinesdesabatini.com\/en\/#\/schema\/logo\/image\/","url":"https:\/\/www.jardinesdesabatini.com\/wp-content\/uploads\/2016\/11\/Logo-Verde.png","contentUrl":"https:\/\/www.jardinesdesabatini.com\/wp-content\/uploads\/2016\/11\/Logo-Verde.png","width":500,"height":310,"caption":"Jardines de Sabatini Apartosuites"},"image":{"@id":"https:\/\/www.jardinesdesabatini.com\/en\/#\/schema\/logo\/image\/"},"sameAs":["https:\/\/www.facebook.com\/HotelJardinesDeSabatini\/","https:\/\/www.instagram.com\/hotelsabatini\/","https:\/\/www.linkedin.com\/company\/apartosuites-jardines-de-sabatini","https:\/\/www.youtube.com\/user\/ApartosuitesJdeS"]}]}},"_links":{"self":[{"href":"https:\/\/www.jardinesdesabatini.com\/pt\/wp-json\/wp\/v2\/pages\/5373"}],"collection":[{"href":"https:\/\/www.jardinesdesabatini.com\/pt\/wp-json\/wp\/v2\/pages"}],"about":[{"href":"https:\/\/www.jardinesdesabatini.com\/pt\/wp-json\/wp\/v2\/types\/page"}],"author":[{"embeddable":true,"href":"https:\/\/www.jardinesdesabatini.com\/pt\/wp-json\/wp\/v2\/users\/1"}],"replies":[{"embeddable":true,"href":"https:\/\/www.jardinesdesabatini.com\/pt\/wp-json\/wp\/v2\/comments?post=5373"}],"version-history":[{"count":2,"href":"https:\/\/www.jardinesdesabatini.com\/pt\/wp-json\/wp\/v2\/pages\/5373\/revisions"}],"predecessor-version":[{"id":5495,"href":"https:\/\/www.jardinesdesabatini.com\/pt\/wp-json\/wp\/v2\/pages\/5373\/revisions\/5495"}],"wp:attachment":[{"href":"https:\/\/www.jardinesdesabatini.com\/pt\/wp-json\/wp\/v2\/media?parent=5373"}],"curies":[{"name":"wp","href":"https:\/\/api.w.org\/{rel}","templated":true}]}}