{"id":5380,"date":"2020-05-25T10:16:51","date_gmt":"2020-05-25T10:16:51","guid":{"rendered":"https:\/\/www.jardinesdesabatini.com\/parking-hotel\/"},"modified":"2020-06-15T08:07:55","modified_gmt":"2020-06-15T08:07:55","slug":"parking","status":"publish","type":"page","link":"https:\/\/www.jardinesdesabatini.com\/pt\/parking\/","title":{"rendered":"Parking"},"content":{"rendered":"<div class=\"block block--fit block--big\">\n<div class=\"container\">\n<header class=\"block-header block-header--border\">\n<h1 class=\"block-header__title\"><strong><span style=\"font-size: 24pt; color: #333333;\">PARKING P\u00daBLICO 24 HORAS JUNTO AL HOTEL<\/span><\/strong><\/h1>\n<\/header>\n<p class=\"post\"><span style=\"font-size: 12pt; color: #333333;\">Se voc\u00ea vem de carro para Madrid, n\u00e3o se preocupe com o estacionamento da sua viatura, pois ao lado dos Apartosuites Jardines de Sabatini vai encontrar um estacionamento p\u00fablico para o qual voc\u00ea n\u00e3o precisa reserva, como cliente tem uma vaga dispon\u00edvel no momento da sua chegada.<\/span><\/p>\n<p><span style=\"color: #333333; font-size: 12pt;\">Desfrute de um desconto especial de 25% na taxa di\u00e1ria de estacionamento, cortesia do hotel. Voc\u00ea s\u00f3 precisa carimbar o bilhete entregue no estacionamento \u00e0 sua chegada na recep\u00e7\u00e3o do hotel. \u00c0 sa\u00edda, o desnconto ser\u00e1 aplicado diretamente na bilheteria do estacionamento. O estacionamento n\u00e3o aceita cart\u00f5es de cr\u00e9dito nem cart\u00f5es multibanco.<\/span><\/p>\n<p class=\"post\"><span style=\"font-size: 12pt; color: #333333;\">Para o seu conforto e conveni\u00eancia, existe um acesso direto ao hotel a partir deste estacionamento p\u00fablico, o que facilitar\u00e1 o carregamento e descarregamento da sua bagagem.<\/span><\/p>\n<p class=\"post\"><span style=\"color: #333333; font-size: 12pt;\">O estacionamento est\u00e1 localizado no centro de Madrid, junto ao hotel, entre a Pra\u00e7a de Espanha e a esta\u00e7\u00e3o Pr\u00edncipe P\u00edo.<\/span><\/p>\n<p><span style=\"color: #333333; font-size: 12pt;\">O estacionamento est\u00e1 aberto todos os dias do ano, possui amplas vagas de estacionamento, pois h\u00e1 poucas colunas e tem servi\u00e7o de seguran\u00e7a 24 horas. Este estacionamento tem uma grande altura, por isso \u00e9 perfeito para o estacionamento de carrinhas e motocasss, com vagas reservadas para esses ve\u00edculos.<\/span><\/p>\n<article class=\"post\"><span style=\"color: #333333; font-size: 12pt;\">Se voc\u00ea precisar de mais informa\u00e7\u00f5es sobre estacionamento e o seu funcionamento, clique aqui  <span style=\"color: #99cc00;\"><a style=\"color: #99cc00;\" href=\"http:\/\/http:\/\/www.parkingmadridcentro.es\" target=\"_blank\" rel=\"noopener noreferrer\">http:\/\/www.parkingmadridcentro.es<\/a><\/span><\/span><\/article>\n<\/div>\n<\/div>\n","protected":false},"excerpt":{"rendered":"<p>PARKING P\u00daBLICO 24 HORAS JUNTO AL HOTEL Se voc\u00ea vem de carro para Madrid, n\u00e3o se preocupe com o estacionamento da sua viatura, pois ao lado dos Apartosuites Jardines de Sabatini vai encontrar um estacionamento p\u00fablico para o qual voc\u00ea n\u00e3o precisa reserva, como cliente tem uma vaga dispon\u00edvel no momento da sua chegada. Desfrute [&hellip;]<\/p>\n","protected":false},"author":1,"featured_media":0,"parent":0,"menu_order":0,"comment_status":"closed","ping_status":"closed","template":"template-parking.php","meta":{"_joinchat":[]},"yoast_head":"<!-- This site is optimized with the Yoast SEO plugin v20.13 - https:\/\/yoast.com\/wordpress\/plugins\/seo\/ -->\n<title>Parking |<\/title>\n<meta name=\"robots\" content=\"index, follow, max-snippet:-1, max-image-preview:large, max-video-preview:-1\" \/>\n<link rel=\"canonical\" href=\"https:\/\/www.jardinesdesabatini.com\/pt\/parking\/\" \/>\n<meta property=\"og:locale\" content=\"pt_PT\" \/>\n<meta property=\"og:type\" content=\"article\" \/>\n<meta property=\"og:title\" content=\"Parking |\" \/>\n<meta property=\"og:description\" content=\"PARKING P\u00daBLICO 24 HORAS JUNTO AL HOTEL Se voc\u00ea vem de carro para Madrid, n\u00e3o se preocupe com o estacionamento da sua viatura, pois ao lado dos Apartosuites Jardines de Sabatini vai encontrar um estacionamento p\u00fablico para o qual voc\u00ea n\u00e3o precisa reserva, como cliente tem uma vaga dispon\u00edvel no momento da sua chegada. Desfrute [&hellip;]\" \/>\n<meta property=\"og:url\" content=\"https:\/\/www.jardinesdesabatini.com\/pt\/parking\/\" \/>\n<meta property=\"article:publisher\" content=\"https:\/\/www.facebook.com\/HotelJardinesDeSabatini\/\" \/>\n<meta property=\"article:modified_time\" content=\"2020-06-15T08:07:55+00:00\" \/>\n<meta name=\"twitter:card\" content=\"summary_large_image\" \/>\n<meta name=\"twitter:label1\" content=\"Est. reading time\" \/>\n\t<meta name=\"twitter:data1\" content=\"1 minute\" \/>\n<script type=\"application\/ld+json\" class=\"yoast-schema-graph\">{\"@context\":\"https:\/\/schema.org\",\"@graph\":[{\"@type\":\"WebPage\",\"@id\":\"https:\/\/www.jardinesdesabatini.com\/pt\/parking\/\",\"url\":\"https:\/\/www.jardinesdesabatini.com\/pt\/parking\/\",\"name\":\"Parking |\",\"isPartOf\":{\"@id\":\"https:\/\/www.jardinesdesabatini.com\/en\/#website\"},\"datePublished\":\"2020-05-25T10:16:51+00:00\",\"dateModified\":\"2020-06-15T08:07:55+00:00\",\"breadcrumb\":{\"@id\":\"https:\/\/www.jardinesdesabatini.com\/pt\/parking\/#breadcrumb\"},\"inLanguage\":\"pt\",\"potentialAction\":[{\"@type\":\"ReadAction\",\"target\":[\"https:\/\/www.jardinesdesabatini.com\/pt\/parking\/\"]}]},{\"@type\":\"BreadcrumbList\",\"@id\":\"https:\/\/www.jardinesdesabatini.com\/pt\/parking\/#breadcrumb\",\"itemListElement\":[{\"@type\":\"ListItem\",\"position\":1,\"name\":\"Portada\",\"item\":\"https:\/\/www.jardinesdesabatini.com\/pt\/\"},{\"@type\":\"ListItem\",\"position\":2,\"name\":\"Parking\"}]},{\"@type\":\"WebSite\",\"@id\":\"https:\/\/www.jardinesdesabatini.com\/en\/#website\",\"url\":\"https:\/\/www.jardinesdesabatini.com\/en\/\",\"name\":\"\",\"description\":\"Alojamiento en Madrid\",\"publisher\":{\"@id\":\"https:\/\/www.jardinesdesabatini.com\/en\/#organization\"},\"potentialAction\":[{\"@type\":\"SearchAction\",\"target\":{\"@type\":\"EntryPoint\",\"urlTemplate\":\"https:\/\/www.jardinesdesabatini.com\/en\/?s={search_term_string}\"},\"query-input\":\"required name=search_term_string\"}],\"inLanguage\":\"pt\"},{\"@type\":\"Organization\",\"@id\":\"https:\/\/www.jardinesdesabatini.com\/en\/#organization\",\"name\":\"Jardines de Sabatini Apartosuites\",\"url\":\"https:\/\/www.jardinesdesabatini.com\/en\/\",\"logo\":{\"@type\":\"ImageObject\",\"inLanguage\":\"pt\",\"@id\":\"https:\/\/www.jardinesdesabatini.com\/en\/#\/schema\/logo\/image\/\",\"url\":\"https:\/\/www.jardinesdesabatini.com\/wp-content\/uploads\/2016\/11\/Logo-Verde.png\",\"contentUrl\":\"https:\/\/www.jardinesdesabatini.com\/wp-content\/uploads\/2016\/11\/Logo-Verde.png\",\"width\":500,\"height\":310,\"caption\":\"Jardines de Sabatini Apartosuites\"},\"image\":{\"@id\":\"https:\/\/www.jardinesdesabatini.com\/en\/#\/schema\/logo\/image\/\"},\"sameAs\":[\"https:\/\/www.facebook.com\/HotelJardinesDeSabatini\/\",\"https:\/\/www.instagram.com\/hotelsabatini\/\",\"https:\/\/www.linkedin.com\/company\/apartosuites-jardines-de-sabatini\",\"https:\/\/www.youtube.com\/user\/ApartosuitesJdeS\"]}]}<\/script>\n<!-- \/ Yoast SEO plugin. -->","yoast_head_json":{"title":"Parking |","robots":{"index":"index","follow":"follow","max-snippet":"max-snippet:-1","max-image-preview":"max-image-preview:large","max-video-preview":"max-video-preview:-1"},"canonical":"https:\/\/www.jardinesdesabatini.com\/pt\/parking\/","og_locale":"pt_PT","og_type":"article","og_title":"Parking |","og_description":"PARKING P\u00daBLICO 24 HORAS JUNTO AL HOTEL Se voc\u00ea vem de carro para Madrid, n\u00e3o se preocupe com o estacionamento da sua viatura, pois ao lado dos Apartosuites Jardines de Sabatini vai encontrar um estacionamento p\u00fablico para o qual voc\u00ea n\u00e3o precisa reserva, como cliente tem uma vaga dispon\u00edvel no momento da sua chegada. Desfrute [&hellip;]","og_url":"https:\/\/www.jardinesdesabatini.com\/pt\/parking\/","article_publisher":"https:\/\/www.facebook.com\/HotelJardinesDeSabatini\/","article_modified_time":"2020-06-15T08:07:55+00:00","twitter_card":"summary_large_image","twitter_misc":{"Est. reading time":"1 minute"},"schema":{"@context":"https:\/\/schema.org","@graph":[{"@type":"WebPage","@id":"https:\/\/www.jardinesdesabatini.com\/pt\/parking\/","url":"https:\/\/www.jardinesdesabatini.com\/pt\/parking\/","name":"Parking |","isPartOf":{"@id":"https:\/\/www.jardinesdesabatini.com\/en\/#website"},"datePublished":"2020-05-25T10:16:51+00:00","dateModified":"2020-06-15T08:07:55+00:00","breadcrumb":{"@id":"https:\/\/www.jardinesdesabatini.com\/pt\/parking\/#breadcrumb"},"inLanguage":"pt","potentialAction":[{"@type":"ReadAction","target":["https:\/\/www.jardinesdesabatini.com\/pt\/parking\/"]}]},{"@type":"BreadcrumbList","@id":"https:\/\/www.jardinesdesabatini.com\/pt\/parking\/#breadcrumb","itemListElement":[{"@type":"ListItem","position":1,"name":"Portada","item":"https:\/\/www.jardinesdesabatini.com\/pt\/"},{"@type":"ListItem","position":2,"name":"Parking"}]},{"@type":"WebSite","@id":"https:\/\/www.jardinesdesabatini.com\/en\/#website","url":"https:\/\/www.jardinesdesabatini.com\/en\/","name":"","description":"Alojamiento en Madrid","publisher":{"@id":"https:\/\/www.jardinesdesabatini.com\/en\/#organization"},"potentialAction":[{"@type":"SearchAction","target":{"@type":"EntryPoint","urlTemplate":"https:\/\/www.jardinesdesabatini.com\/en\/?s={search_term_string}"},"query-input":"required name=search_term_string"}],"inLanguage":"pt"},{"@type":"Organization","@id":"https:\/\/www.jardinesdesabatini.com\/en\/#organization","name":"Jardines de Sabatini Apartosuites","url":"https:\/\/www.jardinesdesabatini.com\/en\/","logo":{"@type":"ImageObject","inLanguage":"pt","@id":"https:\/\/www.jardinesdesabatini.com\/en\/#\/schema\/logo\/image\/","url":"https:\/\/www.jardinesdesabatini.com\/wp-content\/uploads\/2016\/11\/Logo-Verde.png","contentUrl":"https:\/\/www.jardinesdesabatini.com\/wp-content\/uploads\/2016\/11\/Logo-Verde.png","width":500,"height":310,"caption":"Jardines de Sabatini Apartosuites"},"image":{"@id":"https:\/\/www.jardinesdesabatini.com\/en\/#\/schema\/logo\/image\/"},"sameAs":["https:\/\/www.facebook.com\/HotelJardinesDeSabatini\/","https:\/\/www.instagram.com\/hotelsabatini\/","https:\/\/www.linkedin.com\/company\/apartosuites-jardines-de-sabatini","https:\/\/www.youtube.com\/user\/ApartosuitesJdeS"]}]}},"_links":{"self":[{"href":"https:\/\/www.jardinesdesabatini.com\/pt\/wp-json\/wp\/v2\/pages\/5380"}],"collection":[{"href":"https:\/\/www.jardinesdesabatini.com\/pt\/wp-json\/wp\/v2\/pages"}],"about":[{"href":"https:\/\/www.jardinesdesabatini.com\/pt\/wp-json\/wp\/v2\/types\/page"}],"author":[{"embeddable":true,"href":"https:\/\/www.jardinesdesabatini.com\/pt\/wp-json\/wp\/v2\/users\/1"}],"replies":[{"embeddable":true,"href":"https:\/\/www.jardinesdesabatini.com\/pt\/wp-json\/wp\/v2\/comments?post=5380"}],"version-history":[{"count":2,"href":"https:\/\/www.jardinesdesabatini.com\/pt\/wp-json\/wp\/v2\/pages\/5380\/revisions"}],"predecessor-version":[{"id":5457,"href":"https:\/\/www.jardinesdesabatini.com\/pt\/wp-json\/wp\/v2\/pages\/5380\/revisions\/5457"}],"wp:attachment":[{"href":"https:\/\/www.jardinesdesabatini.com\/pt\/wp-json\/wp\/v2\/media?parent=5380"}],"curies":[{"name":"wp","href":"https:\/\/api.w.org\/{rel}","templated":true}]}}