{"id":5433,"date":"2020-06-11T10:21:08","date_gmt":"2020-06-11T10:21:08","guid":{"rendered":"https:\/\/www.jardinesdesabatini.com\/servicos-nos-quartos\/"},"modified":"2024-11-20T16:32:37","modified_gmt":"2024-11-20T16:32:37","slug":"servicos-nos-quartos","status":"publish","type":"page","link":"https:\/\/www.jardinesdesabatini.com\/pt\/apartamentos-hotel\/servicos-do-hotel\/servicos-nos-quartos\/","title":{"rendered":"SERVI\u00c7OS NOS QUARTOS"},"content":{"rendered":"<div class=\"block block--fit block--big\">\n<div class=\"container\">\n<div class=\"row\">\n<div class=\"col-md-3 col-sm-4 col-xs-6\">\n<figure class=\"widget-icon widget-icon--kitchen\">\n<p class=\"widget-icon__image\"><i class=\"seres-icon seres-icon--american-kitchen\"><\/i><\/p>\n<p class=\"widget-icon__title\">Cozinha americana equipada<\/p>\n<\/figure><\/div>\n<div class=\"col-md-3 col-sm-4 col-xs-6\">\n<figure class=\"widget-icon widget-icon--limpieza\">\n<p class=\"widget-icon__image\"><i class=\"seres-icon seres-icon--cleaning\"><\/i><\/p>\n<p class=\"widget-icon__title\">Servi\u00e7o de limpeza di\u00e1ria<\/p>\n<\/figure><\/div>\n<div class=\"col-md-3 col-sm-4 col-xs-6\">\n<figure class=\"widget-icon widget-icon--wifi\">\n\t\t\t\t\t\t\t<a href=\"\" class=\"widget-icon__image\"><i class=\"seres-icon seres-icon--wifi\"><\/i><\/a>\n\t\t\t\t\t\t\t<a href=\"\" class=\"widget-icon__title\">WiFi de alta velocidade GRATUITO<\/a>\n\t\t\t\t\t\t<\/figure>\n<\/p><\/div>\n<div class=\"col-md-3 col-sm-4 col-xs-6\">\n<figure class=\"widget-icon widget-icon--menaje\">\n<p class=\"widget-icon__image\"><i class=\"seres-icon seres-icon--kitchenware\"><\/i><\/p>\n<p class=\"widget-icon__title\">Utens\u00edlios de cozinha<\/p>\n<\/figure><\/div>\n<div class=\"col-md-3 col-sm-4 col-xs-6\">\n<figure class=\"widget-icon widget-icon--kit-limpieza\">\n<p class=\"widget-icon__image\"><i class=\"seres-icon seres-icon--cleaning-kit\"><\/i><\/p>\n<p class=\"widget-icon__title\">Kit de Limpeza para a cozinha<\/p>\n<\/figure><\/div>\n<div class=\"col-md-3 col-sm-4 col-xs-6\">\n<figure class=\"widget-icon widget-icon--vajilla\">\n<p class=\"widget-icon__image\"><i class=\"seres-icon seres-icon--tableware\"><\/i><\/p>\n<p class=\"widget-icon__title\">Possibilidade de lavar lou\u00e7a <br\/>(com custo adicional)<\/p>\n<\/figure><\/div>\n<div class=\"col-md-3 col-sm-4 col-xs-6\">\n<figure class=\"widget-icon widget-icon--luz\">\n<p class=\"widget-icon__image\"><i class=\"seres-icon seres-icon--reading-light\"><\/i><\/p>\n<p class=\"widget-icon__title\">Luz de leitura<\/p>\n<\/figure><\/div>\n<div class=\"col-md-3 col-sm-4 col-xs-6\">\n<figure class=\"widget-icon widget-icon--usb\">\n<p class=\"widget-icon__image\"><i class=\"seres-icon seres-icon--usb\"><\/i><\/p>\n<p class=\"widget-icon__title\">Fichas USB<\/p>\n<\/figure><\/div>\n<div class=\"col-md-3 col-sm-4 col-xs-6\">\n<figure class=\"widget-icon widget-icon--caja-fuerte\">\n<p class=\"widget-icon__image\"><i class=\"seres-icon seres-icon--safe\"><\/i><\/p>\n<p class=\"widget-icon__title\">Cofre<\/p>\n<\/figure><\/div>\n<div class=\"col-md-3 col-sm-4 col-xs-6\">\n<figure class=\"widget-icon widget-icon--ac\">\n<p class=\"widget-icon__image\"><i class=\"seres-icon seres-icon--ac\"><\/i><\/p>\n<p class=\"widget-icon__title\">Ar condicionado individual<\/p>\n<\/figure><\/div>\n<div class=\"col-md-3 col-sm-4 col-xs-6\">\n<figure class=\"widget-icon widget-icon--tv\">\n<p class=\"widget-icon__image\"><i class=\"seres-icon seres-icon--tv\"><\/i><\/p>\n<p class=\"widget-icon__title\">TV LCD &#8211; Antena de canais internacionais<\/p>\n<\/figure><\/div>\n<div class=\"col-md-3 col-sm-4 col-xs-6\">\n<figure class=\"widget-icon widget-icon--productos-bano\">\n<p class=\"widget-icon__image\"><i class=\"seres-icon seres-icon--bath-products\"><\/i><\/p>\n<p class=\"widget-icon__title\">Sele\u00e7\u00e3o de produtos de banho<\/p>\n<\/figure><\/div>\n<div class=\"col-md-3 col-sm-4 col-xs-6\">\n<figure class=\"widget-icon widget-icon--secador\">\n<p class=\"widget-icon__image\"><i class=\"seres-icon seres-icon--hair-dryer\"><\/i><\/p>\n<p class=\"widget-icon__title\">Secador de cabelo<\/p>\n<\/figure><\/div>\n<div class=\"col-md-3 col-sm-4 col-xs-6\">\n<figure class=\"widget-icon widget-icon--espejo\">\n<p class=\"widget-icon__image\"><i class=\"seres-icon seres-icon--mirror\"><\/i><\/p>\n<p class=\"widget-icon__title\">Espelho de aumento<\/p>\n<\/figure><\/div>\n<div class=\"col-md-3 col-sm-4 col-xs-6\">\n<figure class=\"widget-icon widget-icon--tintoreria\">\n<p class=\"widget-icon__image\"><i class=\"seres-icon seres-icon--dry-cleaner\"><\/i><\/p>\n<p class=\"widget-icon__title\">Tinturaria &#8211; Lavar e passar roupas<\/p>\n<\/figure><\/div>\n<div class=\"col-md-3 col-sm-4 col-xs-6\">\n<figure class=\"widget-icon widget-icon--lavanderia\">\n\t\t\t\t\t\t\t<a href=\"\" class=\"widget-icon__image\"><i class=\"seres-icon seres-icon--washing-machine\"><\/i><\/a>\n\t\t\t\t\t\t\t<a href=\"\" class=\"widget-icon__title\">Lavanderia self-service<\/a>\n\t\t\t\t\t\t<\/figure>\n<\/p><\/div>\n<div class=\"col-md-3 col-sm-4 col-xs-6\">\n<figure class=\"widget-icon widget-icon--plancha\">\n<p class=\"widget-icon__image\"><i class=\"seres-icon seres-icon--iron\"><\/i><\/p>\n<p class=\"widget-icon__title\">Ferro e t\u00e1bua de engomar<\/p>\n<\/figure><\/div>\n<div class=\"col-md-3 col-sm-4 col-xs-6\">\n<figure class=\"widget-icon widget-icon--room-3\">\n<p class=\"widget-icon__image\"><i class=\"seres-icon seres-icon--triple-room\"><\/i><\/p>\n<p class=\"widget-icon__title\">Quartos triplos<\/p>\n<\/figure><\/div>\n<div class=\"col-md-3 col-sm-4 col-xs-6\">\n<figure class=\"widget-icon widget-icon--room-4\">\n<p class=\"widget-icon__image\"><i class=\"seres-icon seres-icon--quadruple-room\"><\/i><\/p>\n<p class=\"widget-icon__title\">Quartos qu\u00e1druplos<\/p>\n<\/figure><\/div>\n<div class=\"col-md-3 col-sm-4 col-xs-6\">\n<figure class=\"widget-icon widget-icon--cunas\">\n<p class=\"widget-icon__image\"><i class=\"seres-icon seres-icon--cradle\"><\/i><\/p>\n<p class=\"widget-icon__title\">Ber\u00e7os (a pedido)<\/p>\n<\/figure><\/div>\n<div class=\"col-md-3 col-sm-4 col-xs-6\">\n<figure class=\"widget-icon widget-icon--albornoz\">\n<p class=\"widget-icon__image\"><i class=\"seres-icon seres-icon--bathrobe\"><\/i><\/p>\n<p class=\"widget-icon__title\">Roup\u00e3o e chinelos<br\/>(a pedido)<\/p>\n<\/figure><\/div>\n<\/p><\/div>\n<\/p><\/div>\n<\/p><\/div>\n","protected":false},"excerpt":{"rendered":"<p>Cozinha americana equipada Servi\u00e7o de limpeza di\u00e1ria WiFi de alta velocidade GRATUITO Utens\u00edlios de cozinha Kit de Limpeza para a cozinha Possibilidade de lavar lou\u00e7a (com custo adicional) Luz de leitura Fichas USB Cofre Ar condicionado individual TV LCD &#8211; Antena de canais internacionais Sele\u00e7\u00e3o de produtos de banho Secador de cabelo Espelho de aumento [&hellip;]<\/p>\n","protected":false},"author":1,"featured_media":5434,"parent":5440,"menu_order":0,"comment_status":"closed","ping_status":"closed","template":"template-aparthotel-servicios-habitaciones.php","meta":{"_joinchat":[]},"yoast_head":"<!-- This site is optimized with the Yoast SEO plugin v20.13 - https:\/\/yoast.com\/wordpress\/plugins\/seo\/ -->\n<title>SERVI\u00c7OS NOS QUARTOS |<\/title>\n<meta name=\"robots\" content=\"index, follow, max-snippet:-1, max-image-preview:large, max-video-preview:-1\" \/>\n<link rel=\"canonical\" href=\"https:\/\/www.jardinesdesabatini.com\/pt\/apartamentos-hotel\/servicos-do-hotel\/servicos-nos-quartos\/\" \/>\n<meta property=\"og:locale\" content=\"pt_PT\" \/>\n<meta property=\"og:type\" content=\"article\" \/>\n<meta property=\"og:title\" content=\"SERVI\u00c7OS NOS QUARTOS |\" \/>\n<meta property=\"og:description\" content=\"Cozinha americana equipada Servi\u00e7o de limpeza di\u00e1ria WiFi de alta velocidade GRATUITO Utens\u00edlios de cozinha Kit de Limpeza para a cozinha Possibilidade de lavar lou\u00e7a (com custo adicional) Luz de leitura Fichas USB Cofre Ar condicionado individual TV LCD &#8211; Antena de canais internacionais Sele\u00e7\u00e3o de produtos de banho Secador de cabelo Espelho de aumento [&hellip;]\" \/>\n<meta property=\"og:url\" content=\"https:\/\/www.jardinesdesabatini.com\/pt\/apartamentos-hotel\/servicos-do-hotel\/servicos-nos-quartos\/\" \/>\n<meta property=\"article:publisher\" content=\"https:\/\/www.facebook.com\/HotelJardinesDeSabatini\/\" \/>\n<meta property=\"article:modified_time\" content=\"2024-11-20T16:32:37+00:00\" \/>\n<meta property=\"og:image\" content=\"https:\/\/www.jardinesdesabatini.com\/wp-content\/uploads\/2016\/11\/header-servicios-habitaciones.jpg\" \/>\n\t<meta property=\"og:image:width\" content=\"1920\" \/>\n\t<meta property=\"og:image:height\" content=\"700\" \/>\n\t<meta property=\"og:image:type\" content=\"image\/jpeg\" \/>\n<meta name=\"twitter:card\" content=\"summary_large_image\" \/>\n<meta name=\"twitter:label1\" content=\"Est. reading time\" \/>\n\t<meta name=\"twitter:data1\" content=\"1 minute\" \/>\n<script type=\"application\/ld+json\" class=\"yoast-schema-graph\">{\"@context\":\"https:\/\/schema.org\",\"@graph\":[{\"@type\":\"WebPage\",\"@id\":\"https:\/\/www.jardinesdesabatini.com\/pt\/apartamentos-hotel\/servicos-do-hotel\/servicos-nos-quartos\/\",\"url\":\"https:\/\/www.jardinesdesabatini.com\/pt\/apartamentos-hotel\/servicos-do-hotel\/servicos-nos-quartos\/\",\"name\":\"SERVI\u00c7OS NOS QUARTOS |\",\"isPartOf\":{\"@id\":\"https:\/\/www.jardinesdesabatini.com\/en\/#website\"},\"datePublished\":\"2020-06-11T10:21:08+00:00\",\"dateModified\":\"2024-11-20T16:32:37+00:00\",\"breadcrumb\":{\"@id\":\"https:\/\/www.jardinesdesabatini.com\/pt\/apartamentos-hotel\/servicos-do-hotel\/servicos-nos-quartos\/#breadcrumb\"},\"inLanguage\":\"pt\",\"potentialAction\":[{\"@type\":\"ReadAction\",\"target\":[\"https:\/\/www.jardinesdesabatini.com\/pt\/apartamentos-hotel\/servicos-do-hotel\/servicos-nos-quartos\/\"]}]},{\"@type\":\"BreadcrumbList\",\"@id\":\"https:\/\/www.jardinesdesabatini.com\/pt\/apartamentos-hotel\/servicos-do-hotel\/servicos-nos-quartos\/#breadcrumb\",\"itemListElement\":[{\"@type\":\"ListItem\",\"position\":1,\"name\":\"Portada\",\"item\":\"https:\/\/www.jardinesdesabatini.com\/pt\/\"},{\"@type\":\"ListItem\",\"position\":2,\"name\":\"Apartamentos &#038; Hotel\",\"item\":\"https:\/\/www.jardinesdesabatini.com\/pt\/apartamentos-hotel\/\"},{\"@type\":\"ListItem\",\"position\":3,\"name\":\"SERVI\u00c7OS DO HOTEL\",\"item\":\"https:\/\/www.jardinesdesabatini.com\/pt\/apartamentos-hotel\/servicos-do-hotel\/\"},{\"@type\":\"ListItem\",\"position\":4,\"name\":\"SERVI\u00c7OS NOS QUARTOS\"}]},{\"@type\":\"WebSite\",\"@id\":\"https:\/\/www.jardinesdesabatini.com\/en\/#website\",\"url\":\"https:\/\/www.jardinesdesabatini.com\/en\/\",\"name\":\"\",\"description\":\"Alojamiento en Madrid\",\"publisher\":{\"@id\":\"https:\/\/www.jardinesdesabatini.com\/en\/#organization\"},\"potentialAction\":[{\"@type\":\"SearchAction\",\"target\":{\"@type\":\"EntryPoint\",\"urlTemplate\":\"https:\/\/www.jardinesdesabatini.com\/en\/?s={search_term_string}\"},\"query-input\":\"required name=search_term_string\"}],\"inLanguage\":\"pt\"},{\"@type\":\"Organization\",\"@id\":\"https:\/\/www.jardinesdesabatini.com\/en\/#organization\",\"name\":\"Jardines de Sabatini Apartosuites\",\"url\":\"https:\/\/www.jardinesdesabatini.com\/en\/\",\"logo\":{\"@type\":\"ImageObject\",\"inLanguage\":\"pt\",\"@id\":\"https:\/\/www.jardinesdesabatini.com\/en\/#\/schema\/logo\/image\/\",\"url\":\"https:\/\/www.jardinesdesabatini.com\/wp-content\/uploads\/2016\/11\/Logo-Verde.png\",\"contentUrl\":\"https:\/\/www.jardinesdesabatini.com\/wp-content\/uploads\/2016\/11\/Logo-Verde.png\",\"width\":500,\"height\":310,\"caption\":\"Jardines de Sabatini Apartosuites\"},\"image\":{\"@id\":\"https:\/\/www.jardinesdesabatini.com\/en\/#\/schema\/logo\/image\/\"},\"sameAs\":[\"https:\/\/www.facebook.com\/HotelJardinesDeSabatini\/\",\"https:\/\/www.instagram.com\/hotelsabatini\/\",\"https:\/\/www.linkedin.com\/company\/apartosuites-jardines-de-sabatini\",\"https:\/\/www.youtube.com\/user\/ApartosuitesJdeS\"]}]}<\/script>\n<!-- \/ Yoast SEO plugin. -->","yoast_head_json":{"title":"SERVI\u00c7OS NOS QUARTOS |","robots":{"index":"index","follow":"follow","max-snippet":"max-snippet:-1","max-image-preview":"max-image-preview:large","max-video-preview":"max-video-preview:-1"},"canonical":"https:\/\/www.jardinesdesabatini.com\/pt\/apartamentos-hotel\/servicos-do-hotel\/servicos-nos-quartos\/","og_locale":"pt_PT","og_type":"article","og_title":"SERVI\u00c7OS NOS QUARTOS |","og_description":"Cozinha americana equipada Servi\u00e7o de limpeza di\u00e1ria WiFi de alta velocidade GRATUITO Utens\u00edlios de cozinha Kit de Limpeza para a cozinha Possibilidade de lavar lou\u00e7a (com custo adicional) Luz de leitura Fichas USB Cofre Ar condicionado individual TV LCD &#8211; Antena de canais internacionais Sele\u00e7\u00e3o de produtos de banho Secador de cabelo Espelho de aumento [&hellip;]","og_url":"https:\/\/www.jardinesdesabatini.com\/pt\/apartamentos-hotel\/servicos-do-hotel\/servicos-nos-quartos\/","article_publisher":"https:\/\/www.facebook.com\/HotelJardinesDeSabatini\/","article_modified_time":"2024-11-20T16:32:37+00:00","og_image":[{"width":1920,"height":700,"url":"https:\/\/www.jardinesdesabatini.com\/wp-content\/uploads\/2016\/11\/header-servicios-habitaciones.jpg","type":"image\/jpeg"}],"twitter_card":"summary_large_image","twitter_misc":{"Est. reading time":"1 minute"},"schema":{"@context":"https:\/\/schema.org","@graph":[{"@type":"WebPage","@id":"https:\/\/www.jardinesdesabatini.com\/pt\/apartamentos-hotel\/servicos-do-hotel\/servicos-nos-quartos\/","url":"https:\/\/www.jardinesdesabatini.com\/pt\/apartamentos-hotel\/servicos-do-hotel\/servicos-nos-quartos\/","name":"SERVI\u00c7OS NOS QUARTOS |","isPartOf":{"@id":"https:\/\/www.jardinesdesabatini.com\/en\/#website"},"datePublished":"2020-06-11T10:21:08+00:00","dateModified":"2024-11-20T16:32:37+00:00","breadcrumb":{"@id":"https:\/\/www.jardinesdesabatini.com\/pt\/apartamentos-hotel\/servicos-do-hotel\/servicos-nos-quartos\/#breadcrumb"},"inLanguage":"pt","potentialAction":[{"@type":"ReadAction","target":["https:\/\/www.jardinesdesabatini.com\/pt\/apartamentos-hotel\/servicos-do-hotel\/servicos-nos-quartos\/"]}]},{"@type":"BreadcrumbList","@id":"https:\/\/www.jardinesdesabatini.com\/pt\/apartamentos-hotel\/servicos-do-hotel\/servicos-nos-quartos\/#breadcrumb","itemListElement":[{"@type":"ListItem","position":1,"name":"Portada","item":"https:\/\/www.jardinesdesabatini.com\/pt\/"},{"@type":"ListItem","position":2,"name":"Apartamentos &#038; Hotel","item":"https:\/\/www.jardinesdesabatini.com\/pt\/apartamentos-hotel\/"},{"@type":"ListItem","position":3,"name":"SERVI\u00c7OS DO HOTEL","item":"https:\/\/www.jardinesdesabatini.com\/pt\/apartamentos-hotel\/servicos-do-hotel\/"},{"@type":"ListItem","position":4,"name":"SERVI\u00c7OS NOS QUARTOS"}]},{"@type":"WebSite","@id":"https:\/\/www.jardinesdesabatini.com\/en\/#website","url":"https:\/\/www.jardinesdesabatini.com\/en\/","name":"","description":"Alojamiento en Madrid","publisher":{"@id":"https:\/\/www.jardinesdesabatini.com\/en\/#organization"},"potentialAction":[{"@type":"SearchAction","target":{"@type":"EntryPoint","urlTemplate":"https:\/\/www.jardinesdesabatini.com\/en\/?s={search_term_string}"},"query-input":"required name=search_term_string"}],"inLanguage":"pt"},{"@type":"Organization","@id":"https:\/\/www.jardinesdesabatini.com\/en\/#organization","name":"Jardines de Sabatini Apartosuites","url":"https:\/\/www.jardinesdesabatini.com\/en\/","logo":{"@type":"ImageObject","inLanguage":"pt","@id":"https:\/\/www.jardinesdesabatini.com\/en\/#\/schema\/logo\/image\/","url":"https:\/\/www.jardinesdesabatini.com\/wp-content\/uploads\/2016\/11\/Logo-Verde.png","contentUrl":"https:\/\/www.jardinesdesabatini.com\/wp-content\/uploads\/2016\/11\/Logo-Verde.png","width":500,"height":310,"caption":"Jardines de Sabatini Apartosuites"},"image":{"@id":"https:\/\/www.jardinesdesabatini.com\/en\/#\/schema\/logo\/image\/"},"sameAs":["https:\/\/www.facebook.com\/HotelJardinesDeSabatini\/","https:\/\/www.instagram.com\/hotelsabatini\/","https:\/\/www.linkedin.com\/company\/apartosuites-jardines-de-sabatini","https:\/\/www.youtube.com\/user\/ApartosuitesJdeS"]}]}},"_links":{"self":[{"href":"https:\/\/www.jardinesdesabatini.com\/pt\/wp-json\/wp\/v2\/pages\/5433"}],"collection":[{"href":"https:\/\/www.jardinesdesabatini.com\/pt\/wp-json\/wp\/v2\/pages"}],"about":[{"href":"https:\/\/www.jardinesdesabatini.com\/pt\/wp-json\/wp\/v2\/types\/page"}],"author":[{"embeddable":true,"href":"https:\/\/www.jardinesdesabatini.com\/pt\/wp-json\/wp\/v2\/users\/1"}],"replies":[{"embeddable":true,"href":"https:\/\/www.jardinesdesabatini.com\/pt\/wp-json\/wp\/v2\/comments?post=5433"}],"version-history":[{"count":1,"href":"https:\/\/www.jardinesdesabatini.com\/pt\/wp-json\/wp\/v2\/pages\/5433\/revisions"}],"predecessor-version":[{"id":6090,"href":"https:\/\/www.jardinesdesabatini.com\/pt\/wp-json\/wp\/v2\/pages\/5433\/revisions\/6090"}],"up":[{"embeddable":true,"href":"https:\/\/www.jardinesdesabatini.com\/pt\/wp-json\/wp\/v2\/pages\/5440"}],"wp:featuredmedia":[{"embeddable":true,"href":"https:\/\/www.jardinesdesabatini.com\/pt\/wp-json\/wp\/v2\/media\/5434"}],"wp:attachment":[{"href":"https:\/\/www.jardinesdesabatini.com\/pt\/wp-json\/wp\/v2\/media?parent=5433"}],"curies":[{"name":"wp","href":"https:\/\/api.w.org\/{rel}","templated":true}]}}