{"id":5496,"date":"2020-06-15T09:39:26","date_gmt":"2020-06-15T09:39:26","guid":{"rendered":"https:\/\/www.jardinesdesabatini.com\/?page_id=5496"},"modified":"2020-06-15T09:39:26","modified_gmt":"2020-06-15T09:39:26","slug":"apartamentos-hotel","status":"publish","type":"page","link":"https:\/\/www.jardinesdesabatini.com\/pt\/apartamentos-hotel\/","title":{"rendered":"Apartamentos &#038; Hotel"},"content":{"rendered":"<div class=\"block block--fit block--big\">\n<div class=\"container\">\n<header class=\"block-header block-header--border\">\n<h2 class=\"block-header__title wow fadeInDown\">APARTAMENTOS DE DESENHO COM SERVI\u00c7OS DE HOTEL EM FRENTE AO PALACIO REAL<\/h2>\n<\/header>\n<article class=\"post align-center wow fadeInUp\">\n<p>Desfrute do conforto e espa\u00e7o de um apartamento com os servi\u00e7os de um hotel. Este encantador Aparthotel possui est\u00fadios e su\u00edtes com cozinhas americanas. A equipe da recep\u00e7\u00e3o e portaria est\u00e1 dispon\u00edvel 24 horas por dia. A acomoda\u00e7\u00e3o ideal para casais e fam\u00edlias com crian\u00e7as que desejam desfrutar de uma experi\u00eancia \u00fanica no centro de Madrid.<\/p>\n<\/article>\n<\/div>\n<\/div>\n<div class=\"row\">\n<div class=\"col-md-6 g-0\">\n<figure class=\"feat-center feat-full feat-full--simple feat-full--mobile wow tdExpandIn\" style=\"background-image: url('https:\/\/www.jardinesdesabatini.com\/wp-content\/themes\/sabatini\/images\/aparthotel\/feat\/feat-1.jpg');\" data-wow-delay=\"300ms\">\n<div class=\"feat-full__col feat-full__col--link feat-full__col--secondary feat-full--mobile__default\">\n<div class=\"feat__body\">\n<h2 class=\"feat__body-title\">APARTAHOTEL COM QUARTOS GRANDES E CONFORT\u00c1VEIS E DOTADOS DE COZINHA<\/h2>\n<article class=\"feat__body-desc post align-center\"><span style=\"font-size: 12pt;\">Modernos est\u00fadios e su\u00edtes com acomodo para at\u00e9 4 pessoas. Quartos de desenho, com cozinhas americanas totalmente equipadas, que oferecem conforto e versatilidade para a sua estadia em Madrid. Ideais para uma escapadela de fim de semana, uma estadia prolongada ou uma estadia para fam\u00edlias com crian\u00e7as.<\/span><\/article>\n<\/div>\n<\/div>\n<div class=\"feat-full--mobile__container\" data-seres-role=\"toggle\">\n<div class=\"feat-full--mobile__header\" style=\"background-image: url('https:\/\/www.jardinesdesabatini.com\/wp-content\/themes\/sabatini\/images\/aparthotel\/feat\/feat-1.jpg');\" data-toggle-role=\"trigger\">\n<h2 class=\"feat__body-title\">Apartahotel con amplias y c\u00f3modas habitaciones con cocina<\/h2>\n<\/div>\n<div class=\"feat-full--mobile__content\" data-toggle-role=\"target\">\n<article class=\"post align-center\">Modernos estudios y suites con capacidad de hasta 4 personas. Habitaciones de dise\u00f1o, con cocina americana totalmente equipada, que ofrecen comodidad y versatilidad para su estancia en Madrid. Ideales para una escapada de fin de semana, una estancia prolongada o una estancia para familias con ni\u00f1os.<\/article>\n<\/div>\n<\/div>\n<\/figure>\n<\/div>\n<div class=\"col-md-6 g-0\">\n<figure class=\"feat-center feat-full feat-full--simple feat-full--mobile wow tdExpandIn\" style=\"background-image: url('https:\/\/www.jardinesdesabatini.com\/wp-content\/themes\/sabatini\/images\/aparthotel\/feat-servicios\/feat-1.jpg');\" data-wow-delay=\"600ms\">\n<div class=\"feat-full__col feat-full__col--link feat-full__col--secondary feat-full--mobile__default\">\n<div class=\"feat__body\">\n<h2 class=\"feat__body-title\">OS SERVI\u00c7OS DE UM HOTEL COM AS VANTAGENS DE UM APARTAMENTO<\/h2>\n<article class=\"feat__body-desc post align-center\">O cliente que procura conforto, quartos espa\u00e7osos, um bom atendimento personalizado e maior liberdade nos seus alojamento, encontrar\u00e1 o local ideal no centro de Madrid. Entre outros servi\u00e7os incluem-se WiFi gratuito de alta velocidade, limpeza di\u00e1ria dos quartos, servi\u00e7o de recep\u00e7\u00e3o 24 horas, etc.<\/article>\n<\/div>\n<\/div>\n<div class=\"feat-full--mobile__container\" data-seres-role=\"toggle\">\n<div class=\"feat-full--mobile__header\" style=\"background-image: url('https:\/\/www.jardinesdesabatini.com\/wp-content\/themes\/sabatini\/images\/aparthotel\/feat-servicios\/feat-1.jpg');\" data-toggle-role=\"trigger\">\n<h2 class=\"feat__body-title\">Los servicios de un hotel con las ventajas de un apartamento<\/h2>\n<\/div>\n<div class=\"feat-full--mobile__content\" data-toggle-role=\"target\">\n<article class=\"post align-center\">El cliente que busca comodidad, amplias habitaciones, un buen trato personalizado y mayor libertad en su alojamiento, encontrar\u00e1 el lugar ideal en pleno centro de Madrid. Entre otros tiene incluidos servicios como WIFI gratis de alta velocidad, limpieza diaria de habitaciones, cambio de toallas y s\u00e1banas, etc.<\/article>\n<\/div>\n<\/div>\n<\/figure>\n<\/div>\n<div class=\"col-md-6 g-0\">\n<figure class=\"feat-center feat-full feat-full--simple feat-full--mobile wow tdExpandIn\" style=\"background-image: url('https:\/\/www.jardinesdesabatini.com\/wp-content\/themes\/sabatini\/images\/museo\/feat\/feat-2.jpg');\" data-wow-delay=\"600ms\">\n<div class=\"feat-full__col feat-full__col--link feat-full__col--secondary feat-full--mobile__default\">\n<div class=\"feat__body\">\n<h2 class=\"feat__body-title\">VIVA EXPERI\u00caNCIAS \u00daNICAS NESTE HOTEL BOUTIQUE<\/h2>\n<article class=\"feat__body-desc post align-center\">Aparthotel de charme, onde voc\u00ea pode desfrutar do terra\u00e7o com as melhores vistas do Pal\u00e1cio Real, experimentar uma viagem a Madrid de in\u00edcio do s\u00e9culo XX atrav\u00e9s da nossa cole\u00e7\u00e3o de carros antigos e admirar a arte de jovens artistas espanh\u00f3is como Cristina Gam\u00f3n e o grupo de Arte urbana de BOAMISTURA.<\/article>\n<\/div>\n<\/div>\n<div class=\"feat-full--mobile__container\" data-seres-role=\"toggle\">\n<div class=\"feat-full--mobile__header\" style=\"background-image: url('https:\/\/www.jardinesdesabatini.com\/wp-content\/themes\/sabatini\/images\/museo\/feat\/feat-2.jpg');\" data-toggle-role=\"trigger\">\n<h2 class=\"feat__body-title\">Hotel boutique que ofrece experiencias \u00fanicas<\/h2>\n<\/div>\n<div class=\"feat-full--mobile__content\" data-toggle-role=\"target\">\n<article class=\"post align-center\">Aparthotel con encanto donde disfrutar de la terraza con las mejores vistas del Palacio Real, experimentar un viaje al Madrid de principios del siglo XX a trav\u00e9s de nuestra colecci\u00f3n de veh\u00edculos de \u00e9poca y admirar el arte de j\u00f3venes artistas espa\u00f1oles como Cristina Gam\u00f3n y el grupo de arte urbano BOAMISTURA.<\/article>\n<\/div>\n<\/div>\n<\/figure>\n<\/div>\n<div class=\"col-md-6 g-0\">\n<figure class=\"feat-center feat-full feat-full--simple feat-full--mobile wow tdExpandIn\" style=\"background-image: url('https:\/\/www.jardinesdesabatini.com\/wp-content\/themes\/sabatini\/images\/aparthotel\/feat\/feat-4.jpg');\" data-wow-delay=\"900ms\">\n<div class=\"feat-full__col feat-full__col--link feat-full__col--secondary feat-full--mobile__default\">\n<div class=\"feat__body\">\n<h2 class=\"feat__body-title\">NO CENTRO DE MADRID, PERTO DA GRAN V\u00cdA E PRA\u00c7A DE ESPANHA<\/h2>\n<article class=\"feat__body-desc post align-center\">A nossa localiza\u00e7\u00e3o \u00e9 ideal para visitar o centro hist\u00f3rico, participar de atividades culturais, apreciar os espet\u00e1culos da Gran V\u00eda e do Teatro Prince Pio ou fazer compras no centro de Madrid. Localizado em frente ao Pal\u00e1cio Real e apenas a 7 minutos a p\u00e9 da esta\u00e7\u00e3o de metr\u00f4 Plaza de Espa\u00f1a e do Pr\u00edncipe P\u00edo.<\/article>\n<\/div>\n<\/div>\n<div class=\"feat-full--mobile__container\" data-seres-role=\"toggle\">\n<div class=\"feat-full--mobile__header\" style=\")\" data-toggle-role=\"trigger\">\n<h2 class=\"feat__body-title\">En el centro de Madrid, cerca de Gran V\u00eda y frente al Palacio Real<\/h2>\n<\/div>\n<div class=\"feat-full--mobile__content\" data-toggle-role=\"target\">\n<article class=\"post align-center\">Nuestra ubicaci\u00f3n es ideal para visitar el centro hist\u00f3rico, realizar actividades culturales, disfrutar de los espect\u00e1culos de la Gran V\u00eda y del Teatro Principe P\u00edo o irse de compras por el centro de Madrid. Ubicados frente al Palacio Real y a solo 5 minutos a pie de la estaci\u00f3n de metro de Plaza de Espa\u00f1a y de Principe P\u00edo.<\/article>\n<\/div>\n<\/div>\n<\/figure>\n<\/div>\n<\/div>\n","protected":false},"excerpt":{"rendered":"<p>APARTAMENTOS DE DESENHO COM SERVI\u00c7OS DE HOTEL EM FRENTE AO PALACIO REAL Desfrute do conforto e espa\u00e7o de um apartamento com os servi\u00e7os de um hotel. Este encantador Aparthotel possui est\u00fadios e su\u00edtes com cozinhas americanas. A equipe da recep\u00e7\u00e3o e portaria est\u00e1 dispon\u00edvel 24 horas por dia. A acomoda\u00e7\u00e3o ideal para casais e fam\u00edlias [&hellip;]<\/p>\n","protected":false},"author":1,"featured_media":5500,"parent":0,"menu_order":0,"comment_status":"closed","ping_status":"closed","template":"template-aparthotel-aparthotel-apartaments.php","meta":{"_joinchat":[]},"yoast_head":"<!-- This site is optimized with the Yoast SEO plugin v20.13 - https:\/\/yoast.com\/wordpress\/plugins\/seo\/ -->\n<title>Apartamentos &amp; Hotel |<\/title>\n<meta name=\"robots\" content=\"index, follow, max-snippet:-1, max-image-preview:large, max-video-preview:-1\" \/>\n<link rel=\"canonical\" href=\"https:\/\/www.jardinesdesabatini.com\/pt\/apartamentos-hotel\/\" \/>\n<meta property=\"og:locale\" content=\"pt_PT\" \/>\n<meta property=\"og:type\" content=\"article\" \/>\n<meta property=\"og:title\" content=\"Apartamentos &amp; Hotel |\" \/>\n<meta property=\"og:description\" content=\"APARTAMENTOS DE DESENHO COM SERVI\u00c7OS DE HOTEL EM FRENTE AO PALACIO REAL Desfrute do conforto e espa\u00e7o de um apartamento com os servi\u00e7os de um hotel. Este encantador Aparthotel possui est\u00fadios e su\u00edtes com cozinhas americanas. A equipe da recep\u00e7\u00e3o e portaria est\u00e1 dispon\u00edvel 24 horas por dia. A acomoda\u00e7\u00e3o ideal para casais e fam\u00edlias [&hellip;]\" \/>\n<meta property=\"og:url\" content=\"https:\/\/www.jardinesdesabatini.com\/pt\/apartamentos-hotel\/\" \/>\n<meta property=\"article:publisher\" content=\"https:\/\/www.facebook.com\/HotelJardinesDeSabatini\/\" \/>\n<meta property=\"og:image\" content=\"https:\/\/www.jardinesdesabatini.com\/wp-content\/uploads\/2016\/11\/header-9.jpg\" \/>\n\t<meta property=\"og:image:width\" content=\"1920\" \/>\n\t<meta property=\"og:image:height\" content=\"700\" \/>\n\t<meta property=\"og:image:type\" content=\"image\/jpeg\" \/>\n<meta name=\"twitter:card\" content=\"summary_large_image\" \/>\n<meta name=\"twitter:label1\" content=\"Est. reading time\" \/>\n\t<meta name=\"twitter:data1\" content=\"3 minutes\" \/>\n<script type=\"application\/ld+json\" class=\"yoast-schema-graph\">{\"@context\":\"https:\/\/schema.org\",\"@graph\":[{\"@type\":\"WebPage\",\"@id\":\"https:\/\/www.jardinesdesabatini.com\/pt\/apartamentos-hotel\/\",\"url\":\"https:\/\/www.jardinesdesabatini.com\/pt\/apartamentos-hotel\/\",\"name\":\"Apartamentos & Hotel |\",\"isPartOf\":{\"@id\":\"https:\/\/www.jardinesdesabatini.com\/en\/#website\"},\"datePublished\":\"2020-06-15T09:39:26+00:00\",\"dateModified\":\"2020-06-15T09:39:26+00:00\",\"breadcrumb\":{\"@id\":\"https:\/\/www.jardinesdesabatini.com\/pt\/apartamentos-hotel\/#breadcrumb\"},\"inLanguage\":\"pt\",\"potentialAction\":[{\"@type\":\"ReadAction\",\"target\":[\"https:\/\/www.jardinesdesabatini.com\/pt\/apartamentos-hotel\/\"]}]},{\"@type\":\"BreadcrumbList\",\"@id\":\"https:\/\/www.jardinesdesabatini.com\/pt\/apartamentos-hotel\/#breadcrumb\",\"itemListElement\":[{\"@type\":\"ListItem\",\"position\":1,\"name\":\"Portada\",\"item\":\"https:\/\/www.jardinesdesabatini.com\/pt\/\"},{\"@type\":\"ListItem\",\"position\":2,\"name\":\"Apartamentos &#038; Hotel\"}]},{\"@type\":\"WebSite\",\"@id\":\"https:\/\/www.jardinesdesabatini.com\/en\/#website\",\"url\":\"https:\/\/www.jardinesdesabatini.com\/en\/\",\"name\":\"\",\"description\":\"Alojamiento en Madrid\",\"publisher\":{\"@id\":\"https:\/\/www.jardinesdesabatini.com\/en\/#organization\"},\"potentialAction\":[{\"@type\":\"SearchAction\",\"target\":{\"@type\":\"EntryPoint\",\"urlTemplate\":\"https:\/\/www.jardinesdesabatini.com\/en\/?s={search_term_string}\"},\"query-input\":\"required name=search_term_string\"}],\"inLanguage\":\"pt\"},{\"@type\":\"Organization\",\"@id\":\"https:\/\/www.jardinesdesabatini.com\/en\/#organization\",\"name\":\"Jardines de Sabatini Apartosuites\",\"url\":\"https:\/\/www.jardinesdesabatini.com\/en\/\",\"logo\":{\"@type\":\"ImageObject\",\"inLanguage\":\"pt\",\"@id\":\"https:\/\/www.jardinesdesabatini.com\/en\/#\/schema\/logo\/image\/\",\"url\":\"https:\/\/www.jardinesdesabatini.com\/wp-content\/uploads\/2016\/11\/Logo-Verde.png\",\"contentUrl\":\"https:\/\/www.jardinesdesabatini.com\/wp-content\/uploads\/2016\/11\/Logo-Verde.png\",\"width\":500,\"height\":310,\"caption\":\"Jardines de Sabatini Apartosuites\"},\"image\":{\"@id\":\"https:\/\/www.jardinesdesabatini.com\/en\/#\/schema\/logo\/image\/\"},\"sameAs\":[\"https:\/\/www.facebook.com\/HotelJardinesDeSabatini\/\",\"https:\/\/www.instagram.com\/hotelsabatini\/\",\"https:\/\/www.linkedin.com\/company\/apartosuites-jardines-de-sabatini\",\"https:\/\/www.youtube.com\/user\/ApartosuitesJdeS\"]}]}<\/script>\n<!-- \/ Yoast SEO plugin. -->","yoast_head_json":{"title":"Apartamentos & Hotel |","robots":{"index":"index","follow":"follow","max-snippet":"max-snippet:-1","max-image-preview":"max-image-preview:large","max-video-preview":"max-video-preview:-1"},"canonical":"https:\/\/www.jardinesdesabatini.com\/pt\/apartamentos-hotel\/","og_locale":"pt_PT","og_type":"article","og_title":"Apartamentos & Hotel |","og_description":"APARTAMENTOS DE DESENHO COM SERVI\u00c7OS DE HOTEL EM FRENTE AO PALACIO REAL Desfrute do conforto e espa\u00e7o de um apartamento com os servi\u00e7os de um hotel. Este encantador Aparthotel possui est\u00fadios e su\u00edtes com cozinhas americanas. A equipe da recep\u00e7\u00e3o e portaria est\u00e1 dispon\u00edvel 24 horas por dia. A acomoda\u00e7\u00e3o ideal para casais e fam\u00edlias [&hellip;]","og_url":"https:\/\/www.jardinesdesabatini.com\/pt\/apartamentos-hotel\/","article_publisher":"https:\/\/www.facebook.com\/HotelJardinesDeSabatini\/","og_image":[{"width":1920,"height":700,"url":"https:\/\/www.jardinesdesabatini.com\/wp-content\/uploads\/2016\/11\/header-9.jpg","type":"image\/jpeg"}],"twitter_card":"summary_large_image","twitter_misc":{"Est. reading time":"3 minutes"},"schema":{"@context":"https:\/\/schema.org","@graph":[{"@type":"WebPage","@id":"https:\/\/www.jardinesdesabatini.com\/pt\/apartamentos-hotel\/","url":"https:\/\/www.jardinesdesabatini.com\/pt\/apartamentos-hotel\/","name":"Apartamentos & Hotel |","isPartOf":{"@id":"https:\/\/www.jardinesdesabatini.com\/en\/#website"},"datePublished":"2020-06-15T09:39:26+00:00","dateModified":"2020-06-15T09:39:26+00:00","breadcrumb":{"@id":"https:\/\/www.jardinesdesabatini.com\/pt\/apartamentos-hotel\/#breadcrumb"},"inLanguage":"pt","potentialAction":[{"@type":"ReadAction","target":["https:\/\/www.jardinesdesabatini.com\/pt\/apartamentos-hotel\/"]}]},{"@type":"BreadcrumbList","@id":"https:\/\/www.jardinesdesabatini.com\/pt\/apartamentos-hotel\/#breadcrumb","itemListElement":[{"@type":"ListItem","position":1,"name":"Portada","item":"https:\/\/www.jardinesdesabatini.com\/pt\/"},{"@type":"ListItem","position":2,"name":"Apartamentos &#038; Hotel"}]},{"@type":"WebSite","@id":"https:\/\/www.jardinesdesabatini.com\/en\/#website","url":"https:\/\/www.jardinesdesabatini.com\/en\/","name":"","description":"Alojamiento en Madrid","publisher":{"@id":"https:\/\/www.jardinesdesabatini.com\/en\/#organization"},"potentialAction":[{"@type":"SearchAction","target":{"@type":"EntryPoint","urlTemplate":"https:\/\/www.jardinesdesabatini.com\/en\/?s={search_term_string}"},"query-input":"required name=search_term_string"}],"inLanguage":"pt"},{"@type":"Organization","@id":"https:\/\/www.jardinesdesabatini.com\/en\/#organization","name":"Jardines de Sabatini Apartosuites","url":"https:\/\/www.jardinesdesabatini.com\/en\/","logo":{"@type":"ImageObject","inLanguage":"pt","@id":"https:\/\/www.jardinesdesabatini.com\/en\/#\/schema\/logo\/image\/","url":"https:\/\/www.jardinesdesabatini.com\/wp-content\/uploads\/2016\/11\/Logo-Verde.png","contentUrl":"https:\/\/www.jardinesdesabatini.com\/wp-content\/uploads\/2016\/11\/Logo-Verde.png","width":500,"height":310,"caption":"Jardines de Sabatini Apartosuites"},"image":{"@id":"https:\/\/www.jardinesdesabatini.com\/en\/#\/schema\/logo\/image\/"},"sameAs":["https:\/\/www.facebook.com\/HotelJardinesDeSabatini\/","https:\/\/www.instagram.com\/hotelsabatini\/","https:\/\/www.linkedin.com\/company\/apartosuites-jardines-de-sabatini","https:\/\/www.youtube.com\/user\/ApartosuitesJdeS"]}]}},"_links":{"self":[{"href":"https:\/\/www.jardinesdesabatini.com\/pt\/wp-json\/wp\/v2\/pages\/5496"}],"collection":[{"href":"https:\/\/www.jardinesdesabatini.com\/pt\/wp-json\/wp\/v2\/pages"}],"about":[{"href":"https:\/\/www.jardinesdesabatini.com\/pt\/wp-json\/wp\/v2\/types\/page"}],"author":[{"embeddable":true,"href":"https:\/\/www.jardinesdesabatini.com\/pt\/wp-json\/wp\/v2\/users\/1"}],"replies":[{"embeddable":true,"href":"https:\/\/www.jardinesdesabatini.com\/pt\/wp-json\/wp\/v2\/comments?post=5496"}],"version-history":[{"count":2,"href":"https:\/\/www.jardinesdesabatini.com\/pt\/wp-json\/wp\/v2\/pages\/5496\/revisions"}],"predecessor-version":[{"id":5498,"href":"https:\/\/www.jardinesdesabatini.com\/pt\/wp-json\/wp\/v2\/pages\/5496\/revisions\/5498"}],"wp:featuredmedia":[{"embeddable":true,"href":"https:\/\/www.jardinesdesabatini.com\/pt\/wp-json\/wp\/v2\/media\/5500"}],"wp:attachment":[{"href":"https:\/\/www.jardinesdesabatini.com\/pt\/wp-json\/wp\/v2\/media?parent=5496"}],"curies":[{"name":"wp","href":"https:\/\/api.w.org\/{rel}","templated":true}]}}